 {"id":7208,"date":"2026-02-16T16:55:35","date_gmt":"2026-02-16T16:55:35","guid":{"rendered":"https:\/\/crynoline.pl\/?page_id=7208"},"modified":"2026-02-16T16:55:36","modified_gmt":"2026-02-16T16:55:36","slug":"zebriky-pro-kryty","status":"publish","type":"page","link":"https:\/\/crynoline.pl\/cs\/zebriky-pro-kryty\/","title":{"rendered":"\u017deb\u0159\u00edky pro kryty"},"content":{"rendered":"<style>\n<p>    .entry-title, .page-title, .post-title, h1.wp-block-post-title {\n        display: none !important;\n    }<\/p>\n<p>    #content, .site-content, .content-area {\n        padding-top: 0 !important;\n        margin-top: 0 !important;\n    }<\/p>\n<p>    .page-header, #page-header {\n        display: none !important;\n        margin: 0 !important;\n        padding: 0 !important;\n        height: 0 !important;\n    }\n<\/style>\n<div class=\"alignfull\" style=\"  height: 299px; max-height: 299px; width: 100vw; position: relative; left: 50%; right: 50%; margin-left: -50vw; margin-right: -50vw; overflow: hidden; background-color: #000; display: flex; align-items: center; margin-top: -90px; padding: 0; z-index: 10;  \">\n    <img decoding=\"async\" src=\"https:\/\/crynoline.pl\/wp-content\/uploads\/2025\/12\/Gemini_Generated_Image_odfn43odfn43odfn-scaled.jpg\" alt=\"\" style=\"  position: absolute; top: 0; left: 0; width: 100%; height: 100%; object-fit: cover; opacity: 0.4; z-index: 1;  \"><\/p>\n<div style=\"  position: relative; z-index: 2; width: 100%; max-width: 1200px; margin: 0 auto; padding-left: 20px; padding-right: 20px;  \">\n<h1 style=\"  font-family: 'Montserrat', sans-serif; color: #ce171f; text-transform: uppercase; font-weight: 400; font-size: 48px; line-height: 1.2; letter-spacing: 1px; margin: 0; text-align: left;  \">\u017dEB\u0158\u00cdKY PRO KRYTY, \u00daKRYTY A MDS<\/h1>\n<\/p><\/div>\n<\/div>\n<div class=\"wp-block-spacer\" style=\"height: 60px;\" aria-hidden=\"true\"><\/div>\n<h4 class=\"wp-block-heading\"><strong>Kdy mus\u00ed\u0161 namontovat \u017eeb\u0159\u00edk? (Tv\u00e9 pr\u00e1vn\u00ed povinnosti) <\/strong><\/h4>\n<p>V souladu s pr\u00e1vn\u00edmi p\u0159edpisy, kter\u00e9 vstoupily v platnost v \u010dervenci a listopadu 2025, jsou pr\u016fchoz\u00ed evakua\u010dn\u00ed \u0161achty kl\u00ed\u010dov\u00fdm bezpe\u010dnostn\u00edm prvkem.<\/p>\n<div class=\"wp-block-columns\" style=\"align-items: stretch; gap: 30px;\">\n<div class=\"wp-block-column\" style=\"display: flex; flex-direction: column;\">\n<p><strong>1. Adaptace sklep\u016f a gar\u00e1\u017e\u00ed (MDS)<\/strong><\/p>\n<p>Pro M\u00edsta do\u010dasn\u00e9ho \u00fakrytu (MDS) ve st\u00e1vaj\u00edc\u00edch budov\u00e1ch (nap\u0159. v bytov\u00fdch domech), v p\u0159\u00edpad\u011b v\u00fdchodu nouzovou \u0161achtou, z\u00e1kon vy\u017eaduje jej\u00ed trval\u00e9 vybaven\u00ed.<\/p>\n<div style=\"background-color: #f9f9f9; border-left: 4px solid #d32f2f; padding: 20px; margin-top: auto; flex-grow: 1; display: flex; align-items: center;\">\n<p style=\"margin: 0; font-size: 14px; color: #333;\">\n                <strong>Pr\u00e1vn\u00ed z\u00e1klad:<\/strong> \u00a7 6 odst. 5 bod 2 p\u00edsm. a na\u0159\u00edzen\u00ed Ministerstva vnitra a spr\u00e1vy (Sb. z\u00e1kon\u016f, polo\u017eka 932) na\u0159izuje, aby \u0161achta m\u011bla <em>\u201e\u017eeb\u0159\u00edk nebo stupadla, trvale upevn\u011bn\u00e1 ke konstrukci \u0161achty\u201c<\/em>.\n            <\/p>\n<\/p><\/div>\n<\/p><\/div>\n<div class=\"wp-block-column\" style=\"display: flex; flex-direction: column;\">\n<p><strong>2. Nov\u00e9 kryty a \u00fakryty (do 300 osob)<\/strong><\/p>\n<p>Pro nov\u00e9 investice p\u0159edpisy umo\u017e\u0148uj\u00ed upustit od schodi\u0161t\u011b ve prosp\u011bch \u017eeb\u0159\u00edku v \u0161acht\u011b n\u00e1hradn\u00edho v\u00fdchodu pro z\u00f3ny s kapacitou do 300 osob.<\/p>\n<div style=\"background-color: #f9f9f9; border-left: 4px solid #d32f2f; padding: 20px; margin-top: auto; flex-grow: 1; display: flex; align-items: center;\">\n<p style=\"margin: 0; font-size: 14px; color: #333;\">\n                <strong>Pr\u00e1vn\u00ed z\u00e1klad:<\/strong> \u00a7 22 odst. 5 na\u0159\u00edzen\u00ed Ministerstva vnitra a spr\u00e1vy (Sb. z\u00e1kon\u016f, polo\u017eka 1548) p\u0159ipou\u0161t\u00ed \u0161achtu n\u00e1hradn\u00edho v\u00fdchodu vybavenou <em>\u201e\u017eeb\u0159\u00edkem nebo stupadly\u201c<\/em>.\n            <\/p>\n<\/p><\/div>\n<\/p><\/div>\n<\/div>\n<div class=\"wp-block-spacer\" style=\"height: 40px;\" aria-hidden=\"true\"><\/div>\n<h2 class=\"wp-block-heading has-text-align-left\"><strong>Certifikovan\u00e9 \u017eeb\u0159\u00edky pro kryty a \u00fakryty<\/strong><\/h2>\n<p>Zaji\u0161\u0165ujeme bezpe\u010dn\u00fd a p\u0159edpis\u016fm odpov\u00eddaj\u00edc\u00ed p\u0159\u00edstup k evakua\u010dn\u00edm v\u00fdchod\u016fm. Na\u0161e \u017eeb\u0159\u00edky jsou vyr\u00e1b\u011bny v souladu s po\u017eadavky na\u0159\u00edzen\u00ed o Technick\u00fdch podm\u00ednk\u00e1ch pro ochrann\u00e9 stavby. Nab\u00edz\u00edme \u0161irokou \u0161k\u00e1lu standardn\u00edch produkt\u016f a \u0159e\u0161en\u00ed na m\u00edru.  <\/p>\n<p>Nov\u00e9 p\u0159edpisy civiln\u00ed obrany ukl\u00e1daj\u00ed spr\u00e1vc\u016fm a investor\u016fm povinnost zajistit bezpe\u010dn\u00e9 evakua\u010dn\u00ed v\u00fdchody z ochrann\u00fdch objekt\u016f. Nab\u00edz\u00edme certifikovan\u00e9, syst\u00e9mov\u00e9 <strong>\u017eeb\u0159\u00edky pro kryty<\/strong>, kter\u00e9 spl\u0148uj\u00ed p\u0159\u00edsn\u00e9 po\u017eadavky na\u0159\u00edzen\u00ed o M\u00edstech do\u010dasn\u00e9ho \u00fakrytu (MDS) a Technick\u00fdch podm\u00ednk\u00e1ch pro ochrann\u00e9 stavby. <\/p>\n<div class=\"wp-block-spacer\" style=\"height: 40px;\" aria-hidden=\"true\"><\/div>\n<hr class=\"wp-block-separator aligncenter has-alpha-channel-opacity\">\n<div class=\"wp-block-columns are-vertically-aligned-center\">\n<div class=\"wp-block-column\">\n<h4 class=\"wp-block-heading\"><strong>Pro\u010d syst\u00e9mov\u00fd \u017eeb\u0159\u00edk Crynoline\u00ae?<\/strong><\/h4>\n<p>V\u00fdb\u011brem syst\u00e9mu Crynoline\u00ae z\u00edsk\u00e1\u0161 v\u00fdhodu oproti mont\u00e1\u017ei jednotliv\u00fdch stupadel:<\/p>\n<ul style=\"list-style: none; padding-left: 0; margin-left: 0;\">\n<li style=\"display: flex; align-items: flex-start; margin-bottom: 12px;\">\n                <svg xmlns=\"http:\/\/www.w3.org\/2000\/svg\" width=\"24\" height=\"24\" viewbox=\"0 0 24 24\" fill=\"#bbbbbb\" style=\"min-width: 24px; margin-right: 10px; margin-top: -2px;\"><path d=\"M10 6L8.59 7.41 13.17 12l-4.58 4.59L10 18l6-6z\"\/><\/svg><br \/>\n                <span><strong>Bleskov\u00e1 mont\u00e1\u017e:<\/strong> Hotov\u00fd, spojen\u00fd prvek nam\u00edsto vrt\u00e1n\u00ed des\u00edtek otvor\u016f pro stupadla.<\/span>\n            <\/li>\n<li style=\"display: flex; align-items: flex-start; margin-bottom: 12px;\">\n                <svg xmlns=\"http:\/\/www.w3.org\/2000\/svg\" width=\"24\" height=\"24\" viewbox=\"0 0 24 24\" fill=\"#bbbbbb\" style=\"min-width: 24px; margin-right: 10px; margin-top: -2px;\"><path d=\"M10 6L8.59 7.41 13.17 12l-4.58 4.59L10 18l6-6z\"\/><\/svg><br \/>\n                <span><strong>Jistota technick\u00e9 p\u0159ej\u00edmky:<\/strong> Spl\u0148ujeme definici \u201etrval\u00e9ho upevn\u011bn\u00ed\u201c a dod\u00e1v\u00e1me dokumentaci.<\/span>\n            <\/li>\n<li style=\"display: flex; align-items: flex-start; margin-bottom: 12px;\">\n                <svg xmlns=\"http:\/\/www.w3.org\/2000\/svg\" width=\"24\" height=\"24\" viewbox=\"0 0 24 24\" fill=\"#bbbbbb\" style=\"min-width: 24px; margin-right: 10px; margin-top: -2px;\"><path d=\"M10 6L8.59 7.41 13.17 12l-4.58 4.59L10 18l6-6z\"\/><\/svg><br \/>\n                <span><strong>Bezpe\u010dnost evakuace:<\/strong> Pevn\u00e9 bo\u010dnice (strany) zaji\u0161\u0165uj\u00ed bezpe\u010dn\u00fd \u00fachop rukou.<\/span>\n            <\/li>\n<li style=\"display: flex; align-items: flex-start; margin-bottom: 12px;\">\n                <svg xmlns=\"http:\/\/www.w3.org\/2000\/svg\" width=\"24\" height=\"24\" viewbox=\"0 0 24 24\" fill=\"#bbbbbb\" style=\"min-width: 24px; margin-right: 10px; margin-top: -2px;\"><path d=\"M10 6L8.59 7.41 13.17 12l-4.58 4.59L10 18l6-6z\"\/><\/svg><br \/>\n                <span><strong>Odolnost proti vlhkosti:<\/strong> Hlin\u00edk a pozinkovan\u00e1 ocel nerezav\u00ed ve vlhk\u00fdch \u0161acht\u00e1ch.<\/span>\n            <\/li>\n<\/ul><\/div>\n<div class=\"wp-block-column is-vertically-aligned-center\">\n<figure class=\"wp-block-image size-large\">\n            <img decoding=\"async\" src=\"https:\/\/crynoline.pl\/wp-content\/uploads\/2025\/12\/szybowa-3.jpg\" alt=\"Syst\u00e9mov\u00fd \u017eeb\u0159\u00edk Crynoline pro kryty\" style=\"width: 72%; height: auto; display: block; margin: 0 auto; border-radius: 8px;\"><br \/>\n        <\/figure>\n<\/p><\/div>\n<\/div>\n<div class=\"wp-block-spacer\" style=\"height: 40px;\" aria-hidden=\"true\"><\/div>\n<h4 class=\"wp-block-heading\"><strong>Nab\u00eddka Crynoline\u00ae \u2013 Technick\u00e1 specifikace<\/strong><\/h4>\n<p>V souladu s nov\u00fdm na\u0159\u00edzen\u00edm (\u00a7 22 odst. 5 bod 1) je minim\u00e1ln\u00ed \u0161\u00ed\u0159ka \u0161achty ve sv\u011btlosti <strong>0,9&nbsp;m<\/strong>. Na\u0161e \u017eeb\u0159\u00edky se do tohoto prostoru ide\u00e1ln\u011b hod\u00ed.<\/p>\n<div class=\"wp-block-columns\">\n<div class=\"wp-block-column\">\n<ul style=\"list-style: none; padding-left: 0; margin-left: 0;\">\n<li style=\"display: flex; align-items: flex-start; margin-bottom: 12px;\">\n                <svg xmlns=\"http:\/\/www.w3.org\/2000\/svg\" width=\"24\" height=\"24\" viewbox=\"0 0 24 24\" fill=\"#bbbbbb\" style=\"min-width: 24px; margin-right: 10px; margin-top: -2px;\"><path d=\"M10 6L8.59 7.41 13.17 12l-4.58 4.59L10 18l6-6z\"\/><\/svg><br \/>\n                <span><strong>Pou\u017eit\u00ed:<\/strong> Nouzov\u00e9 \u0161achty MDS a kryty (S\/U).<\/span>\n            <\/li>\n<li style=\"display: flex; align-items: flex-start; margin-bottom: 12px;\">\n                <svg xmlns=\"http:\/\/www.w3.org\/2000\/svg\" width=\"24\" height=\"24\" viewbox=\"0 0 24 24\" fill=\"#bbbbbb\" style=\"min-width: 24px; margin-right: 10px; margin-top: -2px;\"><path d=\"M10 6L8.59 7.41 13.17 12l-4.58 4.59L10 18l6-6z\"\/><\/svg><br \/>\n                <span><strong>Rozm\u011bry:<\/strong> Kompaktn\u00ed konstrukce neomezuj\u00edc\u00ed sv\u011btlost \u0161achty.<\/span>\n            <\/li>\n<li style=\"display: flex; align-items: flex-start; margin-bottom: 12px;\">\n                <svg xmlns=\"http:\/\/www.w3.org\/2000\/svg\" width=\"24\" height=\"24\" viewbox=\"0 0 24 24\" fill=\"#bbbbbb\" style=\"min-width: 24px; margin-right: 10px; margin-top: -2px;\"><path d=\"M10 6L8.59 7.41 13.17 12l-4.58 4.59L10 18l6-6z\"\/><\/svg><br \/>\n                <span><strong>Materi\u00e1l:<\/strong> Hlin\u00edk, pozinkovan\u00e1 ocel, nerezov\u00e1 ocel (304\/316).<\/span>\n            <\/li>\n<li style=\"display: flex; align-items: flex-start; margin-bottom: 12px;\">\n                <svg xmlns=\"http:\/\/www.w3.org\/2000\/svg\" width=\"24\" height=\"24\" viewbox=\"0 0 24 24\" fill=\"#bbbbbb\" style=\"min-width: 24px; margin-right: 10px; margin-top: -2px;\"><path d=\"M10 6L8.59 7.41 13.17 12l-4.58 4.59L10 18l6-6z\"\/><\/svg><br \/>\n                <span><strong>P\u0159\u00ed\u010dky:<\/strong> R\u00fdhovan\u00e9, protiskluzov\u00e9.<\/span>\n            <\/li>\n<\/ul><\/div>\n<div class=\"wp-block-column\">\n<p><strong>Dokumentace k p\u0159ej\u00edmce:<\/strong><br \/>Ke ka\u017ed\u00e9mu produktu p\u0159ikl\u00e1d\u00e1me Prohl\u00e1\u0161en\u00ed o shod\u011b, Katalogov\u00fd a projektov\u00fd list a n\u00e1vod k mont\u00e1\u017ei a pou\u017eit\u00ed.<\/p>\n<\/p><\/div>\n<\/div>\n<div class=\"wp-block-spacer\" style=\"height: 40px;\" aria-hidden=\"true\"><\/div>\n<h4 class=\"wp-block-heading\"><strong>\u010cast\u00e9 dotazy (FAQ)<\/strong><\/h4>\n<p><strong>Spl\u0148uje \u017eeb\u0159\u00edk po\u017eadavky pro hlavn\u00ed vstup do mal\u00e9ho krytu?<\/strong><br \/>Ano. V p\u0159\u00edpad\u011b mal\u00fdch, soukrom\u00fdch kryt\u016f (do 35m\u00b2 a 10 osob) p\u0159edpisy (\u00a7 15 odst. 8 bod 1) p\u0159ipou\u0161t\u011bj\u00ed vstup \u0161achtou s \u017eeb\u0159\u00edkem.<\/p>\n<p><strong>Co se stupadly (vstupn\u00edmi stupni)?<\/strong><br \/>Jsou p\u0159\u00edpustn\u00e9, ale jejich mont\u00e1\u017e je \u010dasov\u011b n\u00e1ro\u010dn\u00e1 a n\u00e1kladn\u00e1 (ka\u017ed\u00fd stupe\u0148 zvl\u00e1\u0161\u0165). Syst\u00e9mov\u00fd \u017eeb\u0159\u00edk je jeden prvek, rychlej\u0161\u00ed mont\u00e1\u017e a vy\u0161\u0161\u00ed bezpe\u010dnost.<\/p>\n<div class=\"wp-block-spacer\" style=\"height: 40px;\" aria-hidden=\"true\"><\/div>\n<hr class=\"wp-block-separator aligncenter has-alpha-channel-opacity\">\n<h2 class=\"wp-block-heading has-text-align-center\">Dbej na bezpe\u010dnost a soulad s pr\u00e1vem.<br \/>Kontaktuj n\u00e1s ohledn\u011b v\u00fdb\u011bru \u017eeb\u0159\u00edku.<\/h2>\n<div class=\"wp-block-buttons\" style=\"display: flex; gap: 20px; justify-content: center; flex-wrap: wrap;\">\n<div class=\"wp-block-button\" style=\"text-align: center;\"><a class=\"wp-block-button__link has-text-align-center wp-element-button\" style=\"background-color: #d32f2f; color: #ffffff; border-radius: 5px;\" href=\"https:\/\/crynoline.pl\/kontakt\/\">RYCHL\u00c1 KALKULACE<\/a><\/div>\n<div class=\"wp-block-button\" style=\"text-align: center;\"><a class=\"wp-block-button__link has-text-align-center wp-element-button\" style=\"background-color: #d32f2f; color: #ffffff; border-radius: 5px;\" href=\"https:\/\/crynoline.pl\/katalog\/\">ST\u00c1HNOUT KATALOG<\/a><\/div>\n<\/div>\n","protected":false},"excerpt":{"rendered":"<p>\u017dEB\u0158\u00cdKY PRO KRYTY, \u00daKRYTY A MDS Kdy mus\u00ed\u0161 namontovat \u017eeb\u0159\u00edk? (Tv\u00e9 pr\u00e1vn\u00ed povinnosti) V souladu s pr\u00e1vn\u00edmi p\u0159edpisy, kter\u00e9 vstoupily v platnost v \u010dervenci a listopadu 2025, jsou pr\u016fchoz\u00ed evakua\u010dn\u00ed \u0161achty kl\u00ed\u010dov\u00fdm bezpe\u010dnostn\u00edm prvkem. 1. Adaptace sklep\u016f a gar\u00e1\u017e\u00ed (MDS) Pro M\u00edsta do\u010dasn\u00e9ho \u00fakrytu (MDS) ve st\u00e1vaj\u00edc\u00edch budov\u00e1ch (nap\u0159. v bytov\u00fdch domech), v p\u0159\u00edpad\u011b v\u00fdchodu [&hellip;]<\/p>\n","protected":false},"author":558,"featured_media":0,"parent":0,"menu_order":0,"comment_status":"closed","ping_status":"closed","template":"","meta":{"footnotes":""},"class_list":["post-7208","page","type-page","status-publish","hentry"],"yoast_head":"<!-- This site is optimized with the Yoast SEO plugin v27.3 - https:\/\/yoast.com\/product\/yoast-seo-wordpress\/ -->\n<title>\u017deb\u0159\u00edky pro kryty a MDS \u2013 Pr\u00e1vn\u00ed po\u017eadavky<\/title>\n<meta name=\"description\" content=\"Certifikovan\u00e9 \u017eeb\u0159\u00edky pro kryty a MDS. Spl\u0148ujeme po\u017eadavky na\u0159\u00edzen\u00ed Ministerstva vnitra a spr\u00e1vy 2025 pro nouzov\u00e9 \u0161achty. Prohl\u00e9dn\u011bte si nab\u00eddku Crynoline\u00ae.\" \/>\n<meta name=\"robots\" content=\"index, follow, max-snippet:-1, max-image-preview:large, max-video-preview:-1\" \/>\n<link rel=\"canonical\" href=\"https:\/\/crynoline.pl\/cs\/zebriky-pro-kryty\/\" \/>\n<meta property=\"og:locale\" content=\"cs_CZ\" \/>\n<meta property=\"og:type\" content=\"article\" \/>\n<meta property=\"og:title\" content=\"\u017deb\u0159\u00edky pro kryty a MDS \u2013 Pr\u00e1vn\u00ed po\u017eadavky\" \/>\n<meta property=\"og:description\" content=\"Certifikovan\u00e9 \u017eeb\u0159\u00edky pro kryty a MDS. Spl\u0148ujeme po\u017eadavky na\u0159\u00edzen\u00ed Ministerstva vnitra a spr\u00e1vy 2025 pro nouzov\u00e9 \u0161achty. Prohl\u00e9dn\u011bte si nab\u00eddku Crynoline\u00ae.\" \/>\n<meta property=\"og:url\" content=\"https:\/\/crynoline.pl\/cs\/zebriky-pro-kryty\/\" \/>\n<meta property=\"og:site_name\" content=\"Crynoline\" \/>\n<meta property=\"article:modified_time\" content=\"2026-02-16T16:55:36+00:00\" \/>\n<meta property=\"og:image\" content=\"https:\/\/crynoline.pl\/wp-content\/uploads\/2025\/12\/Gemini_Generated_Image_odfn43odfn43odfn-scaled.jpg\" \/>\n<meta name=\"twitter:card\" content=\"summary_large_image\" \/>\n<meta name=\"twitter:label1\" content=\"Odhadovan\u00e1 doba \u010dten\u00ed\" \/>\n\t<meta name=\"twitter:data1\" content=\"3 minuty\" \/>\n<script type=\"application\/ld+json\" class=\"yoast-schema-graph\">{\"@context\":\"https:\\\/\\\/schema.org\",\"@graph\":[{\"@type\":\"WebPage\",\"@id\":\"https:\\\/\\\/crynoline.pl\\\/cs\\\/zebriky-pro-kryty\\\/\",\"url\":\"https:\\\/\\\/crynoline.pl\\\/cs\\\/zebriky-pro-kryty\\\/\",\"name\":\"\u017deb\u0159\u00edky pro kryty a MDS \u2013 Pr\u00e1vn\u00ed po\u017eadavky\",\"isPartOf\":{\"@id\":\"https:\\\/\\\/crynoline.pl\\\/cs\\\/#website\"},\"primaryImageOfPage\":{\"@id\":\"https:\\\/\\\/crynoline.pl\\\/cs\\\/zebriky-pro-kryty\\\/#primaryimage\"},\"image\":{\"@id\":\"https:\\\/\\\/crynoline.pl\\\/cs\\\/zebriky-pro-kryty\\\/#primaryimage\"},\"thumbnailUrl\":\"https:\\\/\\\/crynoline.pl\\\/wp-content\\\/uploads\\\/2025\\\/12\\\/Gemini_Generated_Image_odfn43odfn43odfn-scaled.jpg\",\"datePublished\":\"2026-02-16T16:55:35+00:00\",\"dateModified\":\"2026-02-16T16:55:36+00:00\",\"description\":\"Certifikovan\u00e9 \u017eeb\u0159\u00edky pro kryty a MDS. Spl\u0148ujeme po\u017eadavky na\u0159\u00edzen\u00ed Ministerstva vnitra a spr\u00e1vy 2025 pro nouzov\u00e9 \u0161achty. Prohl\u00e9dn\u011bte si nab\u00eddku Crynoline\u00ae.\",\"breadcrumb\":{\"@id\":\"https:\\\/\\\/crynoline.pl\\\/cs\\\/zebriky-pro-kryty\\\/#breadcrumb\"},\"inLanguage\":\"cs\",\"potentialAction\":[{\"@type\":\"ReadAction\",\"target\":[\"https:\\\/\\\/crynoline.pl\\\/cs\\\/zebriky-pro-kryty\\\/\"]}]},{\"@type\":\"ImageObject\",\"inLanguage\":\"cs\",\"@id\":\"https:\\\/\\\/crynoline.pl\\\/cs\\\/zebriky-pro-kryty\\\/#primaryimage\",\"url\":\"https:\\\/\\\/crynoline.pl\\\/wp-content\\\/uploads\\\/2025\\\/12\\\/Gemini_Generated_Image_odfn43odfn43odfn-scaled.jpg\",\"contentUrl\":\"https:\\\/\\\/crynoline.pl\\\/wp-content\\\/uploads\\\/2025\\\/12\\\/Gemini_Generated_Image_odfn43odfn43odfn-scaled.jpg\"},{\"@type\":\"BreadcrumbList\",\"@id\":\"https:\\\/\\\/crynoline.pl\\\/cs\\\/zebriky-pro-kryty\\\/#breadcrumb\",\"itemListElement\":[{\"@type\":\"ListItem\",\"position\":1,\"name\":\"Strona g\u0142\u00f3wna\",\"item\":\"https:\\\/\\\/crynoline.pl\\\/cs\\\/\"},{\"@type\":\"ListItem\",\"position\":2,\"name\":\"\u017deb\u0159\u00edky pro kryty\"}]},{\"@type\":\"WebSite\",\"@id\":\"https:\\\/\\\/crynoline.pl\\\/cs\\\/#website\",\"url\":\"https:\\\/\\\/crynoline.pl\\\/cs\\\/\",\"name\":\"Crynoline\",\"description\":\"najta\u0144sze drabiny dla Ciebie\",\"publisher\":{\"@id\":\"https:\\\/\\\/crynoline.pl\\\/cs\\\/#organization\"},\"potentialAction\":[{\"@type\":\"SearchAction\",\"target\":{\"@type\":\"EntryPoint\",\"urlTemplate\":\"https:\\\/\\\/crynoline.pl\\\/cs\\\/?s={search_term_string}\"},\"query-input\":{\"@type\":\"PropertyValueSpecification\",\"valueRequired\":true,\"valueName\":\"search_term_string\"}}],\"inLanguage\":\"cs\"},{\"@type\":\"Organization\",\"@id\":\"https:\\\/\\\/crynoline.pl\\\/cs\\\/#organization\",\"name\":\"Crynoline\",\"url\":\"https:\\\/\\\/crynoline.pl\\\/cs\\\/\",\"logo\":{\"@type\":\"ImageObject\",\"inLanguage\":\"cs\",\"@id\":\"https:\\\/\\\/crynoline.pl\\\/cs\\\/#\\\/schema\\\/logo\\\/image\\\/\",\"url\":\"https:\\\/\\\/crynoline.pl\\\/wp-content\\\/uploads\\\/2026\\\/02\\\/cropped-1202187703261800.piAhYxxW0Y8PsOYz9jlH_height640.png\",\"contentUrl\":\"https:\\\/\\\/crynoline.pl\\\/wp-content\\\/uploads\\\/2026\\\/02\\\/cropped-1202187703261800.piAhYxxW0Y8PsOYz9jlH_height640.png\",\"width\":480,\"height\":480,\"caption\":\"Crynoline\"},\"image\":{\"@id\":\"https:\\\/\\\/crynoline.pl\\\/cs\\\/#\\\/schema\\\/logo\\\/image\\\/\"}}]}<\/script>\n<!-- \/ Yoast SEO plugin. -->","yoast_head_json":{"title":"\u017deb\u0159\u00edky pro kryty a MDS \u2013 Pr\u00e1vn\u00ed po\u017eadavky","description":"Certifikovan\u00e9 \u017eeb\u0159\u00edky pro kryty a MDS. Spl\u0148ujeme po\u017eadavky na\u0159\u00edzen\u00ed Ministerstva vnitra a spr\u00e1vy 2025 pro nouzov\u00e9 \u0161achty. Prohl\u00e9dn\u011bte si nab\u00eddku Crynoline\u00ae.","robots":{"index":"index","follow":"follow","max-snippet":"max-snippet:-1","max-image-preview":"max-image-preview:large","max-video-preview":"max-video-preview:-1"},"canonical":"https:\/\/crynoline.pl\/cs\/zebriky-pro-kryty\/","og_locale":"cs_CZ","og_type":"article","og_title":"\u017deb\u0159\u00edky pro kryty a MDS \u2013 Pr\u00e1vn\u00ed po\u017eadavky","og_description":"Certifikovan\u00e9 \u017eeb\u0159\u00edky pro kryty a MDS. Spl\u0148ujeme po\u017eadavky na\u0159\u00edzen\u00ed Ministerstva vnitra a spr\u00e1vy 2025 pro nouzov\u00e9 \u0161achty. Prohl\u00e9dn\u011bte si nab\u00eddku Crynoline\u00ae.","og_url":"https:\/\/crynoline.pl\/cs\/zebriky-pro-kryty\/","og_site_name":"Crynoline","article_modified_time":"2026-02-16T16:55:36+00:00","og_image":[{"url":"https:\/\/crynoline.pl\/wp-content\/uploads\/2025\/12\/Gemini_Generated_Image_odfn43odfn43odfn-scaled.jpg","type":"","width":"","height":""}],"twitter_card":"summary_large_image","twitter_misc":{"Odhadovan\u00e1 doba \u010dten\u00ed":"3 minuty"},"schema":{"@context":"https:\/\/schema.org","@graph":[{"@type":"WebPage","@id":"https:\/\/crynoline.pl\/cs\/zebriky-pro-kryty\/","url":"https:\/\/crynoline.pl\/cs\/zebriky-pro-kryty\/","name":"\u017deb\u0159\u00edky pro kryty a MDS \u2013 Pr\u00e1vn\u00ed po\u017eadavky","isPartOf":{"@id":"https:\/\/crynoline.pl\/cs\/#website"},"primaryImageOfPage":{"@id":"https:\/\/crynoline.pl\/cs\/zebriky-pro-kryty\/#primaryimage"},"image":{"@id":"https:\/\/crynoline.pl\/cs\/zebriky-pro-kryty\/#primaryimage"},"thumbnailUrl":"https:\/\/crynoline.pl\/wp-content\/uploads\/2025\/12\/Gemini_Generated_Image_odfn43odfn43odfn-scaled.jpg","datePublished":"2026-02-16T16:55:35+00:00","dateModified":"2026-02-16T16:55:36+00:00","description":"Certifikovan\u00e9 \u017eeb\u0159\u00edky pro kryty a MDS. Spl\u0148ujeme po\u017eadavky na\u0159\u00edzen\u00ed Ministerstva vnitra a spr\u00e1vy 2025 pro nouzov\u00e9 \u0161achty. Prohl\u00e9dn\u011bte si nab\u00eddku Crynoline\u00ae.","breadcrumb":{"@id":"https:\/\/crynoline.pl\/cs\/zebriky-pro-kryty\/#breadcrumb"},"inLanguage":"cs","potentialAction":[{"@type":"ReadAction","target":["https:\/\/crynoline.pl\/cs\/zebriky-pro-kryty\/"]}]},{"@type":"ImageObject","inLanguage":"cs","@id":"https:\/\/crynoline.pl\/cs\/zebriky-pro-kryty\/#primaryimage","url":"https:\/\/crynoline.pl\/wp-content\/uploads\/2025\/12\/Gemini_Generated_Image_odfn43odfn43odfn-scaled.jpg","contentUrl":"https:\/\/crynoline.pl\/wp-content\/uploads\/2025\/12\/Gemini_Generated_Image_odfn43odfn43odfn-scaled.jpg"},{"@type":"BreadcrumbList","@id":"https:\/\/crynoline.pl\/cs\/zebriky-pro-kryty\/#breadcrumb","itemListElement":[{"@type":"ListItem","position":1,"name":"Strona g\u0142\u00f3wna","item":"https:\/\/crynoline.pl\/cs\/"},{"@type":"ListItem","position":2,"name":"\u017deb\u0159\u00edky pro kryty"}]},{"@type":"WebSite","@id":"https:\/\/crynoline.pl\/cs\/#website","url":"https:\/\/crynoline.pl\/cs\/","name":"Crynoline","description":"najta\u0144sze drabiny dla Ciebie","publisher":{"@id":"https:\/\/crynoline.pl\/cs\/#organization"},"potentialAction":[{"@type":"SearchAction","target":{"@type":"EntryPoint","urlTemplate":"https:\/\/crynoline.pl\/cs\/?s={search_term_string}"},"query-input":{"@type":"PropertyValueSpecification","valueRequired":true,"valueName":"search_term_string"}}],"inLanguage":"cs"},{"@type":"Organization","@id":"https:\/\/crynoline.pl\/cs\/#organization","name":"Crynoline","url":"https:\/\/crynoline.pl\/cs\/","logo":{"@type":"ImageObject","inLanguage":"cs","@id":"https:\/\/crynoline.pl\/cs\/#\/schema\/logo\/image\/","url":"https:\/\/crynoline.pl\/wp-content\/uploads\/2026\/02\/cropped-1202187703261800.piAhYxxW0Y8PsOYz9jlH_height640.png","contentUrl":"https:\/\/crynoline.pl\/wp-content\/uploads\/2026\/02\/cropped-1202187703261800.piAhYxxW0Y8PsOYz9jlH_height640.png","width":480,"height":480,"caption":"Crynoline"},"image":{"@id":"https:\/\/crynoline.pl\/cs\/#\/schema\/logo\/image\/"}}]}},"_links":{"self":[{"href":"https:\/\/crynoline.pl\/cs\/wp-json\/wp\/v2\/pages\/7208","targetHints":{"allow":["GET"]}}],"collection":[{"href":"https:\/\/crynoline.pl\/cs\/wp-json\/wp\/v2\/pages"}],"about":[{"href":"https:\/\/crynoline.pl\/cs\/wp-json\/wp\/v2\/types\/page"}],"author":[{"embeddable":true,"href":"https:\/\/crynoline.pl\/cs\/wp-json\/wp\/v2\/users\/558"}],"replies":[{"embeddable":true,"href":"https:\/\/crynoline.pl\/cs\/wp-json\/wp\/v2\/comments?post=7208"}],"version-history":[{"count":1,"href":"https:\/\/crynoline.pl\/cs\/wp-json\/wp\/v2\/pages\/7208\/revisions"}],"predecessor-version":[{"id":7211,"href":"https:\/\/crynoline.pl\/cs\/wp-json\/wp\/v2\/pages\/7208\/revisions\/7211"}],"wp:attachment":[{"href":"https:\/\/crynoline.pl\/cs\/wp-json\/wp\/v2\/media?parent=7208"}],"curies":[{"name":"wp","href":"https:\/\/api.w.org\/{rel}","templated":true}]}}