 {"id":7226,"date":"2026-02-16T16:55:35","date_gmt":"2026-02-16T16:55:35","guid":{"rendered":"https:\/\/crynoline.pl\/?page_id=7226"},"modified":"2026-02-16T16:55:36","modified_gmt":"2026-02-16T16:55:36","slug":"schutzraumleitern","status":"publish","type":"page","link":"https:\/\/crynoline.pl\/de\/schutzraumleitern\/","title":{"rendered":"Schutzraumleitern"},"content":{"rendered":"<style>\n<p>    .entry-title, .page-title, .post-title, h1.wp-block-post-title {\n        display: none !important;\n    }<\/p>\n<p>    #content, .site-content, .content-area {\n        padding-top: 0 !important;\n        margin-top: 0 !important;\n    }<\/p>\n<p>    .page-header, #page-header {\n        display: none !important;\n        margin: 0 !important;\n        padding: 0 !important;\n        height: 0 !important;\n    }\n<\/style>\n<div class=\"alignfull\" style=\"  height: 299px; max-height: 299px; width: 100vw; position: relative; left: 50%; right: 50%; margin-left: -50vw; margin-right: -50vw; overflow: hidden; background-color: #000; display: flex; align-items: center; margin-top: -90px; padding: 0; z-index: 10;  \">\n    <img decoding=\"async\" src=\"https:\/\/crynoline.pl\/wp-content\/uploads\/2025\/12\/Gemini_Generated_Image_odfn43odfn43odfn-scaled.jpg\" alt=\"\" style=\"  position: absolute; top: 0; left: 0; width: 100%; height: 100%; object-fit: cover; opacity: 0.4; z-index: 1;  \"><\/p>\n<div style=\"  position: relative; z-index: 2; width: 100%; max-width: 1200px; margin: 0 auto; padding-left: 20px; padding-right: 20px;  \">\n<h1 style=\"  font-family: 'Montserrat', sans-serif; color: #ce171f; text-transform: uppercase; font-weight: 400; font-size: 48px; line-height: 1.2; letter-spacing: 1px; margin: 0; text-align: left;  \">LEITERN F\u00dcR SCHUTZR\u00c4UME, VERSTECKE UND NOTUNTERK\u00dcNFTE (MDS)<\/h1>\n<\/p><\/div>\n<\/div>\n<div class=\"wp-block-spacer\" style=\"height: 60px;\" aria-hidden=\"true\"><\/div>\n<h4 class=\"wp-block-heading\"><strong>Wann m\u00fcssen Sie eine Leiter installieren? (Ihre rechtlichen Pflichten) <\/strong><\/h4>\n<p>Gem\u00e4\u00df den im Juli und November 2025 in Kraft getretenen Rechtsvorschriften sind freie Notausstiegssch\u00e4chte ein Schl\u00fcsselelement der Sicherheit.<\/p>\n<div class=\"wp-block-columns\" style=\"align-items: stretch; gap: 30px;\">\n<div class=\"wp-block-column\" style=\"display: flex; flex-direction: column;\">\n<p><strong>1. Anpassung von Kellern und Garagen (MDS)<\/strong><\/p>\n<p>F\u00fcr Notunterk\u00fcnfte in bestehenden Geb\u00e4uden (z. B. in Wohnbl\u00f6cken) ist im Falle eines Notausgangs durch einen Schacht dessen dauerhafte Ausstattung gesetzlich vorgeschrieben.<\/p>\n<div style=\"background-color: #f9f9f9; border-left: 4px solid #d32f2f; padding: 20px; margin-top: auto; flex-grow: 1; display: flex; align-items: center;\">\n<p style=\"margin: 0; font-size: 14px; color: #333;\">\n                <strong>Rechtsgrundlage:<\/strong> \u00a7 6 Abs. 5 Pkt. 2 lit. a der Verordnung des Innenministeriums (MSWiA) (Gesetzblatt Pos. 932) schreibt vor, dass der Schacht <em>\u201eeine Leiter oder Steigeisen, dauerhaft an der Schachtkonstruktion befestigt\u201c<\/em> haben muss.\n            <\/p>\n<\/p><\/div>\n<\/p><\/div>\n<div class=\"wp-block-column\" style=\"display: flex; flex-direction: column;\">\n<p><strong>2. Neue Schutzr\u00e4ume und Verstecke (bis zu 300 Personen)<\/strong><\/p>\n<p>F\u00fcr neue Investitionen erlauben die Vorschriften den Verzicht auf ein Treppenhaus zugunsten einer Leiter im Notausstiegsschacht f\u00fcr Bereiche mit einer Kapazit\u00e4t von bis zu 300 Personen.<\/p>\n<div style=\"background-color: #f9f9f9; border-left: 4px solid #d32f2f; padding: 20px; margin-top: auto; flex-grow: 1; display: flex; align-items: center;\">\n<p style=\"margin: 0; font-size: 14px; color: #333;\">\n                <strong>Rechtsgrundlage:<\/strong> \u00a7 22 Abs. 5 der Verordnung des Innenministeriums (MSWiA) (Gesetzblatt Pos. 1548) erlaubt einen Notausstiegsschacht, der mit <em>\u201eeiner Leiter oder Steigeisen\u201c<\/em> ausgestattet ist.\n            <\/p>\n<\/p><\/div>\n<\/p><\/div>\n<\/div>\n<div class=\"wp-block-spacer\" style=\"height: 40px;\" aria-hidden=\"true\"><\/div>\n<h2 class=\"wp-block-heading has-text-align-left\"><strong>Zertifizierte Leitern f\u00fcr Schutzr\u00e4ume und Verstecke<\/strong><\/h2>\n<p>Wir gew\u00e4hrleisten einen sicheren und vorschriftsm\u00e4\u00dfigen Zugang zu Notausg\u00e4ngen. Unsere Leitern werden gem\u00e4\u00df den Anforderungen der Verordnung \u00fcber die technischen Bedingungen f\u00fcr Schutzbauten hergestellt. Wir bieten eine breite Palette an Standardprodukten sowie ma\u00dfgeschneiderte L\u00f6sungen.  <\/p>\n<p>Neue Zivilschutzvorschriften verpflichten Verwalter und Investoren, sichere Notausg\u00e4nge aus Schutzobjekten zu gew\u00e4hrleisten. Wir bieten zertifizierte, systemische <strong>Leitern f\u00fcr Schutzr\u00e4ume<\/strong>, die die strengen Anforderungen der Verordnung \u00fcber Notunterk\u00fcnfte (MDS) und der Technischen Bedingungen f\u00fcr Schutzbauten erf\u00fcllen. <\/p>\n<div class=\"wp-block-spacer\" style=\"height: 40px;\" aria-hidden=\"true\"><\/div>\n<hr class=\"wp-block-separator aligncenter has-alpha-channel-opacity\">\n<div class=\"wp-block-columns are-vertically-aligned-center\">\n<div class=\"wp-block-column\">\n<h4 class=\"wp-block-heading\"><strong>Warum eine Crynoline\u00ae Systemleiter?<\/strong><\/h4>\n<p>Mit der Wahl des Crynoline\u00ae Systems profitieren Sie gegen\u00fcber der Montage einzelner Steigeisen von folgenden Vorteilen:<\/p>\n<ul style=\"list-style: none; padding-left: 0; margin-left: 0;\">\n<li style=\"display: flex; align-items: flex-start; margin-bottom: 12px;\">\n                <svg xmlns=\"http:\/\/www.w3.org\/2000\/svg\" width=\"24\" height=\"24\" viewbox=\"0 0 24 24\" fill=\"#bbbbbb\" style=\"min-width: 24px; margin-right: 10px; margin-top: -2px;\"><path d=\"M10 6L8.59 7.41 13.17 12l-4.58 4.59L10 18l6-6z\"\/><\/svg><br \/>\n                <span><strong>Blitzschnelle Montage:<\/strong> Ein fertiges, verbundenes Element anstelle des Bohrens von Dutzenden L\u00f6chern f\u00fcr Steigeisen.<\/span>\n            <\/li>\n<li style=\"display: flex; align-items: flex-start; margin-bottom: 12px;\">\n                <svg xmlns=\"http:\/\/www.w3.org\/2000\/svg\" width=\"24\" height=\"24\" viewbox=\"0 0 24 24\" fill=\"#bbbbbb\" style=\"min-width: 24px; margin-right: 10px; margin-top: -2px;\"><path d=\"M10 6L8.59 7.41 13.17 12l-4.58 4.59L10 18l6-6z\"\/><\/svg><br \/>\n                <span><strong>Sicherheit bei der technischen Abnahme:<\/strong> Wir erf\u00fcllen die Definition der \u201edauerhaften Befestigung\u201c und liefern die Dokumentation.<\/span>\n            <\/li>\n<li style=\"display: flex; align-items: flex-start; margin-bottom: 12px;\">\n                <svg xmlns=\"http:\/\/www.w3.org\/2000\/svg\" width=\"24\" height=\"24\" viewbox=\"0 0 24 24\" fill=\"#bbbbbb\" style=\"min-width: 24px; margin-right: 10px; margin-top: -2px;\"><path d=\"M10 6L8.59 7.41 13.17 12l-4.58 4.59L10 18l6-6z\"\/><\/svg><br \/>\n                <span><strong>Evakuierungssicherheit:<\/strong> Solide Holme (Seiten) gew\u00e4hrleisten einen sicheren Handgriff.<\/span>\n            <\/li>\n<li style=\"display: flex; align-items: flex-start; margin-bottom: 12px;\">\n                <svg xmlns=\"http:\/\/www.w3.org\/2000\/svg\" width=\"24\" height=\"24\" viewbox=\"0 0 24 24\" fill=\"#bbbbbb\" style=\"min-width: 24px; margin-right: 10px; margin-top: -2px;\"><path d=\"M10 6L8.59 7.41 13.17 12l-4.58 4.59L10 18l6-6z\"\/><\/svg><br \/>\n                <span><strong>Feuchtigkeitsbest\u00e4ndigkeit:<\/strong> Aluminium und verzinkter Stahl rosten nicht in feuchten Sch\u00e4chten.<\/span>\n            <\/li>\n<\/ul><\/div>\n<div class=\"wp-block-column is-vertically-aligned-center\">\n<figure class=\"wp-block-image size-large\">\n            <img decoding=\"async\" src=\"https:\/\/crynoline.pl\/wp-content\/uploads\/2025\/12\/szybowa-3.jpg\" alt=\"Crynoline Systemleiter f\u00fcr Schutzr\u00e4ume\" style=\"width: 72%; height: auto; display: block; margin: 0 auto; border-radius: 8px;\"><br \/>\n        <\/figure>\n<\/p><\/div>\n<\/div>\n<div class=\"wp-block-spacer\" style=\"height: 40px;\" aria-hidden=\"true\"><\/div>\n<h4 class=\"wp-block-heading\"><strong>Crynoline\u00ae Angebot \u2013 Technische Spezifikation<\/strong><\/h4>\n<p>Gem\u00e4\u00df der neuen Verordnung (\u00a7 22 Abs. 5 Pkt. 1) betr\u00e4gt die minimale lichte Schachtbreite <strong>0,9 m<\/strong>. Unsere Leitern passen perfekt in diesen Raum. <\/p>\n<div class=\"wp-block-columns\">\n<div class=\"wp-block-column\">\n<ul style=\"list-style: none; padding-left: 0; margin-left: 0;\">\n<li style=\"display: flex; align-items: flex-start; margin-bottom: 12px;\">\n                <svg xmlns=\"http:\/\/www.w3.org\/2000\/svg\" width=\"24\" height=\"24\" viewbox=\"0 0 24 24\" fill=\"#bbbbbb\" style=\"min-width: 24px; margin-right: 10px; margin-top: -2px;\"><path d=\"M10 6L8.59 7.41 13.17 12l-4.58 4.59L10 18l6-6z\"\/><\/svg><br \/>\n                <span><strong>Anwendung:<\/strong> Notausstiegssch\u00e4chte MDS und Schutzr\u00e4ume (S\/U).<\/span>\n            <\/li>\n<li style=\"display: flex; align-items: flex-start; margin-bottom: 12px;\">\n                <svg xmlns=\"http:\/\/www.w3.org\/2000\/svg\" width=\"24\" height=\"24\" viewbox=\"0 0 24 24\" fill=\"#bbbbbb\" style=\"min-width: 24px; margin-right: 10px; margin-top: -2px;\"><path d=\"M10 6L8.59 7.41 13.17 12l-4.58 4.59L10 18l6-6z\"\/><\/svg><br \/>\n                <span><strong>Abmessungen:<\/strong> Kompakte Konstruktion, die die lichte Schachtbreite nicht einschr\u00e4nkt.<\/span>\n            <\/li>\n<li style=\"display: flex; align-items: flex-start; margin-bottom: 12px;\">\n                <svg xmlns=\"http:\/\/www.w3.org\/2000\/svg\" width=\"24\" height=\"24\" viewbox=\"0 0 24 24\" fill=\"#bbbbbb\" style=\"min-width: 24px; margin-right: 10px; margin-top: -2px;\"><path d=\"M10 6L8.59 7.41 13.17 12l-4.58 4.59L10 18l6-6z\"\/><\/svg><br \/>\n                <span><strong>Material:<\/strong> Aluminium, verzinkter Stahl, Edelstahl (304\/316).<\/span>\n            <\/li>\n<li style=\"display: flex; align-items: flex-start; margin-bottom: 12px;\">\n                <svg xmlns=\"http:\/\/www.w3.org\/2000\/svg\" width=\"24\" height=\"24\" viewbox=\"0 0 24 24\" fill=\"#bbbbbb\" style=\"min-width: 24px; margin-right: 10px; margin-top: -2px;\"><path d=\"M10 6L8.59 7.41 13.17 12l-4.58 4.59L10 18l6-6z\"\/><\/svg><br \/>\n                <span><strong>Sprossen:<\/strong> Geriffelt, rutschfest.<\/span>\n            <\/li>\n<\/ul><\/div>\n<div class=\"wp-block-column\">\n<p><strong>Dokumentation zur Abnahme:<\/strong><br \/>Jedem Produkt legen wir eine Konformit\u00e4tserkl\u00e4rung, ein Katalog- und Projektdatenblatt sowie eine Montage- und Gebrauchsanleitung bei.<\/p>\n<\/p><\/div>\n<\/div>\n<div class=\"wp-block-spacer\" style=\"height: 40px;\" aria-hidden=\"true\"><\/div>\n<h4 class=\"wp-block-heading\"><strong>H\u00e4ufig gestellte Fragen (FAQ)<\/strong><\/h4>\n<p><strong>Erf\u00fcllt die Leiter die Anforderungen f\u00fcr den Haupteingang zu einem kleinen Schutzraum?<\/strong><br \/>Ja. Bei kleinen, privaten Schutzr\u00e4umen (bis 35 m\u00b2 und 10 Personen) erlauben die Vorschriften (\u00a7 15 Abs. 8 Pkt. 1) den Zugang \u00fcber einen Schacht mit Leiter. <\/p>\n<p><strong>Was ist mit Steigeisen (Einstiegsstufen)?<\/strong><br \/>Sie sind zul\u00e4ssig, aber ihre Montage ist zeitaufwendig und kostspielig (jede Stufe einzeln). Eine Systemleiter ist ein einziges Element, bietet eine schnellere Montage und h\u00f6here Sicherheit. <\/p>\n<div class=\"wp-block-spacer\" style=\"height: 40px;\" aria-hidden=\"true\"><\/div>\n<hr class=\"wp-block-separator aligncenter has-alpha-channel-opacity\">\n<h2 class=\"wp-block-heading has-text-align-center\">Sorgen Sie f\u00fcr Sicherheit und Rechtskonformit\u00e4t.<br \/>Kontaktieren Sie uns bez\u00fcglich der Auswahl einer Leiter.<\/h2>\n<div class=\"wp-block-buttons\" style=\"display: flex; gap: 20px; justify-content: center; flex-wrap: wrap;\">\n<div class=\"wp-block-button\" style=\"text-align: center;\"><a class=\"wp-block-button__link has-text-align-center wp-element-button\" style=\"background-color: #d32f2f; color: #ffffff; border-radius: 5px;\" href=\"https:\/\/crynoline.pl\/kontakt\/\">SCHNELLE PREISANFRAGE<\/a><\/div>\n<div class=\"wp-block-button\" style=\"text-align: center;\"><a class=\"wp-block-button__link has-text-align-center wp-element-button\" style=\"background-color: #d32f2f; color: #ffffff; border-radius: 5px;\" href=\"https:\/\/crynoline.pl\/katalog\/\">KATALOG HERUNTERLADEN<\/a><\/div>\n<\/div>\n","protected":false},"excerpt":{"rendered":"<p>LEITERN F\u00dcR SCHUTZR\u00c4UME, VERSTECKE UND NOTUNTERK\u00dcNFTE (MDS) Wann m\u00fcssen Sie eine Leiter installieren? (Ihre rechtlichen Pflichten) Gem\u00e4\u00df den im Juli und November 2025 in Kraft getretenen Rechtsvorschriften sind freie Notausstiegssch\u00e4chte ein Schl\u00fcsselelement der Sicherheit. 1. Anpassung von Kellern und Garagen (MDS) F\u00fcr Notunterk\u00fcnfte in bestehenden Geb\u00e4uden (z. B. in Wohnbl\u00f6cken) ist im Falle eines Notausgangs [&hellip;]<\/p>\n","protected":false},"author":558,"featured_media":0,"parent":0,"menu_order":0,"comment_status":"closed","ping_status":"closed","template":"","meta":{"footnotes":""},"class_list":["post-7226","page","type-page","status-publish","hentry"],"yoast_head":"<!-- This site is optimized with the Yoast SEO plugin v27.3 - https:\/\/yoast.com\/product\/yoast-seo-wordpress\/ -->\n<title>Leitern f\u00fcr Schutzr\u00e4ume und Notunterk\u00fcnfte (MDS) \u2013 Rechtliche Anforderungen<\/title>\n<meta name=\"description\" content=\"Zertifizierte Leitern f\u00fcr Schutzr\u00e4ume und Notunterk\u00fcnfte (MDS). Wir erf\u00fcllen die Anforderungen der Verordnung des Innenministeriums (MSWiA) 2025 f\u00fcr Notausstiegssch\u00e4chte. Entdecken Sie das Angebot von Crynoline\u00ae.\" \/>\n<meta name=\"robots\" content=\"index, follow, max-snippet:-1, max-image-preview:large, max-video-preview:-1\" \/>\n<link rel=\"canonical\" href=\"https:\/\/crynoline.pl\/de\/schutzraumleitern\/\" \/>\n<meta property=\"og:locale\" content=\"de_DE\" \/>\n<meta property=\"og:type\" content=\"article\" \/>\n<meta property=\"og:title\" content=\"Leitern f\u00fcr Schutzr\u00e4ume und Notunterk\u00fcnfte (MDS) \u2013 Rechtliche Anforderungen\" \/>\n<meta property=\"og:description\" content=\"Zertifizierte Leitern f\u00fcr Schutzr\u00e4ume und Notunterk\u00fcnfte (MDS). Wir erf\u00fcllen die Anforderungen der Verordnung des Innenministeriums (MSWiA) 2025 f\u00fcr Notausstiegssch\u00e4chte. Entdecken Sie das Angebot von Crynoline\u00ae.\" \/>\n<meta property=\"og:url\" content=\"https:\/\/crynoline.pl\/de\/schutzraumleitern\/\" \/>\n<meta property=\"og:site_name\" content=\"Crynoline\" \/>\n<meta property=\"article:modified_time\" content=\"2026-02-16T16:55:36+00:00\" \/>\n<meta property=\"og:image\" content=\"https:\/\/crynoline.pl\/wp-content\/uploads\/2025\/12\/Gemini_Generated_Image_odfn43odfn43odfn-scaled.jpg\" \/>\n<meta name=\"twitter:card\" content=\"summary_large_image\" \/>\n<meta name=\"twitter:label1\" content=\"Gesch\u00e4tzte Lesezeit\" \/>\n\t<meta name=\"twitter:data1\" content=\"2\u00a0Minuten\" \/>\n<script type=\"application\/ld+json\" class=\"yoast-schema-graph\">{\"@context\":\"https:\\\/\\\/schema.org\",\"@graph\":[{\"@type\":\"WebPage\",\"@id\":\"https:\\\/\\\/crynoline.pl\\\/de\\\/schutzraumleitern\\\/\",\"url\":\"https:\\\/\\\/crynoline.pl\\\/de\\\/schutzraumleitern\\\/\",\"name\":\"Leitern f\u00fcr Schutzr\u00e4ume und Notunterk\u00fcnfte (MDS) \u2013 Rechtliche Anforderungen\",\"isPartOf\":{\"@id\":\"https:\\\/\\\/crynoline.pl\\\/de\\\/#website\"},\"primaryImageOfPage\":{\"@id\":\"https:\\\/\\\/crynoline.pl\\\/de\\\/schutzraumleitern\\\/#primaryimage\"},\"image\":{\"@id\":\"https:\\\/\\\/crynoline.pl\\\/de\\\/schutzraumleitern\\\/#primaryimage\"},\"thumbnailUrl\":\"https:\\\/\\\/crynoline.pl\\\/wp-content\\\/uploads\\\/2025\\\/12\\\/Gemini_Generated_Image_odfn43odfn43odfn-scaled.jpg\",\"datePublished\":\"2026-02-16T16:55:35+00:00\",\"dateModified\":\"2026-02-16T16:55:36+00:00\",\"description\":\"Zertifizierte Leitern f\u00fcr Schutzr\u00e4ume und Notunterk\u00fcnfte (MDS). Wir erf\u00fcllen die Anforderungen der Verordnung des Innenministeriums (MSWiA) 2025 f\u00fcr Notausstiegssch\u00e4chte. Entdecken Sie das Angebot von Crynoline\u00ae.\",\"breadcrumb\":{\"@id\":\"https:\\\/\\\/crynoline.pl\\\/de\\\/schutzraumleitern\\\/#breadcrumb\"},\"inLanguage\":\"de\",\"potentialAction\":[{\"@type\":\"ReadAction\",\"target\":[\"https:\\\/\\\/crynoline.pl\\\/de\\\/schutzraumleitern\\\/\"]}]},{\"@type\":\"ImageObject\",\"inLanguage\":\"de\",\"@id\":\"https:\\\/\\\/crynoline.pl\\\/de\\\/schutzraumleitern\\\/#primaryimage\",\"url\":\"https:\\\/\\\/crynoline.pl\\\/wp-content\\\/uploads\\\/2025\\\/12\\\/Gemini_Generated_Image_odfn43odfn43odfn-scaled.jpg\",\"contentUrl\":\"https:\\\/\\\/crynoline.pl\\\/wp-content\\\/uploads\\\/2025\\\/12\\\/Gemini_Generated_Image_odfn43odfn43odfn-scaled.jpg\"},{\"@type\":\"BreadcrumbList\",\"@id\":\"https:\\\/\\\/crynoline.pl\\\/de\\\/schutzraumleitern\\\/#breadcrumb\",\"itemListElement\":[{\"@type\":\"ListItem\",\"position\":1,\"name\":\"Strona g\u0142\u00f3wna\",\"item\":\"https:\\\/\\\/crynoline.pl\\\/de\\\/\"},{\"@type\":\"ListItem\",\"position\":2,\"name\":\"Schutzraumleitern\"}]},{\"@type\":\"WebSite\",\"@id\":\"https:\\\/\\\/crynoline.pl\\\/de\\\/#website\",\"url\":\"https:\\\/\\\/crynoline.pl\\\/de\\\/\",\"name\":\"Crynoline\",\"description\":\"najta\u0144sze drabiny dla Ciebie\",\"publisher\":{\"@id\":\"https:\\\/\\\/crynoline.pl\\\/de\\\/#organization\"},\"potentialAction\":[{\"@type\":\"SearchAction\",\"target\":{\"@type\":\"EntryPoint\",\"urlTemplate\":\"https:\\\/\\\/crynoline.pl\\\/de\\\/?s={search_term_string}\"},\"query-input\":{\"@type\":\"PropertyValueSpecification\",\"valueRequired\":true,\"valueName\":\"search_term_string\"}}],\"inLanguage\":\"de\"},{\"@type\":\"Organization\",\"@id\":\"https:\\\/\\\/crynoline.pl\\\/de\\\/#organization\",\"name\":\"Crynoline\",\"url\":\"https:\\\/\\\/crynoline.pl\\\/de\\\/\",\"logo\":{\"@type\":\"ImageObject\",\"inLanguage\":\"de\",\"@id\":\"https:\\\/\\\/crynoline.pl\\\/de\\\/#\\\/schema\\\/logo\\\/image\\\/\",\"url\":\"https:\\\/\\\/crynoline.pl\\\/wp-content\\\/uploads\\\/2026\\\/02\\\/cropped-1202187703261800.piAhYxxW0Y8PsOYz9jlH_height640.png\",\"contentUrl\":\"https:\\\/\\\/crynoline.pl\\\/wp-content\\\/uploads\\\/2026\\\/02\\\/cropped-1202187703261800.piAhYxxW0Y8PsOYz9jlH_height640.png\",\"width\":480,\"height\":480,\"caption\":\"Crynoline\"},\"image\":{\"@id\":\"https:\\\/\\\/crynoline.pl\\\/de\\\/#\\\/schema\\\/logo\\\/image\\\/\"}}]}<\/script>\n<!-- \/ Yoast SEO plugin. -->","yoast_head_json":{"title":"Leitern f\u00fcr Schutzr\u00e4ume und Notunterk\u00fcnfte (MDS) \u2013 Rechtliche Anforderungen","description":"Zertifizierte Leitern f\u00fcr Schutzr\u00e4ume und Notunterk\u00fcnfte (MDS). Wir erf\u00fcllen die Anforderungen der Verordnung des Innenministeriums (MSWiA) 2025 f\u00fcr Notausstiegssch\u00e4chte. Entdecken Sie das Angebot von Crynoline\u00ae.","robots":{"index":"index","follow":"follow","max-snippet":"max-snippet:-1","max-image-preview":"max-image-preview:large","max-video-preview":"max-video-preview:-1"},"canonical":"https:\/\/crynoline.pl\/de\/schutzraumleitern\/","og_locale":"de_DE","og_type":"article","og_title":"Leitern f\u00fcr Schutzr\u00e4ume und Notunterk\u00fcnfte (MDS) \u2013 Rechtliche Anforderungen","og_description":"Zertifizierte Leitern f\u00fcr Schutzr\u00e4ume und Notunterk\u00fcnfte (MDS). Wir erf\u00fcllen die Anforderungen der Verordnung des Innenministeriums (MSWiA) 2025 f\u00fcr Notausstiegssch\u00e4chte. Entdecken Sie das Angebot von Crynoline\u00ae.","og_url":"https:\/\/crynoline.pl\/de\/schutzraumleitern\/","og_site_name":"Crynoline","article_modified_time":"2026-02-16T16:55:36+00:00","og_image":[{"url":"https:\/\/crynoline.pl\/wp-content\/uploads\/2025\/12\/Gemini_Generated_Image_odfn43odfn43odfn-scaled.jpg","type":"","width":"","height":""}],"twitter_card":"summary_large_image","twitter_misc":{"Gesch\u00e4tzte Lesezeit":"2\u00a0Minuten"},"schema":{"@context":"https:\/\/schema.org","@graph":[{"@type":"WebPage","@id":"https:\/\/crynoline.pl\/de\/schutzraumleitern\/","url":"https:\/\/crynoline.pl\/de\/schutzraumleitern\/","name":"Leitern f\u00fcr Schutzr\u00e4ume und Notunterk\u00fcnfte (MDS) \u2013 Rechtliche Anforderungen","isPartOf":{"@id":"https:\/\/crynoline.pl\/de\/#website"},"primaryImageOfPage":{"@id":"https:\/\/crynoline.pl\/de\/schutzraumleitern\/#primaryimage"},"image":{"@id":"https:\/\/crynoline.pl\/de\/schutzraumleitern\/#primaryimage"},"thumbnailUrl":"https:\/\/crynoline.pl\/wp-content\/uploads\/2025\/12\/Gemini_Generated_Image_odfn43odfn43odfn-scaled.jpg","datePublished":"2026-02-16T16:55:35+00:00","dateModified":"2026-02-16T16:55:36+00:00","description":"Zertifizierte Leitern f\u00fcr Schutzr\u00e4ume und Notunterk\u00fcnfte (MDS). Wir erf\u00fcllen die Anforderungen der Verordnung des Innenministeriums (MSWiA) 2025 f\u00fcr Notausstiegssch\u00e4chte. Entdecken Sie das Angebot von Crynoline\u00ae.","breadcrumb":{"@id":"https:\/\/crynoline.pl\/de\/schutzraumleitern\/#breadcrumb"},"inLanguage":"de","potentialAction":[{"@type":"ReadAction","target":["https:\/\/crynoline.pl\/de\/schutzraumleitern\/"]}]},{"@type":"ImageObject","inLanguage":"de","@id":"https:\/\/crynoline.pl\/de\/schutzraumleitern\/#primaryimage","url":"https:\/\/crynoline.pl\/wp-content\/uploads\/2025\/12\/Gemini_Generated_Image_odfn43odfn43odfn-scaled.jpg","contentUrl":"https:\/\/crynoline.pl\/wp-content\/uploads\/2025\/12\/Gemini_Generated_Image_odfn43odfn43odfn-scaled.jpg"},{"@type":"BreadcrumbList","@id":"https:\/\/crynoline.pl\/de\/schutzraumleitern\/#breadcrumb","itemListElement":[{"@type":"ListItem","position":1,"name":"Strona g\u0142\u00f3wna","item":"https:\/\/crynoline.pl\/de\/"},{"@type":"ListItem","position":2,"name":"Schutzraumleitern"}]},{"@type":"WebSite","@id":"https:\/\/crynoline.pl\/de\/#website","url":"https:\/\/crynoline.pl\/de\/","name":"Crynoline","description":"najta\u0144sze drabiny dla Ciebie","publisher":{"@id":"https:\/\/crynoline.pl\/de\/#organization"},"potentialAction":[{"@type":"SearchAction","target":{"@type":"EntryPoint","urlTemplate":"https:\/\/crynoline.pl\/de\/?s={search_term_string}"},"query-input":{"@type":"PropertyValueSpecification","valueRequired":true,"valueName":"search_term_string"}}],"inLanguage":"de"},{"@type":"Organization","@id":"https:\/\/crynoline.pl\/de\/#organization","name":"Crynoline","url":"https:\/\/crynoline.pl\/de\/","logo":{"@type":"ImageObject","inLanguage":"de","@id":"https:\/\/crynoline.pl\/de\/#\/schema\/logo\/image\/","url":"https:\/\/crynoline.pl\/wp-content\/uploads\/2026\/02\/cropped-1202187703261800.piAhYxxW0Y8PsOYz9jlH_height640.png","contentUrl":"https:\/\/crynoline.pl\/wp-content\/uploads\/2026\/02\/cropped-1202187703261800.piAhYxxW0Y8PsOYz9jlH_height640.png","width":480,"height":480,"caption":"Crynoline"},"image":{"@id":"https:\/\/crynoline.pl\/de\/#\/schema\/logo\/image\/"}}]}},"_links":{"self":[{"href":"https:\/\/crynoline.pl\/de\/wp-json\/wp\/v2\/pages\/7226","targetHints":{"allow":["GET"]}}],"collection":[{"href":"https:\/\/crynoline.pl\/de\/wp-json\/wp\/v2\/pages"}],"about":[{"href":"https:\/\/crynoline.pl\/de\/wp-json\/wp\/v2\/types\/page"}],"author":[{"embeddable":true,"href":"https:\/\/crynoline.pl\/de\/wp-json\/wp\/v2\/users\/558"}],"replies":[{"embeddable":true,"href":"https:\/\/crynoline.pl\/de\/wp-json\/wp\/v2\/comments?post=7226"}],"version-history":[{"count":1,"href":"https:\/\/crynoline.pl\/de\/wp-json\/wp\/v2\/pages\/7226\/revisions"}],"predecessor-version":[{"id":7229,"href":"https:\/\/crynoline.pl\/de\/wp-json\/wp\/v2\/pages\/7226\/revisions\/7229"}],"wp:attachment":[{"href":"https:\/\/crynoline.pl\/de\/wp-json\/wp\/v2\/media?parent=7226"}],"curies":[{"name":"wp","href":"https:\/\/api.w.org\/{rel}","templated":true}]}}