 {"id":7218,"date":"2026-02-16T16:55:35","date_gmt":"2026-02-16T16:55:35","guid":{"rendered":"https:\/\/crynoline.pl\/?page_id=7218"},"modified":"2026-02-16T16:55:36","modified_gmt":"2026-02-16T16:55:36","slug":"escaleras-para-refugios","status":"publish","type":"page","link":"https:\/\/crynoline.pl\/es\/escaleras-para-refugios\/","title":{"rendered":"Escaleras para Refugios"},"content":{"rendered":"<style>\n<p>    .entry-title, .page-title, .post-title, h1.wp-block-post-title {\n        display: none !important;\n    }<\/p>\n<p>    #content, .site-content, .content-area {\n        padding-top: 0 !important;\n        margin-top: 0 !important;\n    }<\/p>\n<p>    .page-header, #page-header {\n        display: none !important;\n        margin: 0 !important;\n        padding: 0 !important;\n        height: 0 !important;\n    }\n<\/style>\n<div class=\"alignfull\" style=\"  height: 299px; max-height: 299px; width: 100vw; position: relative; left: 50%; right: 50%; margin-left: -50vw; margin-right: -50vw; overflow: hidden; background-color: #000; display: flex; align-items: center; margin-top: -90px; padding: 0; z-index: 10;  \">\n    <img decoding=\"async\" src=\"https:\/\/crynoline.pl\/wp-content\/uploads\/2025\/12\/Gemini_Generated_Image_odfn43odfn43odfn-scaled.jpg\" alt=\"\" style=\"  position: absolute; top: 0; left: 0; width: 100%; height: 100%; object-fit: cover; opacity: 0.4; z-index: 1;  \"><\/p>\n<div style=\"  position: relative; z-index: 2; width: 100%; max-width: 1200px; margin: 0 auto; padding-left: 20px; padding-right: 20px;  \">\n<h1 style=\"  font-family: 'Montserrat', sans-serif; color: #ce171f; text-transform: uppercase; font-weight: 400; font-size: 48px; line-height: 1.2; letter-spacing: 1px; margin: 0; text-align: left;  \">ESCALERAS PARA REFUGIOS, ESCONDITES Y MDS<\/h1>\n<\/p><\/div>\n<\/div>\n<div class=\"wp-block-spacer\" style=\"height: 60px;\" aria-hidden=\"true\"><\/div>\n<h4 class=\"wp-block-heading\"><strong>\u00bfCu\u00e1ndo debe instalar una escalera? (Sus obligaciones legales) <\/strong><\/h4>\n<p>De acuerdo con los actos jur\u00eddicos que entraron en vigor en julio y noviembre de 2025, los pozos de evacuaci\u00f3n despejados son un elemento clave de seguridad.<\/p>\n<div class=\"wp-block-columns\" style=\"align-items: stretch; gap: 30px;\">\n<div class=\"wp-block-column\" style=\"display: flex; flex-direction: column;\">\n<p><strong>1. Adaptaci\u00f3n de s\u00f3tanos y garajes (MDS)<\/strong><\/p>\n<p>Para los Lugares de Refugio Temporal (MDS) en edificios existentes (por ejemplo, en bloques de viviendas), en caso de salida por un pozo de emergencia, la ley exige su equipamiento permanente.<\/p>\n<div style=\"background-color: #f9f9f9; border-left: 4px solid #d32f2f; padding: 20px; margin-top: auto; flex-grow: 1; display: flex; align-items: center;\">\n<p style=\"margin: 0; font-size: 14px; color: #333;\">\n                <strong>Base legal:<\/strong> El \u00a7 6, apartado 5, punto 2, letra a del Reglamento del MSWiA (Diario Oficial, posici\u00f3n 932) exige que el pozo disponga de <em>\u201cuna escalera o pelda\u00f1os, fijados permanentemente a la estructura del pozo\u201d<\/em>.\n            <\/p>\n<\/p><\/div>\n<\/p><\/div>\n<div class=\"wp-block-column\" style=\"display: flex; flex-direction: column;\">\n<p><strong>2. Nuevos Refugios y Escondites (hasta 300 personas)<\/strong><\/p>\n<p>Para nuevas inversiones, la normativa permite prescindir de la escalera en favor de una escalera en el pozo de salida de emergencia para zonas con capacidad de hasta 300 personas.<\/p>\n<div style=\"background-color: #f9f9f9; border-left: 4px solid #d32f2f; padding: 20px; margin-top: auto; flex-grow: 1; display: flex; align-items: center;\">\n<p style=\"margin: 0; font-size: 14px; color: #333;\">\n                <strong>Base legal:<\/strong> El \u00a7 22, apartado 5 del Reglamento del MSWiA (Diario Oficial, posici\u00f3n 1548) permite un pozo de salida de emergencia equipado con <em>\u201cuna escalera o pelda\u00f1os\u201d<\/em>.\n            <\/p>\n<\/p><\/div>\n<\/p><\/div>\n<\/div>\n<div class=\"wp-block-spacer\" style=\"height: 40px;\" aria-hidden=\"true\"><\/div>\n<h2 class=\"wp-block-heading has-text-align-left\"><strong>Escaleras certificadas para refugios y escondites<\/strong><\/h2>\n<p>Garantizamos un acceso seguro y conforme a la normativa a las salidas de emergencia. Nuestras escaleras se fabrican de acuerdo con los requisitos del Reglamento sobre las Condiciones T\u00e9cnicas para construcciones de protecci\u00f3n. Ofrecemos una amplia gama de productos est\u00e1ndar y soluciones a medida.  <\/p>\n<p>Las nuevas normativas de protecci\u00f3n civil imponen a los administradores e inversores la obligaci\u00f3n de garantizar salidas de emergencia seguras de las instalaciones de protecci\u00f3n. Ofrecemos <strong>escaleras para refugios<\/strong> certificadas y sistem\u00e1ticas que cumplen los estrictos requisitos del Reglamento sobre Lugares de Refugio Temporal (MDS) y las Condiciones T\u00e9cnicas para construcciones de protecci\u00f3n. <\/p>\n<div class=\"wp-block-spacer\" style=\"height: 40px;\" aria-hidden=\"true\"><\/div>\n<hr class=\"wp-block-separator aligncenter has-alpha-channel-opacity\">\n<div class=\"wp-block-columns are-vertically-aligned-center\">\n<div class=\"wp-block-column\">\n<h4 class=\"wp-block-heading\"><strong>\u00bfPor qu\u00e9 la escalera sistem\u00e1tica Crynoline\u00ae?<\/strong><\/h4>\n<p>Al elegir el sistema Crynoline\u00ae, obtiene una ventaja sobre la instalaci\u00f3n de pelda\u00f1os individuales:<\/p>\n<ul style=\"list-style: none; padding-left: 0; margin-left: 0;\">\n<li style=\"display: flex; align-items: flex-start; margin-bottom: 12px;\">\n                <svg xmlns=\"http:\/\/www.w3.org\/2000\/svg\" width=\"24\" height=\"24\" viewbox=\"0 0 24 24\" fill=\"#bbbbbb\" style=\"min-width: 24px; margin-right: 10px; margin-top: -2px;\"><path d=\"M10 6L8.59 7.41 13.17 12l-4.58 4.59L10 18l6-6z\"\/><\/svg><br \/>\n                <span><strong>Montaje r\u00e1pido:<\/strong> Un elemento listo y ensamblado en lugar de perforar docenas de agujeros para los pelda\u00f1os.<\/span>\n            <\/li>\n<li style=\"display: flex; align-items: flex-start; margin-bottom: 12px;\">\n                <svg xmlns=\"http:\/\/www.w3.org\/2000\/svg\" width=\"24\" height=\"24\" viewbox=\"0 0 24 24\" fill=\"#bbbbbb\" style=\"min-width: 24px; margin-right: 10px; margin-top: -2px;\"><path d=\"M10 6L8.59 7.41 13.17 12l-4.58 4.59L10 18l6-6z\"\/><\/svg><br \/>\n                <span><strong>Garant\u00eda de aceptaci\u00f3n t\u00e9cnica:<\/strong> Cumplimos la definici\u00f3n de \u201cfijaci\u00f3n permanente\u201d y proporcionamos la documentaci\u00f3n.<\/span>\n            <\/li>\n<li style=\"display: flex; align-items: flex-start; margin-bottom: 12px;\">\n                <svg xmlns=\"http:\/\/www.w3.org\/2000\/svg\" width=\"24\" height=\"24\" viewbox=\"0 0 24 24\" fill=\"#bbbbbb\" style=\"min-width: 24px; margin-right: 10px; margin-top: -2px;\"><path d=\"M10 6L8.59 7.41 13.17 12l-4.58 4.59L10 18l6-6z\"\/><\/svg><br \/>\n                <span><strong>Seguridad de evacuaci\u00f3n:<\/strong> Los largueros (laterales) s\u00f3lidos garantizan un agarre firme.<\/span>\n            <\/li>\n<li style=\"display: flex; align-items: flex-start; margin-bottom: 12px;\">\n                <svg xmlns=\"http:\/\/www.w3.org\/2000\/svg\" width=\"24\" height=\"24\" viewbox=\"0 0 24 24\" fill=\"#bbbbbb\" style=\"min-width: 24px; margin-right: 10px; margin-top: -2px;\"><path d=\"M10 6L8.59 7.41 13.17 12l-4.58 4.59L10 18l6-6z\"\/><\/svg><br \/>\n                <span><strong>Resistencia a la humedad:<\/strong> El aluminio y el acero galvanizado no se oxidan en pozos h\u00famedos.<\/span>\n            <\/li>\n<\/ul><\/div>\n<div class=\"wp-block-column is-vertically-aligned-center\">\n<figure class=\"wp-block-image size-large\">\n            <img decoding=\"async\" src=\"https:\/\/crynoline.pl\/wp-content\/uploads\/2025\/12\/szybowa-3.jpg\" alt=\"Escalera sistem\u00e1tica Crynoline para refugios\" style=\"width: 72%; height: auto; display: block; margin: 0 auto; border-radius: 8px;\"><br \/>\n        <\/figure>\n<\/p><\/div>\n<\/div>\n<div class=\"wp-block-spacer\" style=\"height: 40px;\" aria-hidden=\"true\"><\/div>\n<h4 class=\"wp-block-heading\"><strong>Oferta Crynoline\u00ae \u2013 Especificaciones t\u00e9cnicas<\/strong><\/h4>\n<p>Seg\u00fan el nuevo reglamento (\u00a7 22, apartado 5, punto 1), el ancho m\u00ednimo libre del pozo es de <strong>0,9 m<\/strong>. Nuestras escaleras encajan perfectamente en este espacio. <\/p>\n<div class=\"wp-block-columns\">\n<div class=\"wp-block-column\">\n<ul style=\"list-style: none; padding-left: 0; margin-left: 0;\">\n<li style=\"display: flex; align-items: flex-start; margin-bottom: 12px;\">\n                <svg xmlns=\"http:\/\/www.w3.org\/2000\/svg\" width=\"24\" height=\"24\" viewbox=\"0 0 24 24\" fill=\"#bbbbbb\" style=\"min-width: 24px; margin-right: 10px; margin-top: -2px;\"><path d=\"M10 6L8.59 7.41 13.17 12l-4.58 4.59L10 18l6-6z\"\/><\/svg><br \/>\n                <span><strong>Aplicaci\u00f3n:<\/strong> Pozos de emergencia MDS y Refugios (S\/U).<\/span>\n            <\/li>\n<li style=\"display: flex; align-items: flex-start; margin-bottom: 12px;\">\n                <svg xmlns=\"http:\/\/www.w3.org\/2000\/svg\" width=\"24\" height=\"24\" viewbox=\"0 0 24 24\" fill=\"#bbbbbb\" style=\"min-width: 24px; margin-right: 10px; margin-top: -2px;\"><path d=\"M10 6L8.59 7.41 13.17 12l-4.58 4.59L10 18l6-6z\"\/><\/svg><br \/>\n                <span><strong>Dimensiones:<\/strong> Dise\u00f1o compacto que no restringe la luz del pozo.<\/span>\n            <\/li>\n<li style=\"display: flex; align-items: flex-start; margin-bottom: 12px;\">\n                <svg xmlns=\"http:\/\/www.w3.org\/2000\/svg\" width=\"24\" height=\"24\" viewbox=\"0 0 24 24\" fill=\"#bbbbbb\" style=\"min-width: 24px; margin-right: 10px; margin-top: -2px;\"><path d=\"M10 6L8.59 7.41 13.17 12l-4.58 4.59L10 18l6-6z\"\/><\/svg><br \/>\n                <span><strong>Material:<\/strong> Aluminio, Acero galvanizado, Inoxidable (304\/316).<\/span>\n            <\/li>\n<li style=\"display: flex; align-items: flex-start; margin-bottom: 12px;\">\n                <svg xmlns=\"http:\/\/www.w3.org\/2000\/svg\" width=\"24\" height=\"24\" viewbox=\"0 0 24 24\" fill=\"#bbbbbb\" style=\"min-width: 24px; margin-right: 10px; margin-top: -2px;\"><path d=\"M10 6L8.59 7.41 13.17 12l-4.58 4.59L10 18l6-6z\"\/><\/svg><br \/>\n                <span><strong>Pelda\u00f1os:<\/strong> Estriados, antideslizantes.<\/span>\n            <\/li>\n<\/ul><\/div>\n<div class=\"wp-block-column\">\n<p><strong>Documentaci\u00f3n para la aceptaci\u00f3n:<\/strong><br \/>Con cada producto adjuntamos la Declaraci\u00f3n de Conformidad, la Ficha T\u00e9cnica de Cat\u00e1logo y Dise\u00f1o, y las instrucciones de montaje y uso.<\/p>\n<\/p><\/div>\n<\/div>\n<div class=\"wp-block-spacer\" style=\"height: 40px;\" aria-hidden=\"true\"><\/div>\n<h4 class=\"wp-block-heading\"><strong>Preguntas frecuentes (FAQ)<\/strong><\/h4>\n<p><strong>\u00bfCumple la escalera los requisitos para la entrada principal a un refugio peque\u00f1o?<\/strong><br \/>S\u00ed. En el caso de refugios peque\u00f1os y privados (hasta 35 m\u00b2 y 10 personas), la normativa (\u00a7 15, apartado 8, punto 1) permite la entrada por un pozo con escalera. <\/p>\n<p><strong>\u00bfQu\u00e9 pasa con los pelda\u00f1os (escalones de acceso)?<\/strong><br \/>Son admisibles, pero su instalaci\u00f3n es laboriosa y costosa (cada pelda\u00f1o por separado). Una escalera sistem\u00e1tica es un solo elemento, de montaje m\u00e1s r\u00e1pido y mayor seguridad. <\/p>\n<div class=\"wp-block-spacer\" style=\"height: 40px;\" aria-hidden=\"true\"><\/div>\n<hr class=\"wp-block-separator aligncenter has-alpha-channel-opacity\">\n<h2 class=\"wp-block-heading has-text-align-center\">Garantice la seguridad y el cumplimiento legal.<br \/>P\u00f3ngase en contacto con nosotros para la selecci\u00f3n de su escalera.<\/h2>\n<div class=\"wp-block-buttons\" style=\"display: flex; gap: 20px; justify-content: center; flex-wrap: wrap;\">\n<div class=\"wp-block-button\" style=\"text-align: center;\"><a class=\"wp-block-button__link has-text-align-center wp-element-button\" style=\"background-color: #d32f2f; color: #ffffff; border-radius: 5px;\" href=\"https:\/\/crynoline.pl\/kontakt\/\">PRESUPUESTO R\u00c1PIDO<\/a><\/div>\n<div class=\"wp-block-button\" style=\"text-align: center;\"><a class=\"wp-block-button__link has-text-align-center wp-element-button\" style=\"background-color: #d32f2f; color: #ffffff; border-radius: 5px;\" href=\"https:\/\/crynoline.pl\/katalog\/\">DESCARGAR CAT\u00c1LOGO<\/a><\/div>\n<\/div>\n","protected":false},"excerpt":{"rendered":"<p>ESCALERAS PARA REFUGIOS, ESCONDITES Y MDS \u00bfCu\u00e1ndo debe instalar una escalera? (Sus obligaciones legales) De acuerdo con los actos jur\u00eddicos que entraron en vigor en julio y noviembre de 2025, los pozos de evacuaci\u00f3n despejados son un elemento clave de seguridad. 1. Adaptaci\u00f3n de s\u00f3tanos y garajes (MDS) Para los Lugares de Refugio Temporal (MDS) [&hellip;]<\/p>\n","protected":false},"author":558,"featured_media":0,"parent":0,"menu_order":0,"comment_status":"closed","ping_status":"closed","template":"","meta":{"footnotes":""},"class_list":["post-7218","page","type-page","status-publish","hentry"],"yoast_head":"<!-- This site is optimized with the Yoast SEO plugin v27.3 - https:\/\/yoast.com\/product\/yoast-seo-wordpress\/ -->\n<title>Escaleras para Refugios y MDS - Requisitos Legales<\/title>\n<meta name=\"description\" content=\"Escaleras certificadas para refugios y MDS. Cumplimos los requisitos del Reglamento del MSWiA de 2025 para pozos de emergencia. Consulte la oferta de Crynoline\u00ae.\" \/>\n<meta name=\"robots\" content=\"index, follow, max-snippet:-1, max-image-preview:large, max-video-preview:-1\" \/>\n<link rel=\"canonical\" href=\"https:\/\/crynoline.pl\/es\/escaleras-para-refugios\/\" \/>\n<meta property=\"og:locale\" content=\"es_ES\" \/>\n<meta property=\"og:type\" content=\"article\" \/>\n<meta property=\"og:title\" content=\"Escaleras para Refugios y MDS - Requisitos Legales\" \/>\n<meta property=\"og:description\" content=\"Escaleras certificadas para refugios y MDS. Cumplimos los requisitos del Reglamento del MSWiA de 2025 para pozos de emergencia. Consulte la oferta de Crynoline\u00ae.\" \/>\n<meta property=\"og:url\" content=\"https:\/\/crynoline.pl\/es\/escaleras-para-refugios\/\" \/>\n<meta property=\"og:site_name\" content=\"Crynoline\" \/>\n<meta property=\"article:modified_time\" content=\"2026-02-16T16:55:36+00:00\" \/>\n<meta property=\"og:image\" content=\"https:\/\/crynoline.pl\/wp-content\/uploads\/2025\/12\/Gemini_Generated_Image_odfn43odfn43odfn-scaled.jpg\" \/>\n<meta name=\"twitter:card\" content=\"summary_large_image\" \/>\n<meta name=\"twitter:label1\" content=\"Tiempo de lectura\" \/>\n\t<meta name=\"twitter:data1\" content=\"3 minutos\" \/>\n<script type=\"application\/ld+json\" class=\"yoast-schema-graph\">{\"@context\":\"https:\\\/\\\/schema.org\",\"@graph\":[{\"@type\":\"WebPage\",\"@id\":\"https:\\\/\\\/crynoline.pl\\\/es\\\/escaleras-para-refugios\\\/\",\"url\":\"https:\\\/\\\/crynoline.pl\\\/es\\\/escaleras-para-refugios\\\/\",\"name\":\"Escaleras para Refugios y MDS - Requisitos Legales\",\"isPartOf\":{\"@id\":\"https:\\\/\\\/crynoline.pl\\\/es\\\/#website\"},\"primaryImageOfPage\":{\"@id\":\"https:\\\/\\\/crynoline.pl\\\/es\\\/escaleras-para-refugios\\\/#primaryimage\"},\"image\":{\"@id\":\"https:\\\/\\\/crynoline.pl\\\/es\\\/escaleras-para-refugios\\\/#primaryimage\"},\"thumbnailUrl\":\"https:\\\/\\\/crynoline.pl\\\/wp-content\\\/uploads\\\/2025\\\/12\\\/Gemini_Generated_Image_odfn43odfn43odfn-scaled.jpg\",\"datePublished\":\"2026-02-16T16:55:35+00:00\",\"dateModified\":\"2026-02-16T16:55:36+00:00\",\"description\":\"Escaleras certificadas para refugios y MDS. Cumplimos los requisitos del Reglamento del MSWiA de 2025 para pozos de emergencia. Consulte la oferta de Crynoline\u00ae.\",\"breadcrumb\":{\"@id\":\"https:\\\/\\\/crynoline.pl\\\/es\\\/escaleras-para-refugios\\\/#breadcrumb\"},\"inLanguage\":\"es\",\"potentialAction\":[{\"@type\":\"ReadAction\",\"target\":[\"https:\\\/\\\/crynoline.pl\\\/es\\\/escaleras-para-refugios\\\/\"]}]},{\"@type\":\"ImageObject\",\"inLanguage\":\"es\",\"@id\":\"https:\\\/\\\/crynoline.pl\\\/es\\\/escaleras-para-refugios\\\/#primaryimage\",\"url\":\"https:\\\/\\\/crynoline.pl\\\/wp-content\\\/uploads\\\/2025\\\/12\\\/Gemini_Generated_Image_odfn43odfn43odfn-scaled.jpg\",\"contentUrl\":\"https:\\\/\\\/crynoline.pl\\\/wp-content\\\/uploads\\\/2025\\\/12\\\/Gemini_Generated_Image_odfn43odfn43odfn-scaled.jpg\"},{\"@type\":\"BreadcrumbList\",\"@id\":\"https:\\\/\\\/crynoline.pl\\\/es\\\/escaleras-para-refugios\\\/#breadcrumb\",\"itemListElement\":[{\"@type\":\"ListItem\",\"position\":1,\"name\":\"Strona g\u0142\u00f3wna\",\"item\":\"https:\\\/\\\/crynoline.pl\\\/es\\\/\"},{\"@type\":\"ListItem\",\"position\":2,\"name\":\"Escaleras para Refugios\"}]},{\"@type\":\"WebSite\",\"@id\":\"https:\\\/\\\/crynoline.pl\\\/es\\\/#website\",\"url\":\"https:\\\/\\\/crynoline.pl\\\/es\\\/\",\"name\":\"Crynoline\",\"description\":\"najta\u0144sze drabiny dla Ciebie\",\"publisher\":{\"@id\":\"https:\\\/\\\/crynoline.pl\\\/es\\\/#organization\"},\"potentialAction\":[{\"@type\":\"SearchAction\",\"target\":{\"@type\":\"EntryPoint\",\"urlTemplate\":\"https:\\\/\\\/crynoline.pl\\\/es\\\/?s={search_term_string}\"},\"query-input\":{\"@type\":\"PropertyValueSpecification\",\"valueRequired\":true,\"valueName\":\"search_term_string\"}}],\"inLanguage\":\"es\"},{\"@type\":\"Organization\",\"@id\":\"https:\\\/\\\/crynoline.pl\\\/es\\\/#organization\",\"name\":\"Crynoline\",\"url\":\"https:\\\/\\\/crynoline.pl\\\/es\\\/\",\"logo\":{\"@type\":\"ImageObject\",\"inLanguage\":\"es\",\"@id\":\"https:\\\/\\\/crynoline.pl\\\/es\\\/#\\\/schema\\\/logo\\\/image\\\/\",\"url\":\"https:\\\/\\\/crynoline.pl\\\/wp-content\\\/uploads\\\/2026\\\/02\\\/cropped-1202187703261800.piAhYxxW0Y8PsOYz9jlH_height640.png\",\"contentUrl\":\"https:\\\/\\\/crynoline.pl\\\/wp-content\\\/uploads\\\/2026\\\/02\\\/cropped-1202187703261800.piAhYxxW0Y8PsOYz9jlH_height640.png\",\"width\":480,\"height\":480,\"caption\":\"Crynoline\"},\"image\":{\"@id\":\"https:\\\/\\\/crynoline.pl\\\/es\\\/#\\\/schema\\\/logo\\\/image\\\/\"}}]}<\/script>\n<!-- \/ Yoast SEO plugin. -->","yoast_head_json":{"title":"Escaleras para Refugios y MDS - Requisitos Legales","description":"Escaleras certificadas para refugios y MDS. Cumplimos los requisitos del Reglamento del MSWiA de 2025 para pozos de emergencia. Consulte la oferta de Crynoline\u00ae.","robots":{"index":"index","follow":"follow","max-snippet":"max-snippet:-1","max-image-preview":"max-image-preview:large","max-video-preview":"max-video-preview:-1"},"canonical":"https:\/\/crynoline.pl\/es\/escaleras-para-refugios\/","og_locale":"es_ES","og_type":"article","og_title":"Escaleras para Refugios y MDS - Requisitos Legales","og_description":"Escaleras certificadas para refugios y MDS. Cumplimos los requisitos del Reglamento del MSWiA de 2025 para pozos de emergencia. Consulte la oferta de Crynoline\u00ae.","og_url":"https:\/\/crynoline.pl\/es\/escaleras-para-refugios\/","og_site_name":"Crynoline","article_modified_time":"2026-02-16T16:55:36+00:00","og_image":[{"url":"https:\/\/crynoline.pl\/wp-content\/uploads\/2025\/12\/Gemini_Generated_Image_odfn43odfn43odfn-scaled.jpg","type":"","width":"","height":""}],"twitter_card":"summary_large_image","twitter_misc":{"Tiempo de lectura":"3 minutos"},"schema":{"@context":"https:\/\/schema.org","@graph":[{"@type":"WebPage","@id":"https:\/\/crynoline.pl\/es\/escaleras-para-refugios\/","url":"https:\/\/crynoline.pl\/es\/escaleras-para-refugios\/","name":"Escaleras para Refugios y MDS - Requisitos Legales","isPartOf":{"@id":"https:\/\/crynoline.pl\/es\/#website"},"primaryImageOfPage":{"@id":"https:\/\/crynoline.pl\/es\/escaleras-para-refugios\/#primaryimage"},"image":{"@id":"https:\/\/crynoline.pl\/es\/escaleras-para-refugios\/#primaryimage"},"thumbnailUrl":"https:\/\/crynoline.pl\/wp-content\/uploads\/2025\/12\/Gemini_Generated_Image_odfn43odfn43odfn-scaled.jpg","datePublished":"2026-02-16T16:55:35+00:00","dateModified":"2026-02-16T16:55:36+00:00","description":"Escaleras certificadas para refugios y MDS. Cumplimos los requisitos del Reglamento del MSWiA de 2025 para pozos de emergencia. Consulte la oferta de Crynoline\u00ae.","breadcrumb":{"@id":"https:\/\/crynoline.pl\/es\/escaleras-para-refugios\/#breadcrumb"},"inLanguage":"es","potentialAction":[{"@type":"ReadAction","target":["https:\/\/crynoline.pl\/es\/escaleras-para-refugios\/"]}]},{"@type":"ImageObject","inLanguage":"es","@id":"https:\/\/crynoline.pl\/es\/escaleras-para-refugios\/#primaryimage","url":"https:\/\/crynoline.pl\/wp-content\/uploads\/2025\/12\/Gemini_Generated_Image_odfn43odfn43odfn-scaled.jpg","contentUrl":"https:\/\/crynoline.pl\/wp-content\/uploads\/2025\/12\/Gemini_Generated_Image_odfn43odfn43odfn-scaled.jpg"},{"@type":"BreadcrumbList","@id":"https:\/\/crynoline.pl\/es\/escaleras-para-refugios\/#breadcrumb","itemListElement":[{"@type":"ListItem","position":1,"name":"Strona g\u0142\u00f3wna","item":"https:\/\/crynoline.pl\/es\/"},{"@type":"ListItem","position":2,"name":"Escaleras para Refugios"}]},{"@type":"WebSite","@id":"https:\/\/crynoline.pl\/es\/#website","url":"https:\/\/crynoline.pl\/es\/","name":"Crynoline","description":"najta\u0144sze drabiny dla Ciebie","publisher":{"@id":"https:\/\/crynoline.pl\/es\/#organization"},"potentialAction":[{"@type":"SearchAction","target":{"@type":"EntryPoint","urlTemplate":"https:\/\/crynoline.pl\/es\/?s={search_term_string}"},"query-input":{"@type":"PropertyValueSpecification","valueRequired":true,"valueName":"search_term_string"}}],"inLanguage":"es"},{"@type":"Organization","@id":"https:\/\/crynoline.pl\/es\/#organization","name":"Crynoline","url":"https:\/\/crynoline.pl\/es\/","logo":{"@type":"ImageObject","inLanguage":"es","@id":"https:\/\/crynoline.pl\/es\/#\/schema\/logo\/image\/","url":"https:\/\/crynoline.pl\/wp-content\/uploads\/2026\/02\/cropped-1202187703261800.piAhYxxW0Y8PsOYz9jlH_height640.png","contentUrl":"https:\/\/crynoline.pl\/wp-content\/uploads\/2026\/02\/cropped-1202187703261800.piAhYxxW0Y8PsOYz9jlH_height640.png","width":480,"height":480,"caption":"Crynoline"},"image":{"@id":"https:\/\/crynoline.pl\/es\/#\/schema\/logo\/image\/"}}]}},"_links":{"self":[{"href":"https:\/\/crynoline.pl\/es\/wp-json\/wp\/v2\/pages\/7218","targetHints":{"allow":["GET"]}}],"collection":[{"href":"https:\/\/crynoline.pl\/es\/wp-json\/wp\/v2\/pages"}],"about":[{"href":"https:\/\/crynoline.pl\/es\/wp-json\/wp\/v2\/types\/page"}],"author":[{"embeddable":true,"href":"https:\/\/crynoline.pl\/es\/wp-json\/wp\/v2\/users\/558"}],"replies":[{"embeddable":true,"href":"https:\/\/crynoline.pl\/es\/wp-json\/wp\/v2\/comments?post=7218"}],"version-history":[{"count":1,"href":"https:\/\/crynoline.pl\/es\/wp-json\/wp\/v2\/pages\/7218\/revisions"}],"predecessor-version":[{"id":7221,"href":"https:\/\/crynoline.pl\/es\/wp-json\/wp\/v2\/pages\/7218\/revisions\/7221"}],"wp:attachment":[{"href":"https:\/\/crynoline.pl\/es\/wp-json\/wp\/v2\/media?parent=7218"}],"curies":[{"name":"wp","href":"https:\/\/api.w.org\/{rel}","templated":true}]}}