 {"id":7204,"date":"2026-02-16T16:55:35","date_gmt":"2026-02-16T16:55:35","guid":{"rendered":"https:\/\/crynoline.pl\/?page_id=7204"},"modified":"2026-02-16T16:55:37","modified_gmt":"2026-02-16T16:55:37","slug":"varjendiredelid","status":"publish","type":"page","link":"https:\/\/crynoline.pl\/et\/varjendiredelid\/","title":{"rendered":"Varjendiredelid"},"content":{"rendered":"<style>\n<p>    .entry-title, .page-title, .post-title, h1.wp-block-post-title {\n        display: none !important;\n    }<\/p>\n<p>    #content, .site-content, .content-area {\n        padding-top: 0 !important;\n        margin-top: 0 !important;\n    }<\/p>\n<p>    .page-header, #page-header {\n        display: none !important;\n        margin: 0 !important;\n        padding: 0 !important;\n        height: 0 !important;\n    }\n<\/style>\n<div class=\"alignfull\" style=\"  height: 299px; max-height: 299px; width: 100vw; position: relative; left: 50%; right: 50%; margin-left: -50vw; margin-right: -50vw; overflow: hidden; background-color: #000; display: flex; align-items: center; margin-top: -90px; padding: 0; z-index: 10;  \">\n    <img decoding=\"async\" src=\"https:\/\/crynoline.pl\/wp-content\/uploads\/2025\/12\/Gemini_Generated_Image_odfn43odfn43odfn-scaled.jpg\" alt=\"\" style=\"  position: absolute; top: 0; left: 0; width: 100%; height: 100%; object-fit: cover; opacity: 0.4; z-index: 1;  \"><\/p>\n<div style=\"  position: relative; z-index: 2; width: 100%; max-width: 1200px; margin: 0 auto; padding-left: 20px; padding-right: 20px;  \">\n<h1 style=\"  font-family: 'Montserrat', sans-serif; color: #ce171f; text-transform: uppercase; font-weight: 400; font-size: 48px; line-height: 1.2; letter-spacing: 1px; margin: 0; text-align: left;  \">REDELID VARJENDITESSE, PEITEPUNKRITESSE JA MDS-I<\/h1>\n<\/p><\/div>\n<\/div>\n<div class=\"wp-block-spacer\" style=\"height: 60px;\" aria-hidden=\"true\"><\/div>\n<h4 class=\"wp-block-heading\"><strong>Millal peate redeli paigaldama? (Teie \u00f5iguslikud kohustused) <\/strong><\/h4>\n<p>Vastavalt \u00f5igusaktidele, mis j\u00f5ustusid 2025. aasta juulis ja novembris, on l\u00e4bip\u00e4\u00e4setavad evakuatsiooni\u0161ahtid ohutuse v\u00f5tmeelement.<\/p>\n<div class=\"wp-block-columns\" style=\"align-items: stretch; gap: 30px;\">\n<div class=\"wp-block-column\" style=\"display: flex; flex-direction: column;\">\n<p><strong>1. Keldrite ja garaa\u017eide kohandamine (MDS)<\/strong><\/p>\n<p>Olemasolevates hoonetes (nt kortermajades) ajutiste varjupaikade (MDS) puhul, kui v\u00e4ljap\u00e4\u00e4s on avarii\u0161ahti kaudu, n\u00f5uab seadus selle p\u00fcsivat varustamist.<\/p>\n<div style=\"background-color: #f9f9f9; border-left: 4px solid #d32f2f; padding: 20px; margin-top: auto; flex-grow: 1; display: flex; align-items: center;\">\n<p style=\"margin: 0; font-size: 14px; color: #333;\">\n                <strong>\u00d5iguslik alus:<\/strong> Siseministeeriumi m\u00e4\u00e4ruse (Riigi Teataja, punkt 932) \u00a7 6 l\u00f5ike 5 punkti 2 alapunkt a n\u00f5uab, et \u0161ahtil oleks <em>\u201eredel v\u00f5i klambrid, mis on p\u00fcsivalt \u0161ahti konstruktsiooni k\u00fclge kinnitatud\u201d<\/em>.\n            <\/p>\n<\/p><\/div>\n<\/p><\/div>\n<div class=\"wp-block-column\" style=\"display: flex; flex-direction: column;\">\n<p><strong>2. Uued varjendid ja peitepunkrid (kuni 300 inimest)<\/strong><\/p>\n<p>Uute investeeringute puhul lubavad eeskirjad loobuda trepikojast ja kasutada redelit varuv\u00e4ljap\u00e4\u00e4su \u0161ahtis kuni 300 inimese mahutavusega tsoonides.<\/p>\n<div style=\"background-color: #f9f9f9; border-left: 4px solid #d32f2f; padding: 20px; margin-top: auto; flex-grow: 1; display: flex; align-items: center;\">\n<p style=\"margin: 0; font-size: 14px; color: #333;\">\n                <strong>\u00d5iguslik alus:<\/strong> Siseministeeriumi m\u00e4\u00e4ruse (Riigi Teataja, punkt 1548) \u00a7 22 l\u00f5ige 5 lubab varuv\u00e4ljap\u00e4\u00e4su \u0161ahti, mis on varustatud <em>\u201eredeli v\u00f5i klambritega\u201d<\/em>.\n            <\/p>\n<\/p><\/div>\n<\/p><\/div>\n<\/div>\n<div class=\"wp-block-spacer\" style=\"height: 40px;\" aria-hidden=\"true\"><\/div>\n<h2 class=\"wp-block-heading has-text-align-left\"><strong>Sertifitseeritud redelid varjenditesse ja peitepunkritesse<\/strong><\/h2>\n<p>Tagame ohutu ja n\u00f5uetele vastava juurdep\u00e4\u00e4su evakuatsiooniv\u00e4ljap\u00e4\u00e4sudele. Meie redelid on loodud vastavalt kaitsehoonete tehniliste tingimuste m\u00e4\u00e4ruse n\u00f5uetele. Pakume laia valikut standardtooteid ja eritellimuslahendusi.  <\/p>\n<p>Uued tsiviilkaitse eeskirjad kohustavad haldajaid ja investoreid tagama kaitseobjektidest ohutud evakuatsiooniv\u00e4ljap\u00e4\u00e4sud. Pakume sertifitseeritud, s\u00fcsteemseid <strong>varjendiredeleid<\/strong>, mis vastavad ajutiste varjupaikade (MDS) m\u00e4\u00e4ruse ja kaitsehoonete tehniliste tingimuste rangetele n\u00f5uetele. <\/p>\n<div class=\"wp-block-spacer\" style=\"height: 40px;\" aria-hidden=\"true\"><\/div>\n<hr class=\"wp-block-separator aligncenter has-alpha-channel-opacity\">\n<div class=\"wp-block-columns are-vertically-aligned-center\">\n<div class=\"wp-block-column\">\n<h4 class=\"wp-block-heading\"><strong>Miks Crynoline\u00ae s\u00fcsteemredel?<\/strong><\/h4>\n<p>Valides Crynoline\u00ae s\u00fcsteemi, saate eelise \u00fcksikute klambrite paigaldamise ees:<\/p>\n<ul style=\"list-style: none; padding-left: 0; margin-left: 0;\">\n<li style=\"display: flex; align-items: flex-start; margin-bottom: 12px;\">\n                <svg xmlns=\"http:\/\/www.w3.org\/2000\/svg\" width=\"24\" height=\"24\" viewbox=\"0 0 24 24\" fill=\"#bbbbbb\" style=\"min-width: 24px; margin-right: 10px; margin-top: -2px;\"><path d=\"M10 6L8.59 7.41 13.17 12l-4.58 4.59L10 18l6-6z\"\/><\/svg><br \/>\n                <span><strong>V\u00e4lkkiire paigaldus:<\/strong> Valmis, integreeritud element k\u00fcmnete klambrite jaoks aukude puurimise asemel.<\/span>\n            <\/li>\n<li style=\"display: flex; align-items: flex-start; margin-bottom: 12px;\">\n                <svg xmlns=\"http:\/\/www.w3.org\/2000\/svg\" width=\"24\" height=\"24\" viewbox=\"0 0 24 24\" fill=\"#bbbbbb\" style=\"min-width: 24px; margin-right: 10px; margin-top: -2px;\"><path d=\"M10 6L8.59 7.41 13.17 12l-4.58 4.59L10 18l6-6z\"\/><\/svg><br \/>\n                <span><strong>Tehnilise vastuv\u00f5tu kindlus:<\/strong> T\u00e4idame \u201ep\u00fcsiva kinnituse\u201d definitsiooni ja esitame dokumentatsiooni.<\/span>\n            <\/li>\n<li style=\"display: flex; align-items: flex-start; margin-bottom: 12px;\">\n                <svg xmlns=\"http:\/\/www.w3.org\/2000\/svg\" width=\"24\" height=\"24\" viewbox=\"0 0 24 24\" fill=\"#bbbbbb\" style=\"min-width: 24px; margin-right: 10px; margin-top: -2px;\"><path d=\"M10 6L8.59 7.41 13.17 12l-4.58 4.59L10 18l6-6z\"\/><\/svg><br \/>\n                <span><strong>Evakuatsiooni ohutus:<\/strong> Tugevad k\u00fcljepostid tagavad kindla k\u00e4epide.<\/span>\n            <\/li>\n<li style=\"display: flex; align-items: flex-start; margin-bottom: 12px;\">\n                <svg xmlns=\"http:\/\/www.w3.org\/2000\/svg\" width=\"24\" height=\"24\" viewbox=\"0 0 24 24\" fill=\"#bbbbbb\" style=\"min-width: 24px; margin-right: 10px; margin-top: -2px;\"><path d=\"M10 6L8.59 7.41 13.17 12l-4.58 4.59L10 18l6-6z\"\/><\/svg><br \/>\n                <span><strong>Niiskuskindlus:<\/strong> Alumiinium ja tsingitud teras ei roosteta niisketes \u0161ahtides.<\/span>\n            <\/li>\n<\/ul><\/div>\n<div class=\"wp-block-column is-vertically-aligned-center\">\n<figure class=\"wp-block-image size-large\">\n            <img decoding=\"async\" src=\"https:\/\/crynoline.pl\/wp-content\/uploads\/2025\/12\/szybowa-3.jpg\" alt=\"Crynoline s\u00fcsteemredel varjenditesse\" style=\"width: 72%; height: auto; display: block; margin: 0 auto; border-radius: 8px;\"><br \/>\n        <\/figure>\n<\/p><\/div>\n<\/div>\n<div class=\"wp-block-spacer\" style=\"height: 40px;\" aria-hidden=\"true\"><\/div>\n<h4 class=\"wp-block-heading\"><strong>Crynoline\u00ae pakkumine \u2013 Tehniline spetsifikatsioon<\/strong><\/h4>\n<p>Vastavalt uuele m\u00e4\u00e4rusele (\u00a7 22 l\u00f5ike 5 punkt 1) on \u0161ahti minimaalne laius valguses <strong>0,9 m<\/strong>. Meie redelid sobivad ideaalselt sellesse ruumi.<\/p>\n<div class=\"wp-block-columns\">\n<div class=\"wp-block-column\">\n<ul style=\"list-style: none; padding-left: 0; margin-left: 0;\">\n<li style=\"display: flex; align-items: flex-start; margin-bottom: 12px;\">\n                <svg xmlns=\"http:\/\/www.w3.org\/2000\/svg\" width=\"24\" height=\"24\" viewbox=\"0 0 24 24\" fill=\"#bbbbbb\" style=\"min-width: 24px; margin-right: 10px; margin-top: -2px;\"><path d=\"M10 6L8.59 7.41 13.17 12l-4.58 4.59L10 18l6-6z\"\/><\/svg><br \/>\n                <span><strong>Kasutusala:<\/strong> MDS-i ja varjendite (S\/U) avarii\u0161ahtid.<\/span>\n            <\/li>\n<li style=\"display: flex; align-items: flex-start; margin-bottom: 12px;\">\n                <svg xmlns=\"http:\/\/www.w3.org\/2000\/svg\" width=\"24\" height=\"24\" viewbox=\"0 0 24 24\" fill=\"#bbbbbb\" style=\"min-width: 24px; margin-right: 10px; margin-top: -2px;\"><path d=\"M10 6L8.59 7.41 13.17 12l-4.58 4.59L10 18l6-6z\"\/><\/svg><br \/>\n                <span><strong>M\u00f5\u00f5tmed:<\/strong> Kompaktne konstruktsioon, mis ei piira \u0161ahti valgust.<\/span>\n            <\/li>\n<li style=\"display: flex; align-items: flex-start; margin-bottom: 12px;\">\n                <svg xmlns=\"http:\/\/www.w3.org\/2000\/svg\" width=\"24\" height=\"24\" viewbox=\"0 0 24 24\" fill=\"#bbbbbb\" style=\"min-width: 24px; margin-right: 10px; margin-top: -2px;\"><path d=\"M10 6L8.59 7.41 13.17 12l-4.58 4.59L10 18l6-6z\"\/><\/svg><br \/>\n                <span><strong>Materjal:<\/strong> Alumiinium, tsingitud teras, roostevaba teras (304\/316).<\/span>\n            <\/li>\n<li style=\"display: flex; align-items: flex-start; margin-bottom: 12px;\">\n                <svg xmlns=\"http:\/\/www.w3.org\/2000\/svg\" width=\"24\" height=\"24\" viewbox=\"0 0 24 24\" fill=\"#bbbbbb\" style=\"min-width: 24px; margin-right: 10px; margin-top: -2px;\"><path d=\"M10 6L8.59 7.41 13.17 12l-4.58 4.59L10 18l6-6z\"\/><\/svg><br \/>\n                <span><strong>Astmed:<\/strong> Rihveldatud, libisemisvastased.<\/span>\n            <\/li>\n<\/ul><\/div>\n<div class=\"wp-block-column\">\n<p><strong>Vastuv\u00f5tudokumentatsioon:<\/strong><br \/>Iga tootega kaasneb vastavusdeklaratsioon, kataloogi- ja projekteerimiskaart ning paigaldus- ja kasutusjuhend.<\/p>\n<\/p><\/div>\n<\/div>\n<div class=\"wp-block-spacer\" style=\"height: 40px;\" aria-hidden=\"true\"><\/div>\n<h4 class=\"wp-block-heading\"><strong>Korduma kippuvad k\u00fcsimused (KKK)<\/strong><\/h4>\n<p><strong>Kas redel vastab v\u00e4ikese varjendi peamise sissep\u00e4\u00e4su n\u00f5uetele?<\/strong><br \/>Jah. V\u00e4ikeste, eravarjendite (kuni 35 m\u00b2 ja 10 inimest) puhul lubavad eeskirjad (\u00a7 15 l\u00f5ike 8 punkt 1) sissep\u00e4\u00e4su \u0161ahti kaudu redeliga.<\/p>\n<p><strong>Mis saab klambritest (luugiastmetest)?<\/strong><br \/>Need on lubatud, kuid nende paigaldamine on aegan\u00f5udev ja kulukas (iga aste eraldi). S\u00fcsteemredel on \u00fcks element, kiirem paigaldus ja suurem ohutus.<\/p>\n<div class=\"wp-block-spacer\" style=\"height: 40px;\" aria-hidden=\"true\"><\/div>\n<hr class=\"wp-block-separator aligncenter has-alpha-channel-opacity\">\n<h2 class=\"wp-block-heading has-text-align-center\">Hoolitsege ohutuse ja seaduslikkuse eest.<br \/>V\u00f5tke meiega \u00fchendust redeli valiku osas.<\/h2>\n<div class=\"wp-block-buttons\" style=\"display: flex; gap: 20px; justify-content: center; flex-wrap: wrap;\">\n<div class=\"wp-block-button\" style=\"text-align: center;\"><a class=\"wp-block-button__link has-text-align-center wp-element-button\" style=\"background-color: #d32f2f; color: #ffffff; border-radius: 5px;\" href=\"https:\/\/crynoline.pl\/kontakt\/\">KIIRE HINNAPAKKUMINE<\/a><\/div>\n<div class=\"wp-block-button\" style=\"text-align: center;\"><a class=\"wp-block-button__link has-text-align-center wp-element-button\" style=\"background-color: #d32f2f; color: #ffffff; border-radius: 5px;\" href=\"https:\/\/crynoline.pl\/katalog\/\">LAADI KATALOOG ALLA<\/a><\/div>\n<\/div>\n","protected":false},"excerpt":{"rendered":"<p>REDELID VARJENDITESSE, PEITEPUNKRITESSE JA MDS-I Millal peate redeli paigaldama? (Teie \u00f5iguslikud kohustused) Vastavalt \u00f5igusaktidele, mis j\u00f5ustusid 2025. aasta juulis ja novembris, on l\u00e4bip\u00e4\u00e4setavad evakuatsiooni\u0161ahtid ohutuse v\u00f5tmeelement. 1. Keldrite ja garaa\u017eide kohandamine (MDS) Olemasolevates hoonetes (nt kortermajades) ajutiste varjupaikade (MDS) puhul, kui v\u00e4ljap\u00e4\u00e4s on avarii\u0161ahti kaudu, n\u00f5uab seadus selle p\u00fcsivat varustamist. \u00d5iguslik alus: Siseministeeriumi m\u00e4\u00e4ruse (Riigi [&hellip;]<\/p>\n","protected":false},"author":558,"featured_media":0,"parent":0,"menu_order":0,"comment_status":"closed","ping_status":"closed","template":"","meta":{"footnotes":""},"class_list":["post-7204","page","type-page","status-publish","hentry"],"yoast_head":"<!-- This site is optimized with the Yoast SEO plugin v27.3 - https:\/\/yoast.com\/product\/yoast-seo-wordpress\/ -->\n<title>Redelid varjenditesse ja MDS-i \u2013 \u00d5iguslikud n\u00f5uded<\/title>\n<meta name=\"description\" content=\"Sertifitseeritud redelid varjenditesse ja MDS-i. T\u00e4idame Siseministeeriumi m\u00e4\u00e4ruse 2025 n\u00f5udeid avarii\u0161ahtidele. Tutvuge Crynoline\u00ae pakkumisega.\" \/>\n<meta name=\"robots\" content=\"index, follow, max-snippet:-1, max-image-preview:large, max-video-preview:-1\" \/>\n<link rel=\"canonical\" href=\"https:\/\/crynoline.pl\/et\/varjendiredelid\/\" \/>\n<meta property=\"og:locale\" content=\"et_EE\" \/>\n<meta property=\"og:type\" content=\"article\" \/>\n<meta property=\"og:title\" content=\"Redelid varjenditesse ja MDS-i \u2013 \u00d5iguslikud n\u00f5uded\" \/>\n<meta property=\"og:description\" content=\"Sertifitseeritud redelid varjenditesse ja MDS-i. T\u00e4idame Siseministeeriumi m\u00e4\u00e4ruse 2025 n\u00f5udeid avarii\u0161ahtidele. Tutvuge Crynoline\u00ae pakkumisega.\" \/>\n<meta property=\"og:url\" content=\"https:\/\/crynoline.pl\/et\/varjendiredelid\/\" \/>\n<meta property=\"og:site_name\" content=\"Crynoline\" \/>\n<meta property=\"article:modified_time\" content=\"2026-02-16T16:55:37+00:00\" \/>\n<meta property=\"og:image\" content=\"https:\/\/crynoline.pl\/wp-content\/uploads\/2025\/12\/Gemini_Generated_Image_odfn43odfn43odfn-scaled.jpg\" \/>\n<meta name=\"twitter:card\" content=\"summary_large_image\" \/>\n<meta name=\"twitter:label1\" content=\"Est. reading time\" \/>\n\t<meta name=\"twitter:data1\" content=\"2 minutit\" \/>\n<script type=\"application\/ld+json\" class=\"yoast-schema-graph\">{\"@context\":\"https:\\\/\\\/schema.org\",\"@graph\":[{\"@type\":\"WebPage\",\"@id\":\"https:\\\/\\\/crynoline.pl\\\/et\\\/varjendiredelid\\\/\",\"url\":\"https:\\\/\\\/crynoline.pl\\\/et\\\/varjendiredelid\\\/\",\"name\":\"Redelid varjenditesse ja MDS-i \u2013 \u00d5iguslikud n\u00f5uded\",\"isPartOf\":{\"@id\":\"https:\\\/\\\/crynoline.pl\\\/et\\\/#website\"},\"primaryImageOfPage\":{\"@id\":\"https:\\\/\\\/crynoline.pl\\\/et\\\/varjendiredelid\\\/#primaryimage\"},\"image\":{\"@id\":\"https:\\\/\\\/crynoline.pl\\\/et\\\/varjendiredelid\\\/#primaryimage\"},\"thumbnailUrl\":\"https:\\\/\\\/crynoline.pl\\\/wp-content\\\/uploads\\\/2025\\\/12\\\/Gemini_Generated_Image_odfn43odfn43odfn-scaled.jpg\",\"datePublished\":\"2026-02-16T16:55:35+00:00\",\"dateModified\":\"2026-02-16T16:55:37+00:00\",\"description\":\"Sertifitseeritud redelid varjenditesse ja MDS-i. T\u00e4idame Siseministeeriumi m\u00e4\u00e4ruse 2025 n\u00f5udeid avarii\u0161ahtidele. Tutvuge Crynoline\u00ae pakkumisega.\",\"breadcrumb\":{\"@id\":\"https:\\\/\\\/crynoline.pl\\\/et\\\/varjendiredelid\\\/#breadcrumb\"},\"inLanguage\":\"et\",\"potentialAction\":[{\"@type\":\"ReadAction\",\"target\":[\"https:\\\/\\\/crynoline.pl\\\/et\\\/varjendiredelid\\\/\"]}]},{\"@type\":\"ImageObject\",\"inLanguage\":\"et\",\"@id\":\"https:\\\/\\\/crynoline.pl\\\/et\\\/varjendiredelid\\\/#primaryimage\",\"url\":\"https:\\\/\\\/crynoline.pl\\\/wp-content\\\/uploads\\\/2025\\\/12\\\/Gemini_Generated_Image_odfn43odfn43odfn-scaled.jpg\",\"contentUrl\":\"https:\\\/\\\/crynoline.pl\\\/wp-content\\\/uploads\\\/2025\\\/12\\\/Gemini_Generated_Image_odfn43odfn43odfn-scaled.jpg\"},{\"@type\":\"BreadcrumbList\",\"@id\":\"https:\\\/\\\/crynoline.pl\\\/et\\\/varjendiredelid\\\/#breadcrumb\",\"itemListElement\":[{\"@type\":\"ListItem\",\"position\":1,\"name\":\"Strona g\u0142\u00f3wna\",\"item\":\"https:\\\/\\\/crynoline.pl\\\/et\\\/\"},{\"@type\":\"ListItem\",\"position\":2,\"name\":\"Varjendiredelid\"}]},{\"@type\":\"WebSite\",\"@id\":\"https:\\\/\\\/crynoline.pl\\\/et\\\/#website\",\"url\":\"https:\\\/\\\/crynoline.pl\\\/et\\\/\",\"name\":\"Crynoline\",\"description\":\"najta\u0144sze drabiny dla Ciebie\",\"publisher\":{\"@id\":\"https:\\\/\\\/crynoline.pl\\\/et\\\/#organization\"},\"potentialAction\":[{\"@type\":\"SearchAction\",\"target\":{\"@type\":\"EntryPoint\",\"urlTemplate\":\"https:\\\/\\\/crynoline.pl\\\/et\\\/?s={search_term_string}\"},\"query-input\":{\"@type\":\"PropertyValueSpecification\",\"valueRequired\":true,\"valueName\":\"search_term_string\"}}],\"inLanguage\":\"et\"},{\"@type\":\"Organization\",\"@id\":\"https:\\\/\\\/crynoline.pl\\\/et\\\/#organization\",\"name\":\"Crynoline\",\"url\":\"https:\\\/\\\/crynoline.pl\\\/et\\\/\",\"logo\":{\"@type\":\"ImageObject\",\"inLanguage\":\"et\",\"@id\":\"https:\\\/\\\/crynoline.pl\\\/et\\\/#\\\/schema\\\/logo\\\/image\\\/\",\"url\":\"https:\\\/\\\/crynoline.pl\\\/wp-content\\\/uploads\\\/2026\\\/02\\\/cropped-1202187703261800.piAhYxxW0Y8PsOYz9jlH_height640.png\",\"contentUrl\":\"https:\\\/\\\/crynoline.pl\\\/wp-content\\\/uploads\\\/2026\\\/02\\\/cropped-1202187703261800.piAhYxxW0Y8PsOYz9jlH_height640.png\",\"width\":480,\"height\":480,\"caption\":\"Crynoline\"},\"image\":{\"@id\":\"https:\\\/\\\/crynoline.pl\\\/et\\\/#\\\/schema\\\/logo\\\/image\\\/\"}}]}<\/script>\n<!-- \/ Yoast SEO plugin. -->","yoast_head_json":{"title":"Redelid varjenditesse ja MDS-i \u2013 \u00d5iguslikud n\u00f5uded","description":"Sertifitseeritud redelid varjenditesse ja MDS-i. T\u00e4idame Siseministeeriumi m\u00e4\u00e4ruse 2025 n\u00f5udeid avarii\u0161ahtidele. Tutvuge Crynoline\u00ae pakkumisega.","robots":{"index":"index","follow":"follow","max-snippet":"max-snippet:-1","max-image-preview":"max-image-preview:large","max-video-preview":"max-video-preview:-1"},"canonical":"https:\/\/crynoline.pl\/et\/varjendiredelid\/","og_locale":"et_EE","og_type":"article","og_title":"Redelid varjenditesse ja MDS-i \u2013 \u00d5iguslikud n\u00f5uded","og_description":"Sertifitseeritud redelid varjenditesse ja MDS-i. T\u00e4idame Siseministeeriumi m\u00e4\u00e4ruse 2025 n\u00f5udeid avarii\u0161ahtidele. Tutvuge Crynoline\u00ae pakkumisega.","og_url":"https:\/\/crynoline.pl\/et\/varjendiredelid\/","og_site_name":"Crynoline","article_modified_time":"2026-02-16T16:55:37+00:00","og_image":[{"url":"https:\/\/crynoline.pl\/wp-content\/uploads\/2025\/12\/Gemini_Generated_Image_odfn43odfn43odfn-scaled.jpg","type":"","width":"","height":""}],"twitter_card":"summary_large_image","twitter_misc":{"Est. reading time":"2 minutit"},"schema":{"@context":"https:\/\/schema.org","@graph":[{"@type":"WebPage","@id":"https:\/\/crynoline.pl\/et\/varjendiredelid\/","url":"https:\/\/crynoline.pl\/et\/varjendiredelid\/","name":"Redelid varjenditesse ja MDS-i \u2013 \u00d5iguslikud n\u00f5uded","isPartOf":{"@id":"https:\/\/crynoline.pl\/et\/#website"},"primaryImageOfPage":{"@id":"https:\/\/crynoline.pl\/et\/varjendiredelid\/#primaryimage"},"image":{"@id":"https:\/\/crynoline.pl\/et\/varjendiredelid\/#primaryimage"},"thumbnailUrl":"https:\/\/crynoline.pl\/wp-content\/uploads\/2025\/12\/Gemini_Generated_Image_odfn43odfn43odfn-scaled.jpg","datePublished":"2026-02-16T16:55:35+00:00","dateModified":"2026-02-16T16:55:37+00:00","description":"Sertifitseeritud redelid varjenditesse ja MDS-i. T\u00e4idame Siseministeeriumi m\u00e4\u00e4ruse 2025 n\u00f5udeid avarii\u0161ahtidele. Tutvuge Crynoline\u00ae pakkumisega.","breadcrumb":{"@id":"https:\/\/crynoline.pl\/et\/varjendiredelid\/#breadcrumb"},"inLanguage":"et","potentialAction":[{"@type":"ReadAction","target":["https:\/\/crynoline.pl\/et\/varjendiredelid\/"]}]},{"@type":"ImageObject","inLanguage":"et","@id":"https:\/\/crynoline.pl\/et\/varjendiredelid\/#primaryimage","url":"https:\/\/crynoline.pl\/wp-content\/uploads\/2025\/12\/Gemini_Generated_Image_odfn43odfn43odfn-scaled.jpg","contentUrl":"https:\/\/crynoline.pl\/wp-content\/uploads\/2025\/12\/Gemini_Generated_Image_odfn43odfn43odfn-scaled.jpg"},{"@type":"BreadcrumbList","@id":"https:\/\/crynoline.pl\/et\/varjendiredelid\/#breadcrumb","itemListElement":[{"@type":"ListItem","position":1,"name":"Strona g\u0142\u00f3wna","item":"https:\/\/crynoline.pl\/et\/"},{"@type":"ListItem","position":2,"name":"Varjendiredelid"}]},{"@type":"WebSite","@id":"https:\/\/crynoline.pl\/et\/#website","url":"https:\/\/crynoline.pl\/et\/","name":"Crynoline","description":"najta\u0144sze drabiny dla Ciebie","publisher":{"@id":"https:\/\/crynoline.pl\/et\/#organization"},"potentialAction":[{"@type":"SearchAction","target":{"@type":"EntryPoint","urlTemplate":"https:\/\/crynoline.pl\/et\/?s={search_term_string}"},"query-input":{"@type":"PropertyValueSpecification","valueRequired":true,"valueName":"search_term_string"}}],"inLanguage":"et"},{"@type":"Organization","@id":"https:\/\/crynoline.pl\/et\/#organization","name":"Crynoline","url":"https:\/\/crynoline.pl\/et\/","logo":{"@type":"ImageObject","inLanguage":"et","@id":"https:\/\/crynoline.pl\/et\/#\/schema\/logo\/image\/","url":"https:\/\/crynoline.pl\/wp-content\/uploads\/2026\/02\/cropped-1202187703261800.piAhYxxW0Y8PsOYz9jlH_height640.png","contentUrl":"https:\/\/crynoline.pl\/wp-content\/uploads\/2026\/02\/cropped-1202187703261800.piAhYxxW0Y8PsOYz9jlH_height640.png","width":480,"height":480,"caption":"Crynoline"},"image":{"@id":"https:\/\/crynoline.pl\/et\/#\/schema\/logo\/image\/"}}]}},"_links":{"self":[{"href":"https:\/\/crynoline.pl\/et\/wp-json\/wp\/v2\/pages\/7204","targetHints":{"allow":["GET"]}}],"collection":[{"href":"https:\/\/crynoline.pl\/et\/wp-json\/wp\/v2\/pages"}],"about":[{"href":"https:\/\/crynoline.pl\/et\/wp-json\/wp\/v2\/types\/page"}],"author":[{"embeddable":true,"href":"https:\/\/crynoline.pl\/et\/wp-json\/wp\/v2\/users\/558"}],"replies":[{"embeddable":true,"href":"https:\/\/crynoline.pl\/et\/wp-json\/wp\/v2\/comments?post=7204"}],"version-history":[{"count":1,"href":"https:\/\/crynoline.pl\/et\/wp-json\/wp\/v2\/pages\/7204\/revisions"}],"predecessor-version":[{"id":7207,"href":"https:\/\/crynoline.pl\/et\/wp-json\/wp\/v2\/pages\/7204\/revisions\/7207"}],"wp:attachment":[{"href":"https:\/\/crynoline.pl\/et\/wp-json\/wp\/v2\/media?parent=7204"}],"curies":[{"name":"wp","href":"https:\/\/api.w.org\/{rel}","templated":true}]}}