  {"id":7246,"date":"2026-02-16T16:55:35","date_gmt":"2026-02-16T16:55:35","guid":{"rendered":"https:\/\/crynoline.pl\/?page_id=7246"},"modified":"2026-02-16T16:55:37","modified_gmt":"2026-02-16T16:55:37","slug":"menedekletrak","status":"publish","type":"page","link":"https:\/\/crynoline.pl\/hu\/menedekletrak\/","title":{"rendered":"Mened\u00e9kl\u00e9tr\u00e1k"},"content":{"rendered":"<style>\n<p>    .entry-title, .page-title, .post-title, h1.wp-block-post-title {\n        display: none !important;\n    }<\/p>\n<p>    #content, .site-content, .content-area {\n        padding-top: 0 !important;\n        margin-top: 0 !important;\n    }<\/p>\n<p>    .page-header, #page-header {\n        display: none !important;\n        margin: 0 !important;\n        padding: 0 !important;\n        height: 0 !important;\n    }\n<\/style>\n<div class=\"alignfull\" style=\"  height: 299px; max-height: 299px; width: 100vw; position: relative; left: 50%; right: 50%; margin-left: -50vw; margin-right: -50vw; overflow: hidden; background-color: #000; display: flex; align-items: center; margin-top: -90px; padding: 0; z-index: 10;  \">\n    <img decoding=\"async\" src=\"https:\/\/crynoline.pl\/wp-content\/uploads\/2025\/12\/Gemini_Generated_Image_odfn43odfn43odfn-scaled.jpg\" alt=\"\" style=\"  position: absolute; top: 0; left: 0; width: 100%; height: 100%; object-fit: cover; opacity: 0.4; z-index: 1;  \"><\/p>\n<div style=\"  position: relative; z-index: 2; width: 100%; max-width: 1200px; margin: 0 auto; padding-left: 20px; padding-right: 20px;  \">\n<h1 style=\"  font-family: 'Montserrat', sans-serif; color: #ce171f; text-transform: uppercase; font-weight: 400; font-size: 48px; line-height: 1.2; letter-spacing: 1px; margin: 0; text-align: left;  \">L\u00c9TR\u00c1K MENED\u00c9KHELYEKHEZ, \u00d3V\u00d3HELYEKHEZ \u00c9S MDS-HEZ<\/h1>\n<\/p><\/div>\n<\/div>\n<div class=\"wp-block-spacer\" style=\"height: 60px;\" aria-hidden=\"true\"><\/div>\n<h4 class=\"wp-block-heading\"><strong>Mikor kell l\u00e9tr\u00e1t telep\u00edtenie? (Az \u00d6n jogi k\u00f6telezetts\u00e9gei) <\/strong><\/h4>\n<p>A 2025. j\u00falius\u00e1ban \u00e9s november\u00e9ben hat\u00e1lyba l\u00e9pett jogszab\u00e1lyok szerint a j\u00e1rhat\u00f3 v\u00e9szkij\u00e1rati akn\u00e1k kulcsfontoss\u00e1g\u00fa biztons\u00e1gi elemek.<\/p>\n<div class=\"wp-block-columns\" style=\"align-items: stretch; gap: 30px;\">\n<div class=\"wp-block-column\" style=\"display: flex; flex-direction: column;\">\n<p><strong>1. Pinc\u00e9k \u00e9s gar\u00e1zsok adapt\u00e1ci\u00f3ja (MDS)<\/strong><\/p>\n<p>A megl\u00e9v\u0151 \u00e9p\u00fcletekben (pl. lak\u00f3h\u00e1zakban) tal\u00e1lhat\u00f3 Ideiglenes Mened\u00e9khelyek (MDS) eset\u00e9ben, ha a kij\u00e1rat v\u00e9szkij\u00e1rati akn\u00e1n kereszt\u00fcl t\u00f6rt\u00e9nik, a jogszab\u00e1ly annak tart\u00f3s felszerel\u00e9s\u00e9t \u00edrja el\u0151.<\/p>\n<div style=\"background-color: #f9f9f9; border-left: 4px solid #d32f2f; padding: 20px; margin-top: auto; flex-grow: 1; display: flex; align-items: center;\">\n<p style=\"margin: 0; font-size: 14px; color: #333;\">\n                <strong>Jogi alap:<\/strong> A Bel\u00fcgyminiszt\u00e9riumi Rendelet (Dz.U. poz. 932) 6. \u00a7 (5) bekezd\u00e9s 2. pont a) alpontja el\u0151\u00edrja, hogy az akn\u00e1nak <em>\u201el\u00e9tr\u00e1val vagy kapaszkod\u00f3kkal, az akna szerkezet\u00e9hez tart\u00f3san r\u00f6gz\u00edtve\u201d<\/em> kell rendelkeznie.\n            <\/p>\n<\/p><\/div>\n<\/p><\/div>\n<div class=\"wp-block-column\" style=\"display: flex; flex-direction: column;\">\n<p><strong>2. \u00daj mened\u00e9khelyek \u00e9s \u00f3v\u00f3helyek (legfeljebb 300 f\u0151 r\u00e9sz\u00e9re)<\/strong><\/p>\n<p>\u00daj beruh\u00e1z\u00e1sok eset\u00e9n a szab\u00e1lyoz\u00e1s megengedi a l\u00e9pcs\u0151h\u00e1z elhagy\u00e1s\u00e1t egy l\u00e9tra jav\u00e1ra a v\u00e9szkij\u00e1rati akn\u00e1ban, legfeljebb 300 f\u0151s kapacit\u00e1s\u00fa ter\u00fcleteken.<\/p>\n<div style=\"background-color: #f9f9f9; border-left: 4px solid #d32f2f; padding: 20px; margin-top: auto; flex-grow: 1; display: flex; align-items: center;\">\n<p style=\"margin: 0; font-size: 14px; color: #333;\">\n                <strong>Jogi alap:<\/strong> A Bel\u00fcgyminiszt\u00e9riumi Rendelet (Dz.U. poz. 1548) 22. \u00a7 (5) bekezd\u00e9se megengedi a <em>\u201el\u00e9tr\u00e1val vagy kapaszkod\u00f3kkal\u201d<\/em> felszerelt v\u00e9szkij\u00e1rati akn\u00e1t.\n            <\/p>\n<\/p><\/div>\n<\/p><\/div>\n<\/div>\n<div class=\"wp-block-spacer\" style=\"height: 40px;\" aria-hidden=\"true\"><\/div>\n<h2 class=\"wp-block-heading has-text-align-left\"><strong>Tan\u00fas\u00edtott l\u00e9tr\u00e1k mened\u00e9khelyekhez \u00e9s \u00f3v\u00f3helyekhez<\/strong><\/h2>\n<p>Biztons\u00e1gos \u00e9s szab\u00e1lyoknak megfelel\u0151 hozz\u00e1f\u00e9r\u00e9st biztos\u00edtunk a v\u00e9szkij\u00e1ratokhoz. L\u00e9tr\u00e1inkat a v\u00e9delmi \u00e9p\u00edtm\u00e9nyek m\u0171szaki felt\u00e9teleir\u0151l sz\u00f3l\u00f3 rendelet k\u00f6vetelm\u00e9nyeinek megfelel\u0151en k\u00e9sz\u00edtj\u00fck. Sz\u00e9les v\u00e1laszt\u00e9kban k\u00edn\u00e1lunk standard term\u00e9keket \u00e9s egyedi megold\u00e1sokat.  <\/p>\n<p>Az \u00faj polg\u00e1ri v\u00e9delmi szab\u00e1lyoz\u00e1sok k\u00f6telezik az \u00fczemeltet\u0151ket \u00e9s a beruh\u00e1z\u00f3kat a v\u00e9delmi l\u00e9tes\u00edtm\u00e9nyekb\u0151l val\u00f3 biztons\u00e1gos v\u00e9szkij\u00e1ratok biztos\u00edt\u00e1s\u00e1ra. Tan\u00fas\u00edtott, rendszerszint\u0171 <strong>l\u00e9tr\u00e1kat k\u00edn\u00e1lunk mened\u00e9khelyekhez<\/strong>, amelyek megfelelnek az Ideiglenes Mened\u00e9khelyekr\u0151l (MDS) \u00e9s a v\u00e9delmi \u00e9p\u00edtm\u00e9nyek m\u0171szaki felt\u00e9teleir\u0151l sz\u00f3l\u00f3 rendelet szigor\u00fa k\u00f6vetelm\u00e9nyeinek. <\/p>\n<div class=\"wp-block-spacer\" style=\"height: 40px;\" aria-hidden=\"true\"><\/div>\n<hr class=\"wp-block-separator aligncenter has-alpha-channel-opacity\">\n<div class=\"wp-block-columns are-vertically-aligned-center\">\n<div class=\"wp-block-column\">\n<h4 class=\"wp-block-heading\"><strong>Mi\u00e9rt a Crynoline\u00ae Rendszerl\u00e9tra?<\/strong><\/h4>\n<p>A Crynoline\u00ae rendszer kiv\u00e1laszt\u00e1s\u00e1val el\u0151nyre tesz szert az egyes kapaszkod\u00f3k telep\u00edt\u00e9s\u00e9vel szemben:<\/p>\n<ul style=\"list-style: none; padding-left: 0; margin-left: 0;\">\n<li style=\"display: flex; align-items: flex-start; margin-bottom: 12px;\">\n                <svg xmlns=\"http:\/\/www.w3.org\/2000\/svg\" width=\"24\" height=\"24\" viewbox=\"0 0 24 24\" fill=\"#bbbbbb\" style=\"min-width: 24px; margin-right: 10px; margin-top: -2px;\"><path d=\"M10 6L8.59 7.41 13.17 12l-4.58 4.59L10 18l6-6z\"\/><\/svg><br \/>\n                <span><strong>Vill\u00e1mgyors telep\u00edt\u00e9s:<\/strong> K\u00e9sz, \u00f6sszeszerelt elem t\u00f6bb tucat lyuk f\u00far\u00e1sa helyett a kapaszkod\u00f3khoz.<\/span>\n            <\/li>\n<li style=\"display: flex; align-items: flex-start; margin-bottom: 12px;\">\n                <svg xmlns=\"http:\/\/www.w3.org\/2000\/svg\" width=\"24\" height=\"24\" viewbox=\"0 0 24 24\" fill=\"#bbbbbb\" style=\"min-width: 24px; margin-right: 10px; margin-top: -2px;\"><path d=\"M10 6L8.59 7.41 13.17 12l-4.58 4.59L10 18l6-6z\"\/><\/svg><br \/>\n                <span><strong>M\u0171szaki \u00e1tv\u00e9tel biztons\u00e1ga:<\/strong> Megfelel\u00fcnk a \u201etart\u00f3s r\u00f6gz\u00edt\u00e9s\u201d defin\u00edci\u00f3j\u00e1nak \u00e9s dokument\u00e1ci\u00f3t biztos\u00edtunk.<\/span>\n            <\/li>\n<li style=\"display: flex; align-items: flex-start; margin-bottom: 12px;\">\n                <svg xmlns=\"http:\/\/www.w3.org\/2000\/svg\" width=\"24\" height=\"24\" viewbox=\"0 0 24 24\" fill=\"#bbbbbb\" style=\"min-width: 24px; margin-right: 10px; margin-top: -2px;\"><path d=\"M10 6L8.59 7.41 13.17 12l-4.58 4.59L10 18l6-6z\"\/><\/svg><br \/>\n                <span><strong>Evaku\u00e1l\u00e1s biztons\u00e1ga:<\/strong> A massz\u00edv oldaltart\u00f3k (oldalak) biztos fog\u00e1st garant\u00e1lnak.<\/span>\n            <\/li>\n<li style=\"display: flex; align-items: flex-start; margin-bottom: 12px;\">\n                <svg xmlns=\"http:\/\/www.w3.org\/2000\/svg\" width=\"24\" height=\"24\" viewbox=\"0 0 24 24\" fill=\"#bbbbbb\" style=\"min-width: 24px; margin-right: 10px; margin-top: -2px;\"><path d=\"M10 6L8.59 7.41 13.17 12l-4.58 4.59L10 18l6-6z\"\/><\/svg><br \/>\n                <span><strong>Nedvess\u00e9g\u00e1ll\u00f3s\u00e1g:<\/strong> Az alum\u00ednium \u00e9s a horganyzott ac\u00e9l nem rozsd\u00e1sodik nedves akn\u00e1kban.<\/span>\n            <\/li>\n<\/ul><\/div>\n<div class=\"wp-block-column is-vertically-aligned-center\">\n<figure class=\"wp-block-image size-large\">\n            <img decoding=\"async\" src=\"https:\/\/crynoline.pl\/wp-content\/uploads\/2025\/12\/szybowa-3.jpg\" alt=\"Crynoline rendszerszint\u0171 l\u00e9tra mened\u00e9khelyekhez\" style=\"width: 72%; height: auto; display: block; margin: 0 auto; border-radius: 8px;\"><br \/>\n        <\/figure>\n<\/p><\/div>\n<\/div>\n<div class=\"wp-block-spacer\" style=\"height: 40px;\" aria-hidden=\"true\"><\/div>\n<h4 class=\"wp-block-heading\"><strong>Crynoline\u00ae k\u00edn\u00e1lat \u2013 M\u0171szaki specifik\u00e1ci\u00f3<\/strong><\/h4>\n<p>Az \u00faj rendelet (\u00a7 22. \u00a7 (5) bekezd\u00e9s 1. pont) szerint az akna minim\u00e1lis szabad sz\u00e9less\u00e9ge <strong>0,9 m<\/strong>. L\u00e9tr\u00e1ink t\u00f6k\u00e9letesen illeszkednek ebbe a t\u00e9rbe. <\/p>\n<div class=\"wp-block-columns\">\n<div class=\"wp-block-column\">\n<ul style=\"list-style: none; padding-left: 0; margin-left: 0;\">\n<li style=\"display: flex; align-items: flex-start; margin-bottom: 12px;\">\n                <svg xmlns=\"http:\/\/www.w3.org\/2000\/svg\" width=\"24\" height=\"24\" viewbox=\"0 0 24 24\" fill=\"#bbbbbb\" style=\"min-width: 24px; margin-right: 10px; margin-top: -2px;\"><path d=\"M10 6L8.59 7.41 13.17 12l-4.58 4.59L10 18l6-6z\"\/><\/svg><br \/>\n                <span><strong>Alkalmaz\u00e1s:<\/strong> MDS v\u00e9szkij\u00e1rati akn\u00e1k \u00e9s mened\u00e9khelyek (S\/U).<\/span>\n            <\/li>\n<li style=\"display: flex; align-items: flex-start; margin-bottom: 12px;\">\n                <svg xmlns=\"http:\/\/www.w3.org\/2000\/svg\" width=\"24\" height=\"24\" viewbox=\"0 0 24 24\" fill=\"#bbbbbb\" style=\"min-width: 24px; margin-right: 10px; margin-top: -2px;\"><path d=\"M10 6L8.59 7.41 13.17 12l-4.58 4.59L10 18l6-6z\"\/><\/svg><br \/>\n                <span><strong>M\u00e9retek:<\/strong> Kompakt kialak\u00edt\u00e1s, amely nem korl\u00e1tozza az akna szabad keresztmetszet\u00e9t.<\/span>\n            <\/li>\n<li style=\"display: flex; align-items: flex-start; margin-bottom: 12px;\">\n                <svg xmlns=\"http:\/\/www.w3.org\/2000\/svg\" width=\"24\" height=\"24\" viewbox=\"0 0 24 24\" fill=\"#bbbbbb\" style=\"min-width: 24px; margin-right: 10px; margin-top: -2px;\"><path d=\"M10 6L8.59 7.41 13.17 12l-4.58 4.59L10 18l6-6z\"\/><\/svg><br \/>\n                <span><strong>Anyag:<\/strong> Alum\u00ednium, horganyzott ac\u00e9l, rozsdamentes (304\/316).<\/span>\n            <\/li>\n<li style=\"display: flex; align-items: flex-start; margin-bottom: 12px;\">\n                <svg xmlns=\"http:\/\/www.w3.org\/2000\/svg\" width=\"24\" height=\"24\" viewbox=\"0 0 24 24\" fill=\"#bbbbbb\" style=\"min-width: 24px; margin-right: 10px; margin-top: -2px;\"><path d=\"M10 6L8.59 7.41 13.17 12l-4.58 4.59L10 18l6-6z\"\/><\/svg><br \/>\n                <span><strong>Fokok:<\/strong> Bord\u00e1zott, cs\u00fasz\u00e1smentes.<\/span>\n            <\/li>\n<\/ul><\/div>\n<div class=\"wp-block-column\">\n<p><strong>Dokument\u00e1ci\u00f3 az \u00e1tv\u00e9telhez:<\/strong><br \/>Minden term\u00e9khez mell\u00e9kel\u00fcnk Megfelel\u0151s\u00e9gi Nyilatkozatot, Katal\u00f3gus- \u00e9s Tervez\u00e9si Adatlapot, valamint szerel\u00e9si \u00e9s haszn\u00e1lati \u00fatmutat\u00f3t.<\/p>\n<\/p><\/div>\n<\/div>\n<div class=\"wp-block-spacer\" style=\"height: 40px;\" aria-hidden=\"true\"><\/div>\n<h4 class=\"wp-block-heading\"><strong>Gyakran Ism\u00e9telt K\u00e9rd\u00e9sek (GYIK)<\/strong><\/h4>\n<p><strong>Megfelel-e a l\u00e9tra a kis mened\u00e9khelyek f\u0151 bej\u00e1rat\u00e1ra vonatkoz\u00f3 k\u00f6vetelm\u00e9nyeknek?<\/strong><br \/>Igen. Kis, mag\u00e1n mened\u00e9khelyek (legfeljebb 35 m\u00b2 \u00e9s 10 f\u0151) eset\u00e9ben a szab\u00e1lyoz\u00e1s (\u00a7 15. \u00a7 (8) bekezd\u00e9s 1. pont) megengedi az akn\u00e1n kereszt\u00fcl t\u00f6rt\u00e9n\u0151 bej\u00e1ratot l\u00e9tr\u00e1val. <\/p>\n<p><strong>Mi a helyzet a kapaszkod\u00f3kkal (akna l\u00e9pcs\u0151fokokkal)?<\/strong><br \/>Megengedettek, de telep\u00edt\u00e9s\u00fck id\u0151ig\u00e9nyes \u00e9s k\u00f6lts\u00e9ges (minden l\u00e9pcs\u0151fok k\u00fcl\u00f6n). A rendszerszint\u0171 l\u00e9tra egyetlen elem, gyorsabb telep\u00edt\u00e9st \u00e9s nagyobb biztons\u00e1got ny\u00fajt. <\/p>\n<div class=\"wp-block-spacer\" style=\"height: 40px;\" aria-hidden=\"true\"><\/div>\n<hr class=\"wp-block-separator aligncenter has-alpha-channel-opacity\">\n<h2 class=\"wp-block-heading has-text-align-center\">Gondoskodjon a biztons\u00e1gr\u00f3l \u00e9s a jogszab\u00e1lyi megfelel\u0151s\u00e9gr\u0151l.<br \/>L\u00e9pjen kapcsolatba vel\u00fcnk a l\u00e9tra kiv\u00e1laszt\u00e1s\u00e1val kapcsolatban.<\/h2>\n<div class=\"wp-block-buttons\" style=\"display: flex; gap: 20px; justify-content: center; flex-wrap: wrap;\">\n<div class=\"wp-block-button\" style=\"text-align: center;\"><a class=\"wp-block-button__link has-text-align-center wp-element-button\" style=\"background-color: #d32f2f; color: #ffffff; border-radius: 5px;\" href=\"https:\/\/crynoline.pl\/kontakt\/\">GYORS \u00c1RAJ\u00c1NLAT<\/a><\/div>\n<div class=\"wp-block-button\" style=\"text-align: center;\"><a class=\"wp-block-button__link has-text-align-center wp-element-button\" style=\"background-color: #d32f2f; color: #ffffff; border-radius: 5px;\" href=\"https:\/\/crynoline.pl\/katalog\/\">KATAL\u00d3GUS LET\u00d6LT\u00c9SE<\/a><\/div>\n<\/div>\n","protected":false},"excerpt":{"rendered":"<p>L\u00c9TR\u00c1K MENED\u00c9KHELYEKHEZ, \u00d3V\u00d3HELYEKHEZ \u00c9S MDS-HEZ Mikor kell l\u00e9tr\u00e1t telep\u00edtenie? (Az \u00d6n jogi k\u00f6telezetts\u00e9gei) A 2025. j\u00falius\u00e1ban \u00e9s november\u00e9ben hat\u00e1lyba l\u00e9pett jogszab\u00e1lyok szerint a j\u00e1rhat\u00f3 v\u00e9szkij\u00e1rati akn\u00e1k kulcsfontoss\u00e1g\u00fa biztons\u00e1gi elemek. 1. Pinc\u00e9k \u00e9s gar\u00e1zsok adapt\u00e1ci\u00f3ja (MDS) A megl\u00e9v\u0151 \u00e9p\u00fcletekben (pl. lak\u00f3h\u00e1zakban) tal\u00e1lhat\u00f3 Ideiglenes Mened\u00e9khelyek (MDS) eset\u00e9ben, ha a kij\u00e1rat v\u00e9szkij\u00e1rati akn\u00e1n kereszt\u00fcl t\u00f6rt\u00e9nik, a jogszab\u00e1ly annak [&hellip;]<\/p>\n","protected":false},"author":558,"featured_media":0,"parent":0,"menu_order":0,"comment_status":"closed","ping_status":"closed","template":"","meta":{"footnotes":""},"class_list":["post-7246","page","type-page","status-publish","hentry"],"yoast_head":"<!-- This site is optimized with the Yoast SEO plugin v27.3 - https:\/\/yoast.com\/product\/yoast-seo-wordpress\/ -->\n<title>L\u00e9tr\u00e1k mened\u00e9khelyekhez \u00e9s MDS-hez \u2013 Jogi k\u00f6vetelm\u00e9nyek<\/title>\n<meta name=\"description\" content=\"Tan\u00fas\u00edtott l\u00e9tr\u00e1k mened\u00e9khelyekhez \u00e9s MDS-hez. Megfelel\u00fcnk a 2025-\u00f6s Bel\u00fcgyminiszt\u00e9riumi Rendelet v\u00e9szkij\u00e1rati akn\u00e1kra vonatkoz\u00f3 k\u00f6vetelm\u00e9nyeinek. Tekintse meg a Crynoline\u00ae k\u00edn\u00e1lat\u00e1t.\" \/>\n<meta name=\"robots\" content=\"index, follow, max-snippet:-1, max-image-preview:large, max-video-preview:-1\" \/>\n<link rel=\"canonical\" href=\"https:\/\/crynoline.pl\/hu\/menedekletrak\/\" \/>\n<meta property=\"og:locale\" content=\"hu_HU\" \/>\n<meta property=\"og:type\" content=\"article\" \/>\n<meta property=\"og:title\" content=\"L\u00e9tr\u00e1k mened\u00e9khelyekhez \u00e9s MDS-hez \u2013 Jogi k\u00f6vetelm\u00e9nyek\" \/>\n<meta property=\"og:description\" content=\"Tan\u00fas\u00edtott l\u00e9tr\u00e1k mened\u00e9khelyekhez \u00e9s MDS-hez. Megfelel\u00fcnk a 2025-\u00f6s Bel\u00fcgyminiszt\u00e9riumi Rendelet v\u00e9szkij\u00e1rati akn\u00e1kra vonatkoz\u00f3 k\u00f6vetelm\u00e9nyeinek. Tekintse meg a Crynoline\u00ae k\u00edn\u00e1lat\u00e1t.\" \/>\n<meta property=\"og:url\" content=\"https:\/\/crynoline.pl\/hu\/menedekletrak\/\" \/>\n<meta property=\"og:site_name\" content=\"Crynoline\" \/>\n<meta property=\"article:modified_time\" content=\"2026-02-16T16:55:37+00:00\" \/>\n<meta property=\"og:image\" content=\"https:\/\/crynoline.pl\/wp-content\/uploads\/2025\/12\/Gemini_Generated_Image_odfn43odfn43odfn-scaled.jpg\" \/>\n<meta name=\"twitter:card\" content=\"summary_large_image\" \/>\n<meta name=\"twitter:label1\" content=\"Becs\u00fclt olvas\u00e1si id\u0151\" \/>\n\t<meta name=\"twitter:data1\" content=\"4 perc\" \/>\n<script type=\"application\/ld+json\" class=\"yoast-schema-graph\">{\"@context\":\"https:\\\/\\\/schema.org\",\"@graph\":[{\"@type\":\"WebPage\",\"@id\":\"https:\\\/\\\/crynoline.pl\\\/hu\\\/menedekletrak\\\/\",\"url\":\"https:\\\/\\\/crynoline.pl\\\/hu\\\/menedekletrak\\\/\",\"name\":\"L\u00e9tr\u00e1k mened\u00e9khelyekhez \u00e9s MDS-hez \u2013 Jogi k\u00f6vetelm\u00e9nyek\",\"isPartOf\":{\"@id\":\"https:\\\/\\\/crynoline.pl\\\/hu\\\/#website\"},\"primaryImageOfPage\":{\"@id\":\"https:\\\/\\\/crynoline.pl\\\/hu\\\/menedekletrak\\\/#primaryimage\"},\"image\":{\"@id\":\"https:\\\/\\\/crynoline.pl\\\/hu\\\/menedekletrak\\\/#primaryimage\"},\"thumbnailUrl\":\"https:\\\/\\\/crynoline.pl\\\/wp-content\\\/uploads\\\/2025\\\/12\\\/Gemini_Generated_Image_odfn43odfn43odfn-scaled.jpg\",\"datePublished\":\"2026-02-16T16:55:35+00:00\",\"dateModified\":\"2026-02-16T16:55:37+00:00\",\"description\":\"Tan\u00fas\u00edtott l\u00e9tr\u00e1k mened\u00e9khelyekhez \u00e9s MDS-hez. Megfelel\u00fcnk a 2025-\u00f6s Bel\u00fcgyminiszt\u00e9riumi Rendelet v\u00e9szkij\u00e1rati akn\u00e1kra vonatkoz\u00f3 k\u00f6vetelm\u00e9nyeinek. Tekintse meg a Crynoline\u00ae k\u00edn\u00e1lat\u00e1t.\",\"breadcrumb\":{\"@id\":\"https:\\\/\\\/crynoline.pl\\\/hu\\\/menedekletrak\\\/#breadcrumb\"},\"inLanguage\":\"hu\",\"potentialAction\":[{\"@type\":\"ReadAction\",\"target\":[\"https:\\\/\\\/crynoline.pl\\\/hu\\\/menedekletrak\\\/\"]}]},{\"@type\":\"ImageObject\",\"inLanguage\":\"hu\",\"@id\":\"https:\\\/\\\/crynoline.pl\\\/hu\\\/menedekletrak\\\/#primaryimage\",\"url\":\"https:\\\/\\\/crynoline.pl\\\/wp-content\\\/uploads\\\/2025\\\/12\\\/Gemini_Generated_Image_odfn43odfn43odfn-scaled.jpg\",\"contentUrl\":\"https:\\\/\\\/crynoline.pl\\\/wp-content\\\/uploads\\\/2025\\\/12\\\/Gemini_Generated_Image_odfn43odfn43odfn-scaled.jpg\"},{\"@type\":\"BreadcrumbList\",\"@id\":\"https:\\\/\\\/crynoline.pl\\\/hu\\\/menedekletrak\\\/#breadcrumb\",\"itemListElement\":[{\"@type\":\"ListItem\",\"position\":1,\"name\":\"Strona g\u0142\u00f3wna\",\"item\":\"https:\\\/\\\/crynoline.pl\\\/hu\\\/\"},{\"@type\":\"ListItem\",\"position\":2,\"name\":\"Mened\u00e9kl\u00e9tr\u00e1k\"}]},{\"@type\":\"WebSite\",\"@id\":\"https:\\\/\\\/crynoline.pl\\\/hu\\\/#website\",\"url\":\"https:\\\/\\\/crynoline.pl\\\/hu\\\/\",\"name\":\"Crynoline\",\"description\":\"najta\u0144sze drabiny dla Ciebie\",\"publisher\":{\"@id\":\"https:\\\/\\\/crynoline.pl\\\/hu\\\/#organization\"},\"potentialAction\":[{\"@type\":\"SearchAction\",\"target\":{\"@type\":\"EntryPoint\",\"urlTemplate\":\"https:\\\/\\\/crynoline.pl\\\/hu\\\/?s={search_term_string}\"},\"query-input\":{\"@type\":\"PropertyValueSpecification\",\"valueRequired\":true,\"valueName\":\"search_term_string\"}}],\"inLanguage\":\"hu\"},{\"@type\":\"Organization\",\"@id\":\"https:\\\/\\\/crynoline.pl\\\/hu\\\/#organization\",\"name\":\"Crynoline\",\"url\":\"https:\\\/\\\/crynoline.pl\\\/hu\\\/\",\"logo\":{\"@type\":\"ImageObject\",\"inLanguage\":\"hu\",\"@id\":\"https:\\\/\\\/crynoline.pl\\\/hu\\\/#\\\/schema\\\/logo\\\/image\\\/\",\"url\":\"https:\\\/\\\/crynoline.pl\\\/wp-content\\\/uploads\\\/2026\\\/02\\\/cropped-1202187703261800.piAhYxxW0Y8PsOYz9jlH_height640.png\",\"contentUrl\":\"https:\\\/\\\/crynoline.pl\\\/wp-content\\\/uploads\\\/2026\\\/02\\\/cropped-1202187703261800.piAhYxxW0Y8PsOYz9jlH_height640.png\",\"width\":480,\"height\":480,\"caption\":\"Crynoline\"},\"image\":{\"@id\":\"https:\\\/\\\/crynoline.pl\\\/hu\\\/#\\\/schema\\\/logo\\\/image\\\/\"}}]}<\/script>\n<!-- \/ Yoast SEO plugin. -->","yoast_head_json":{"title":"L\u00e9tr\u00e1k mened\u00e9khelyekhez \u00e9s MDS-hez \u2013 Jogi k\u00f6vetelm\u00e9nyek","description":"Tan\u00fas\u00edtott l\u00e9tr\u00e1k mened\u00e9khelyekhez \u00e9s MDS-hez. Megfelel\u00fcnk a 2025-\u00f6s Bel\u00fcgyminiszt\u00e9riumi Rendelet v\u00e9szkij\u00e1rati akn\u00e1kra vonatkoz\u00f3 k\u00f6vetelm\u00e9nyeinek. Tekintse meg a Crynoline\u00ae k\u00edn\u00e1lat\u00e1t.","robots":{"index":"index","follow":"follow","max-snippet":"max-snippet:-1","max-image-preview":"max-image-preview:large","max-video-preview":"max-video-preview:-1"},"canonical":"https:\/\/crynoline.pl\/hu\/menedekletrak\/","og_locale":"hu_HU","og_type":"article","og_title":"L\u00e9tr\u00e1k mened\u00e9khelyekhez \u00e9s MDS-hez \u2013 Jogi k\u00f6vetelm\u00e9nyek","og_description":"Tan\u00fas\u00edtott l\u00e9tr\u00e1k mened\u00e9khelyekhez \u00e9s MDS-hez. Megfelel\u00fcnk a 2025-\u00f6s Bel\u00fcgyminiszt\u00e9riumi Rendelet v\u00e9szkij\u00e1rati akn\u00e1kra vonatkoz\u00f3 k\u00f6vetelm\u00e9nyeinek. Tekintse meg a Crynoline\u00ae k\u00edn\u00e1lat\u00e1t.","og_url":"https:\/\/crynoline.pl\/hu\/menedekletrak\/","og_site_name":"Crynoline","article_modified_time":"2026-02-16T16:55:37+00:00","og_image":[{"url":"https:\/\/crynoline.pl\/wp-content\/uploads\/2025\/12\/Gemini_Generated_Image_odfn43odfn43odfn-scaled.jpg","type":"","width":"","height":""}],"twitter_card":"summary_large_image","twitter_misc":{"Becs\u00fclt olvas\u00e1si id\u0151":"4 perc"},"schema":{"@context":"https:\/\/schema.org","@graph":[{"@type":"WebPage","@id":"https:\/\/crynoline.pl\/hu\/menedekletrak\/","url":"https:\/\/crynoline.pl\/hu\/menedekletrak\/","name":"L\u00e9tr\u00e1k mened\u00e9khelyekhez \u00e9s MDS-hez \u2013 Jogi k\u00f6vetelm\u00e9nyek","isPartOf":{"@id":"https:\/\/crynoline.pl\/hu\/#website"},"primaryImageOfPage":{"@id":"https:\/\/crynoline.pl\/hu\/menedekletrak\/#primaryimage"},"image":{"@id":"https:\/\/crynoline.pl\/hu\/menedekletrak\/#primaryimage"},"thumbnailUrl":"https:\/\/crynoline.pl\/wp-content\/uploads\/2025\/12\/Gemini_Generated_Image_odfn43odfn43odfn-scaled.jpg","datePublished":"2026-02-16T16:55:35+00:00","dateModified":"2026-02-16T16:55:37+00:00","description":"Tan\u00fas\u00edtott l\u00e9tr\u00e1k mened\u00e9khelyekhez \u00e9s MDS-hez. Megfelel\u00fcnk a 2025-\u00f6s Bel\u00fcgyminiszt\u00e9riumi Rendelet v\u00e9szkij\u00e1rati akn\u00e1kra vonatkoz\u00f3 k\u00f6vetelm\u00e9nyeinek. Tekintse meg a Crynoline\u00ae k\u00edn\u00e1lat\u00e1t.","breadcrumb":{"@id":"https:\/\/crynoline.pl\/hu\/menedekletrak\/#breadcrumb"},"inLanguage":"hu","potentialAction":[{"@type":"ReadAction","target":["https:\/\/crynoline.pl\/hu\/menedekletrak\/"]}]},{"@type":"ImageObject","inLanguage":"hu","@id":"https:\/\/crynoline.pl\/hu\/menedekletrak\/#primaryimage","url":"https:\/\/crynoline.pl\/wp-content\/uploads\/2025\/12\/Gemini_Generated_Image_odfn43odfn43odfn-scaled.jpg","contentUrl":"https:\/\/crynoline.pl\/wp-content\/uploads\/2025\/12\/Gemini_Generated_Image_odfn43odfn43odfn-scaled.jpg"},{"@type":"BreadcrumbList","@id":"https:\/\/crynoline.pl\/hu\/menedekletrak\/#breadcrumb","itemListElement":[{"@type":"ListItem","position":1,"name":"Strona g\u0142\u00f3wna","item":"https:\/\/crynoline.pl\/hu\/"},{"@type":"ListItem","position":2,"name":"Mened\u00e9kl\u00e9tr\u00e1k"}]},{"@type":"WebSite","@id":"https:\/\/crynoline.pl\/hu\/#website","url":"https:\/\/crynoline.pl\/hu\/","name":"Crynoline","description":"najta\u0144sze drabiny dla Ciebie","publisher":{"@id":"https:\/\/crynoline.pl\/hu\/#organization"},"potentialAction":[{"@type":"SearchAction","target":{"@type":"EntryPoint","urlTemplate":"https:\/\/crynoline.pl\/hu\/?s={search_term_string}"},"query-input":{"@type":"PropertyValueSpecification","valueRequired":true,"valueName":"search_term_string"}}],"inLanguage":"hu"},{"@type":"Organization","@id":"https:\/\/crynoline.pl\/hu\/#organization","name":"Crynoline","url":"https:\/\/crynoline.pl\/hu\/","logo":{"@type":"ImageObject","inLanguage":"hu","@id":"https:\/\/crynoline.pl\/hu\/#\/schema\/logo\/image\/","url":"https:\/\/crynoline.pl\/wp-content\/uploads\/2026\/02\/cropped-1202187703261800.piAhYxxW0Y8PsOYz9jlH_height640.png","contentUrl":"https:\/\/crynoline.pl\/wp-content\/uploads\/2026\/02\/cropped-1202187703261800.piAhYxxW0Y8PsOYz9jlH_height640.png","width":480,"height":480,"caption":"Crynoline"},"image":{"@id":"https:\/\/crynoline.pl\/hu\/#\/schema\/logo\/image\/"}}]}},"_links":{"self":[{"href":"https:\/\/crynoline.pl\/hu\/wp-json\/wp\/v2\/pages\/7246","targetHints":{"allow":["GET"]}}],"collection":[{"href":"https:\/\/crynoline.pl\/hu\/wp-json\/wp\/v2\/pages"}],"about":[{"href":"https:\/\/crynoline.pl\/hu\/wp-json\/wp\/v2\/types\/page"}],"author":[{"embeddable":true,"href":"https:\/\/crynoline.pl\/hu\/wp-json\/wp\/v2\/users\/558"}],"replies":[{"embeddable":true,"href":"https:\/\/crynoline.pl\/hu\/wp-json\/wp\/v2\/comments?post=7246"}],"version-history":[{"count":1,"href":"https:\/\/crynoline.pl\/hu\/wp-json\/wp\/v2\/pages\/7246\/revisions"}],"predecessor-version":[{"id":7249,"href":"https:\/\/crynoline.pl\/hu\/wp-json\/wp\/v2\/pages\/7246\/revisions\/7249"}],"wp:attachment":[{"href":"https:\/\/crynoline.pl\/hu\/wp-json\/wp\/v2\/media?parent=7246"}],"curies":[{"name":"wp","href":"https:\/\/api.w.org\/{rel}","templated":true}]}}