  {"id":7222,"date":"2026-02-16T16:55:35","date_gmt":"2026-02-16T16:55:35","guid":{"rendered":"https:\/\/crynoline.pl\/?page_id=7222"},"modified":"2026-02-16T16:55:37","modified_gmt":"2026-02-16T16:55:37","slug":"scale-per-rifugi","status":"publish","type":"page","link":"https:\/\/crynoline.pl\/it\/scale-per-rifugi\/","title":{"rendered":"Scale per rifugi"},"content":{"rendered":"<style>\n<p>    .entry-title, .page-title, .post-title, h1.wp-block-post-title {\n        display: none !important;\n    }<\/p>\n<p>    #content, .site-content, .content-area {\n        padding-top: 0 !important;\n        margin-top: 0 !important;\n    }<\/p>\n<p>    .page-header, #page-header {\n        display: none !important;\n        margin: 0 !important;\n        padding: 0 !important;\n        height: 0 !important;\n    }\n<\/style>\n<div class=\"alignfull\" style=\"  height: 299px; max-height: 299px; width: 100vw; position: relative; left: 50%; right: 50%; margin-left: -50vw; margin-right: -50vw; overflow: hidden; background-color: #000; display: flex; align-items: center; margin-top: -90px; padding: 0; z-index: 10;  \">\n    <img decoding=\"async\" src=\"https:\/\/crynoline.pl\/wp-content\/uploads\/2025\/12\/Gemini_Generated_Image_odfn43odfn43odfn-scaled.jpg\" alt=\"\" style=\"  position: absolute; top: 0; left: 0; width: 100%; height: 100%; object-fit: cover; opacity: 0.4; z-index: 1;  \"><\/p>\n<div style=\"  position: relative; z-index: 2; width: 100%; max-width: 1200px; margin: 0 auto; padding-left: 20px; padding-right: 20px;  \">\n<h1 style=\"  font-family: 'Montserrat', sans-serif; color: #ce171f; text-transform: uppercase; font-weight: 400; font-size: 48px; line-height: 1.2; letter-spacing: 1px; margin: 0; text-align: left;  \">SCALE PER RIFUGI, NASCONDIGLI E MDS<\/h1>\n<\/p><\/div>\n<\/div>\n<div class=\"wp-block-spacer\" style=\"height: 60px;\" aria-hidden=\"true\"><\/div>\n<h4 class=\"wp-block-heading\"><strong>Quando \u00e8 necessario installare una scala? (I tuoi obblighi legali) <\/strong><\/h4>\n<p>Secondo gli atti legali entrati in vigore a luglio e novembre 2025, i pozzi di evacuazione liberi sono un elemento chiave della sicurezza.<\/p>\n<div class=\"wp-block-columns\" style=\"align-items: stretch; gap: 30px;\">\n<div class=\"wp-block-column\" style=\"display: flex; flex-direction: column;\">\n<p><strong>1. Adattamento di cantine e garage (MDS)<\/strong><\/p>\n<p>Per i Luoghi di Rifugio Temporaneo (MDS) negli edifici esistenti (ad esempio, condomini), in caso di uscita tramite pozzo di emergenza, la legge richiede il suo equipaggiamento permanente.<\/p>\n<div style=\"background-color: #f9f9f9; border-left: 4px solid #d32f2f; padding: 20px; margin-top: auto; flex-grow: 1; display: flex; align-items: center;\">\n<p style=\"margin: 0; font-size: 14px; color: #333;\">\n                <strong>Base legale:<\/strong> Il \u00a7 6 comma 5 punto 2 lettera a del Regolamento MSWiA (Gazzetta Ufficiale pos. 932) impone che il pozzo sia dotato di <em>\u201cuna scaletta o graffe, fissate in modo permanente alla struttura del pozzo\u201d<\/em>.\n            <\/p>\n<\/p><\/div>\n<\/p><\/div>\n<div class=\"wp-block-column\" style=\"display: flex; flex-direction: column;\">\n<p><strong>2. Nuovi rifugi e nascondigli (fino a 300 persone)<\/strong><\/p>\n<p>Per i nuovi investimenti, le normative consentono di rinunciare alla scala a favore di una scaletta nel pozzo di uscita di riserva per aree con capacit\u00e0 fino a 300 persone.<\/p>\n<div style=\"background-color: #f9f9f9; border-left: 4px solid #d32f2f; padding: 20px; margin-top: auto; flex-grow: 1; display: flex; align-items: center;\">\n<p style=\"margin: 0; font-size: 14px; color: #333;\">\n                <strong>Base legale:<\/strong> Il \u00a7 22 comma 5 del Regolamento MSWiA (Gazzetta Ufficiale pos. 1548) ammette un pozzo di uscita di riserva dotato di <em>\u201cuna scaletta o graffe\u201d<\/em>.\n            <\/p>\n<\/p><\/div>\n<\/p><\/div>\n<\/div>\n<div class=\"wp-block-spacer\" style=\"height: 40px;\" aria-hidden=\"true\"><\/div>\n<h2 class=\"wp-block-heading has-text-align-left\"><strong>Scale certificate per rifugi e nascondigli<\/strong><\/h2>\n<p>Garantiamo un accesso sicuro e conforme alle normative alle uscite di emergenza. Le nostre scale sono realizzate in conformit\u00e0 ai requisiti del Regolamento sulle Condizioni Tecniche per le strutture di protezione. Offriamo un&#8217;ampia gamma di prodotti standard e soluzioni su misura.  <\/p>\n<p>Le nuove normative di protezione civile impongono ai gestori e agli investitori l&#8217;obbligo di garantire uscite di emergenza sicure dalle strutture di protezione. Offriamo <strong>scale per rifugi<\/strong> certificate e modulari, che soddisfano i rigorosi requisiti del Regolamento sui Luoghi di Rifugio Temporaneo (MDS) e delle Condizioni Tecniche per le strutture di protezione. <\/p>\n<div class=\"wp-block-spacer\" style=\"height: 40px;\" aria-hidden=\"true\"><\/div>\n<hr class=\"wp-block-separator aligncenter has-alpha-channel-opacity\">\n<div class=\"wp-block-columns are-vertically-aligned-center\">\n<div class=\"wp-block-column\">\n<h4 class=\"wp-block-heading\"><strong>Perch\u00e9 il sistema di scale Crynoline\u00ae?<\/strong><\/h4>\n<p>Scegliendo il sistema Crynoline\u00ae, ottieni un vantaggio rispetto all&#8217;installazione di singole graffe:<\/p>\n<ul style=\"list-style: none; padding-left: 0; margin-left: 0;\">\n<li style=\"display: flex; align-items: flex-start; margin-bottom: 12px;\">\n                <svg xmlns=\"http:\/\/www.w3.org\/2000\/svg\" width=\"24\" height=\"24\" viewbox=\"0 0 24 24\" fill=\"#bbbbbb\" style=\"min-width: 24px; margin-right: 10px; margin-top: -2px;\"><path d=\"M10 6L8.59 7.41 13.17 12l-4.58 4.59L10 18l6-6z\"\/><\/svg><br \/>\n                <span><strong>Montaggio rapido:<\/strong> Un elemento pronto e integrato invece di praticare decine di fori per le graffe.<\/span>\n            <\/li>\n<li style=\"display: flex; align-items: flex-start; margin-bottom: 12px;\">\n                <svg xmlns=\"http:\/\/www.w3.org\/2000\/svg\" width=\"24\" height=\"24\" viewbox=\"0 0 24 24\" fill=\"#bbbbbb\" style=\"min-width: 24px; margin-right: 10px; margin-top: -2px;\"><path d=\"M10 6L8.59 7.41 13.17 12l-4.58 4.59L10 18l6-6z\"\/><\/svg><br \/>\n                <span><strong>Certezza del collaudo tecnico:<\/strong> Soddisfiamo la definizione di \u201cfissaggio permanente\u201d e forniamo la documentazione.<\/span>\n            <\/li>\n<li style=\"display: flex; align-items: flex-start; margin-bottom: 12px;\">\n                <svg xmlns=\"http:\/\/www.w3.org\/2000\/svg\" width=\"24\" height=\"24\" viewbox=\"0 0 24 24\" fill=\"#bbbbbb\" style=\"min-width: 24px; margin-right: 10px; margin-top: -2px;\"><path d=\"M10 6L8.59 7.41 13.17 12l-4.58 4.59L10 18l6-6z\"\/><\/svg><br \/>\n                <span><strong>Sicurezza dell&#8217;evacuazione:<\/strong> I robusti montanti (fianchi) garantiscono una presa sicura.<\/span>\n            <\/li>\n<li style=\"display: flex; align-items: flex-start; margin-bottom: 12px;\">\n                <svg xmlns=\"http:\/\/www.w3.org\/2000\/svg\" width=\"24\" height=\"24\" viewbox=\"0 0 24 24\" fill=\"#bbbbbb\" style=\"min-width: 24px; margin-right: 10px; margin-top: -2px;\"><path d=\"M10 6L8.59 7.41 13.17 12l-4.58 4.59L10 18l6-6z\"\/><\/svg><br \/>\n                <span><strong>Resistenza all&#8217;umidit\u00e0:<\/strong> Alluminio e acciaio zincato non arrugginiscono nei pozzi umidi.<\/span>\n            <\/li>\n<\/ul><\/div>\n<div class=\"wp-block-column is-vertically-aligned-center\">\n<figure class=\"wp-block-image size-large\">\n            <img decoding=\"async\" src=\"https:\/\/crynoline.pl\/wp-content\/uploads\/2025\/12\/szybowa-3.jpg\" alt=\"Scala modulare Crynoline per rifugi\" style=\"width: 72%; height: auto; display: block; margin: 0 auto; border-radius: 8px;\"><br \/>\n        <\/figure>\n<\/p><\/div>\n<\/div>\n<div class=\"wp-block-spacer\" style=\"height: 40px;\" aria-hidden=\"true\"><\/div>\n<h4 class=\"wp-block-heading\"><strong>Offerta Crynoline\u00ae \u2013 Specifiche tecniche<\/strong><\/h4>\n<p>Secondo il nuovo regolamento (\u00a7 22 comma 5 punto 1), la larghezza minima del pozzo in luce \u00e8 di <strong>0,9 m<\/strong>. Le nostre scale si adattano perfettamente a questo spazio. <\/p>\n<div class=\"wp-block-columns\">\n<div class=\"wp-block-column\">\n<ul style=\"list-style: none; padding-left: 0; margin-left: 0;\">\n<li style=\"display: flex; align-items: flex-start; margin-bottom: 12px;\">\n                <svg xmlns=\"http:\/\/www.w3.org\/2000\/svg\" width=\"24\" height=\"24\" viewbox=\"0 0 24 24\" fill=\"#bbbbbb\" style=\"min-width: 24px; margin-right: 10px; margin-top: -2px;\"><path d=\"M10 6L8.59 7.41 13.17 12l-4.58 4.59L10 18l6-6z\"\/><\/svg><br \/>\n                <span><strong>Applicazione:<\/strong> Pozzi di emergenza MDS e Rifugi (S\/U).<\/span>\n            <\/li>\n<li style=\"display: flex; align-items: flex-start; margin-bottom: 12px;\">\n                <svg xmlns=\"http:\/\/www.w3.org\/2000\/svg\" width=\"24\" height=\"24\" viewbox=\"0 0 24 24\" fill=\"#bbbbbb\" style=\"min-width: 24px; margin-right: 10px; margin-top: -2px;\"><path d=\"M10 6L8.59 7.41 13.17 12l-4.58 4.59L10 18l6-6z\"\/><\/svg><br \/>\n                <span><strong>Dimensioni:<\/strong> Struttura compatta che non limita la luce del pozzo.<\/span>\n            <\/li>\n<li style=\"display: flex; align-items: flex-start; margin-bottom: 12px;\">\n                <svg xmlns=\"http:\/\/www.w3.org\/2000\/svg\" width=\"24\" height=\"24\" viewbox=\"0 0 24 24\" fill=\"#bbbbbb\" style=\"min-width: 24px; margin-right: 10px; margin-top: -2px;\"><path d=\"M10 6L8.59 7.41 13.17 12l-4.58 4.59L10 18l6-6z\"\/><\/svg><br \/>\n                <span><strong>Materiale:<\/strong> Alluminio, Acciaio zincato, Inox (304\/316).<\/span>\n            <\/li>\n<li style=\"display: flex; align-items: flex-start; margin-bottom: 12px;\">\n                <svg xmlns=\"http:\/\/www.w3.org\/2000\/svg\" width=\"24\" height=\"24\" viewbox=\"0 0 24 24\" fill=\"#bbbbbb\" style=\"min-width: 24px; margin-right: 10px; margin-top: -2px;\"><path d=\"M10 6L8.59 7.41 13.17 12l-4.58 4.59L10 18l6-6z\"\/><\/svg><br \/>\n                <span><strong>Pioli:<\/strong> Zigrinati, antiscivolo.<\/span>\n            <\/li>\n<\/ul><\/div>\n<div class=\"wp-block-column\">\n<p><strong>Documentazione per il collaudo:<\/strong><br \/>Per ogni prodotto alleghiamo la Dichiarazione di Conformit\u00e0, la Scheda Catalogo-Progetto e le istruzioni di montaggio e uso.<\/p>\n<\/p><\/div>\n<\/div>\n<div class=\"wp-block-spacer\" style=\"height: 40px;\" aria-hidden=\"true\"><\/div>\n<h4 class=\"wp-block-heading\"><strong>Domande frequenti (FAQ)<\/strong><\/h4>\n<p><strong>La scala soddisfa i requisiti per l&#8217;ingresso principale di un piccolo rifugio?<\/strong><br \/>S\u00ec. Nel caso di piccoli rifugi privati (fino a 35 m\u00b2 e 10 persone), le normative (\u00a7 15 comma 8 punto 1) consentono l&#8217;ingresso tramite pozzo con scala. <\/p>\n<p><strong>E le graffe (gradini di accesso)?<\/strong><br \/>Sono ammesse, ma la loro installazione \u00e8 dispendiosa in termini di tempo e costi (ogni gradino separatamente). La scala modulare \u00e8 un unico elemento, montaggio pi\u00f9 rapido e maggiore sicurezza. <\/p>\n<div class=\"wp-block-spacer\" style=\"height: 40px;\" aria-hidden=\"true\"><\/div>\n<hr class=\"wp-block-separator aligncenter has-alpha-channel-opacity\">\n<h2 class=\"wp-block-heading has-text-align-center\">Garantisci sicurezza e conformit\u00e0 legale.<br \/>Contattaci per la scelta della scala.<\/h2>\n<div class=\"wp-block-buttons\" style=\"display: flex; gap: 20px; justify-content: center; flex-wrap: wrap;\">\n<div class=\"wp-block-button\" style=\"text-align: center;\"><a class=\"wp-block-button__link has-text-align-center wp-element-button\" style=\"background-color: #d32f2f; color: #ffffff; border-radius: 5px;\" href=\"https:\/\/crynoline.pl\/kontakt\/\">PREVENTIVO RAPIDO<\/a><\/div>\n<div class=\"wp-block-button\" style=\"text-align: center;\"><a class=\"wp-block-button__link has-text-align-center wp-element-button\" style=\"background-color: #d32f2f; color: #ffffff; border-radius: 5px;\" href=\"https:\/\/crynoline.pl\/katalog\/\">SCARICA IL CATALOGO<\/a><\/div>\n<\/div>\n","protected":false},"excerpt":{"rendered":"<p>SCALE PER RIFUGI, NASCONDIGLI E MDS Quando \u00e8 necessario installare una scala? (I tuoi obblighi legali) Secondo gli atti legali entrati in vigore a luglio e novembre 2025, i pozzi di evacuazione liberi sono un elemento chiave della sicurezza. 1. Adattamento di cantine e garage (MDS) Per i Luoghi di Rifugio Temporaneo (MDS) negli edifici [&hellip;]<\/p>\n","protected":false},"author":558,"featured_media":0,"parent":0,"menu_order":0,"comment_status":"closed","ping_status":"closed","template":"","meta":{"footnotes":""},"class_list":["post-7222","page","type-page","status-publish","hentry"],"yoast_head":"<!-- This site is optimized with the Yoast SEO plugin v27.3 - https:\/\/yoast.com\/product\/yoast-seo-wordpress\/ -->\n<title>Scale per rifugi e MDS - Requisiti legali<\/title>\n<meta name=\"description\" content=\"Scale certificate per rifugi e MDS. Soddisfiamo i requisiti del Regolamento MSWiA 2025 per i pozzi di emergenza. Scopri l&#039;offerta Crynoline\u00ae.\" \/>\n<meta name=\"robots\" content=\"index, follow, max-snippet:-1, max-image-preview:large, max-video-preview:-1\" \/>\n<link rel=\"canonical\" href=\"https:\/\/crynoline.pl\/it\/scale-per-rifugi\/\" \/>\n<meta property=\"og:locale\" content=\"it_IT\" \/>\n<meta property=\"og:type\" content=\"article\" \/>\n<meta property=\"og:title\" content=\"Scale per rifugi e MDS - Requisiti legali\" \/>\n<meta property=\"og:description\" content=\"Scale certificate per rifugi e MDS. Soddisfiamo i requisiti del Regolamento MSWiA 2025 per i pozzi di emergenza. Scopri l&#039;offerta Crynoline\u00ae.\" \/>\n<meta property=\"og:url\" content=\"https:\/\/crynoline.pl\/it\/scale-per-rifugi\/\" \/>\n<meta property=\"og:site_name\" content=\"Crynoline\" \/>\n<meta property=\"article:modified_time\" content=\"2026-02-16T16:55:37+00:00\" \/>\n<meta property=\"og:image\" content=\"https:\/\/crynoline.pl\/wp-content\/uploads\/2025\/12\/Gemini_Generated_Image_odfn43odfn43odfn-scaled.jpg\" \/>\n<meta name=\"twitter:card\" content=\"summary_large_image\" \/>\n<meta name=\"twitter:label1\" content=\"Tempo di lettura stimato\" \/>\n\t<meta name=\"twitter:data1\" content=\"2 minuti\" \/>\n<script type=\"application\/ld+json\" class=\"yoast-schema-graph\">{\"@context\":\"https:\\\/\\\/schema.org\",\"@graph\":[{\"@type\":\"WebPage\",\"@id\":\"https:\\\/\\\/crynoline.pl\\\/it\\\/scale-per-rifugi\\\/\",\"url\":\"https:\\\/\\\/crynoline.pl\\\/it\\\/scale-per-rifugi\\\/\",\"name\":\"Scale per rifugi e MDS - Requisiti legali\",\"isPartOf\":{\"@id\":\"https:\\\/\\\/crynoline.pl\\\/it\\\/#website\"},\"primaryImageOfPage\":{\"@id\":\"https:\\\/\\\/crynoline.pl\\\/it\\\/scale-per-rifugi\\\/#primaryimage\"},\"image\":{\"@id\":\"https:\\\/\\\/crynoline.pl\\\/it\\\/scale-per-rifugi\\\/#primaryimage\"},\"thumbnailUrl\":\"https:\\\/\\\/crynoline.pl\\\/wp-content\\\/uploads\\\/2025\\\/12\\\/Gemini_Generated_Image_odfn43odfn43odfn-scaled.jpg\",\"datePublished\":\"2026-02-16T16:55:35+00:00\",\"dateModified\":\"2026-02-16T16:55:37+00:00\",\"description\":\"Scale certificate per rifugi e MDS. Soddisfiamo i requisiti del Regolamento MSWiA 2025 per i pozzi di emergenza. Scopri l'offerta Crynoline\u00ae.\",\"breadcrumb\":{\"@id\":\"https:\\\/\\\/crynoline.pl\\\/it\\\/scale-per-rifugi\\\/#breadcrumb\"},\"inLanguage\":\"it-IT\",\"potentialAction\":[{\"@type\":\"ReadAction\",\"target\":[\"https:\\\/\\\/crynoline.pl\\\/it\\\/scale-per-rifugi\\\/\"]}]},{\"@type\":\"ImageObject\",\"inLanguage\":\"it-IT\",\"@id\":\"https:\\\/\\\/crynoline.pl\\\/it\\\/scale-per-rifugi\\\/#primaryimage\",\"url\":\"https:\\\/\\\/crynoline.pl\\\/wp-content\\\/uploads\\\/2025\\\/12\\\/Gemini_Generated_Image_odfn43odfn43odfn-scaled.jpg\",\"contentUrl\":\"https:\\\/\\\/crynoline.pl\\\/wp-content\\\/uploads\\\/2025\\\/12\\\/Gemini_Generated_Image_odfn43odfn43odfn-scaled.jpg\"},{\"@type\":\"BreadcrumbList\",\"@id\":\"https:\\\/\\\/crynoline.pl\\\/it\\\/scale-per-rifugi\\\/#breadcrumb\",\"itemListElement\":[{\"@type\":\"ListItem\",\"position\":1,\"name\":\"Strona g\u0142\u00f3wna\",\"item\":\"https:\\\/\\\/crynoline.pl\\\/it\\\/\"},{\"@type\":\"ListItem\",\"position\":2,\"name\":\"Scale per rifugi\"}]},{\"@type\":\"WebSite\",\"@id\":\"https:\\\/\\\/crynoline.pl\\\/it\\\/#website\",\"url\":\"https:\\\/\\\/crynoline.pl\\\/it\\\/\",\"name\":\"Crynoline\",\"description\":\"najta\u0144sze drabiny dla Ciebie\",\"publisher\":{\"@id\":\"https:\\\/\\\/crynoline.pl\\\/it\\\/#organization\"},\"potentialAction\":[{\"@type\":\"SearchAction\",\"target\":{\"@type\":\"EntryPoint\",\"urlTemplate\":\"https:\\\/\\\/crynoline.pl\\\/it\\\/?s={search_term_string}\"},\"query-input\":{\"@type\":\"PropertyValueSpecification\",\"valueRequired\":true,\"valueName\":\"search_term_string\"}}],\"inLanguage\":\"it-IT\"},{\"@type\":\"Organization\",\"@id\":\"https:\\\/\\\/crynoline.pl\\\/it\\\/#organization\",\"name\":\"Crynoline\",\"url\":\"https:\\\/\\\/crynoline.pl\\\/it\\\/\",\"logo\":{\"@type\":\"ImageObject\",\"inLanguage\":\"it-IT\",\"@id\":\"https:\\\/\\\/crynoline.pl\\\/it\\\/#\\\/schema\\\/logo\\\/image\\\/\",\"url\":\"https:\\\/\\\/crynoline.pl\\\/wp-content\\\/uploads\\\/2026\\\/02\\\/cropped-1202187703261800.piAhYxxW0Y8PsOYz9jlH_height640.png\",\"contentUrl\":\"https:\\\/\\\/crynoline.pl\\\/wp-content\\\/uploads\\\/2026\\\/02\\\/cropped-1202187703261800.piAhYxxW0Y8PsOYz9jlH_height640.png\",\"width\":480,\"height\":480,\"caption\":\"Crynoline\"},\"image\":{\"@id\":\"https:\\\/\\\/crynoline.pl\\\/it\\\/#\\\/schema\\\/logo\\\/image\\\/\"}}]}<\/script>\n<!-- \/ Yoast SEO plugin. -->","yoast_head_json":{"title":"Scale per rifugi e MDS - Requisiti legali","description":"Scale certificate per rifugi e MDS. Soddisfiamo i requisiti del Regolamento MSWiA 2025 per i pozzi di emergenza. Scopri l'offerta Crynoline\u00ae.","robots":{"index":"index","follow":"follow","max-snippet":"max-snippet:-1","max-image-preview":"max-image-preview:large","max-video-preview":"max-video-preview:-1"},"canonical":"https:\/\/crynoline.pl\/it\/scale-per-rifugi\/","og_locale":"it_IT","og_type":"article","og_title":"Scale per rifugi e MDS - Requisiti legali","og_description":"Scale certificate per rifugi e MDS. Soddisfiamo i requisiti del Regolamento MSWiA 2025 per i pozzi di emergenza. Scopri l'offerta Crynoline\u00ae.","og_url":"https:\/\/crynoline.pl\/it\/scale-per-rifugi\/","og_site_name":"Crynoline","article_modified_time":"2026-02-16T16:55:37+00:00","og_image":[{"url":"https:\/\/crynoline.pl\/wp-content\/uploads\/2025\/12\/Gemini_Generated_Image_odfn43odfn43odfn-scaled.jpg","type":"","width":"","height":""}],"twitter_card":"summary_large_image","twitter_misc":{"Tempo di lettura stimato":"2 minuti"},"schema":{"@context":"https:\/\/schema.org","@graph":[{"@type":"WebPage","@id":"https:\/\/crynoline.pl\/it\/scale-per-rifugi\/","url":"https:\/\/crynoline.pl\/it\/scale-per-rifugi\/","name":"Scale per rifugi e MDS - Requisiti legali","isPartOf":{"@id":"https:\/\/crynoline.pl\/it\/#website"},"primaryImageOfPage":{"@id":"https:\/\/crynoline.pl\/it\/scale-per-rifugi\/#primaryimage"},"image":{"@id":"https:\/\/crynoline.pl\/it\/scale-per-rifugi\/#primaryimage"},"thumbnailUrl":"https:\/\/crynoline.pl\/wp-content\/uploads\/2025\/12\/Gemini_Generated_Image_odfn43odfn43odfn-scaled.jpg","datePublished":"2026-02-16T16:55:35+00:00","dateModified":"2026-02-16T16:55:37+00:00","description":"Scale certificate per rifugi e MDS. Soddisfiamo i requisiti del Regolamento MSWiA 2025 per i pozzi di emergenza. Scopri l'offerta Crynoline\u00ae.","breadcrumb":{"@id":"https:\/\/crynoline.pl\/it\/scale-per-rifugi\/#breadcrumb"},"inLanguage":"it-IT","potentialAction":[{"@type":"ReadAction","target":["https:\/\/crynoline.pl\/it\/scale-per-rifugi\/"]}]},{"@type":"ImageObject","inLanguage":"it-IT","@id":"https:\/\/crynoline.pl\/it\/scale-per-rifugi\/#primaryimage","url":"https:\/\/crynoline.pl\/wp-content\/uploads\/2025\/12\/Gemini_Generated_Image_odfn43odfn43odfn-scaled.jpg","contentUrl":"https:\/\/crynoline.pl\/wp-content\/uploads\/2025\/12\/Gemini_Generated_Image_odfn43odfn43odfn-scaled.jpg"},{"@type":"BreadcrumbList","@id":"https:\/\/crynoline.pl\/it\/scale-per-rifugi\/#breadcrumb","itemListElement":[{"@type":"ListItem","position":1,"name":"Strona g\u0142\u00f3wna","item":"https:\/\/crynoline.pl\/it\/"},{"@type":"ListItem","position":2,"name":"Scale per rifugi"}]},{"@type":"WebSite","@id":"https:\/\/crynoline.pl\/it\/#website","url":"https:\/\/crynoline.pl\/it\/","name":"Crynoline","description":"najta\u0144sze drabiny dla Ciebie","publisher":{"@id":"https:\/\/crynoline.pl\/it\/#organization"},"potentialAction":[{"@type":"SearchAction","target":{"@type":"EntryPoint","urlTemplate":"https:\/\/crynoline.pl\/it\/?s={search_term_string}"},"query-input":{"@type":"PropertyValueSpecification","valueRequired":true,"valueName":"search_term_string"}}],"inLanguage":"it-IT"},{"@type":"Organization","@id":"https:\/\/crynoline.pl\/it\/#organization","name":"Crynoline","url":"https:\/\/crynoline.pl\/it\/","logo":{"@type":"ImageObject","inLanguage":"it-IT","@id":"https:\/\/crynoline.pl\/it\/#\/schema\/logo\/image\/","url":"https:\/\/crynoline.pl\/wp-content\/uploads\/2026\/02\/cropped-1202187703261800.piAhYxxW0Y8PsOYz9jlH_height640.png","contentUrl":"https:\/\/crynoline.pl\/wp-content\/uploads\/2026\/02\/cropped-1202187703261800.piAhYxxW0Y8PsOYz9jlH_height640.png","width":480,"height":480,"caption":"Crynoline"},"image":{"@id":"https:\/\/crynoline.pl\/it\/#\/schema\/logo\/image\/"}}]}},"_links":{"self":[{"href":"https:\/\/crynoline.pl\/it\/wp-json\/wp\/v2\/pages\/7222","targetHints":{"allow":["GET"]}}],"collection":[{"href":"https:\/\/crynoline.pl\/it\/wp-json\/wp\/v2\/pages"}],"about":[{"href":"https:\/\/crynoline.pl\/it\/wp-json\/wp\/v2\/types\/page"}],"author":[{"embeddable":true,"href":"https:\/\/crynoline.pl\/it\/wp-json\/wp\/v2\/users\/558"}],"replies":[{"embeddable":true,"href":"https:\/\/crynoline.pl\/it\/wp-json\/wp\/v2\/comments?post=7222"}],"version-history":[{"count":1,"href":"https:\/\/crynoline.pl\/it\/wp-json\/wp\/v2\/pages\/7222\/revisions"}],"predecessor-version":[{"id":7225,"href":"https:\/\/crynoline.pl\/it\/wp-json\/wp\/v2\/pages\/7222\/revisions\/7225"}],"wp:attachment":[{"href":"https:\/\/crynoline.pl\/it\/wp-json\/wp\/v2\/media?parent=7222"}],"curies":[{"name":"wp","href":"https:\/\/api.w.org\/{rel}","templated":true}]}}