 {"id":7242,"date":"2026-02-16T16:55:35","date_gmt":"2026-02-16T16:55:35","guid":{"rendered":"https:\/\/crynoline.pl\/?page_id=7242"},"modified":"2026-02-16T16:55:38","modified_gmt":"2026-02-16T16:55:38","slug":"prieglaudos-kopecios","status":"publish","type":"page","link":"https:\/\/crynoline.pl\/lt\/prieglaudos-kopecios\/","title":{"rendered":"Prieglaudos kop\u0117\u010dios"},"content":{"rendered":"<style>\n<p>    .entry-title, .page-title, .post-title, h1.wp-block-post-title {\n        display: none !important;\n    }<\/p>\n<p>    #content, .site-content, .content-area {\n        padding-top: 0 !important;\n        margin-top: 0 !important;\n    }<\/p>\n<p>    .page-header, #page-header {\n        display: none !important;\n        margin: 0 !important;\n        padding: 0 !important;\n        height: 0 !important;\n    }\n<\/style>\n<div class=\"alignfull\" style=\"  height: 299px; max-height: 299px; width: 100vw; position: relative; left: 50%; right: 50%; margin-left: -50vw; margin-right: -50vw; overflow: hidden; background-color: #000; display: flex; align-items: center; margin-top: -90px; padding: 0; z-index: 10;  \">\n    <img decoding=\"async\" src=\"https:\/\/crynoline.pl\/wp-content\/uploads\/2025\/12\/Gemini_Generated_Image_odfn43odfn43odfn-scaled.jpg\" alt=\"\" style=\"  position: absolute; top: 0; left: 0; width: 100%; height: 100%; object-fit: cover; opacity: 0.4; z-index: 1;  \"><\/p>\n<div style=\"  position: relative; z-index: 2; width: 100%; max-width: 1200px; margin: 0 auto; padding-left: 20px; padding-right: 20px;  \">\n<h1 style=\"  font-family: 'Montserrat', sans-serif; color: #ce171f; text-transform: uppercase; font-weight: 400; font-size: 48px; line-height: 1.2; letter-spacing: 1px; margin: 0; text-align: left;  \">KOP\u0116\u010cIOS PRIEGLAUDOMS, SL\u0116PTUV\u0116MS IR MDS<\/h1>\n<\/p><\/div>\n<\/div>\n<div class=\"wp-block-spacer\" style=\"height: 60px;\" aria-hidden=\"true\"><\/div>\n<h4 class=\"wp-block-heading\"><strong>Kada privalote \u012frengti kop\u0117\u010dias? (J\u016bs\u0173 teisin\u0117s pareigos) <\/strong><\/h4>\n<p>Pagal teis\u0117s aktus, \u012fsigaliojusius 2025 m. liep\u0105 ir lapkrit\u012f, praeinamos evakuacin\u0117s \u0161achtos yra pagrindinis saugumo elementas.<\/p>\n<div class=\"wp-block-columns\" style=\"align-items: stretch; gap: 30px;\">\n<div class=\"wp-block-column\" style=\"display: flex; flex-direction: column;\">\n<p><strong>1. R\u016bsi\u0173 ir gara\u017e\u0173 pritaikymas (MDS)<\/strong><\/p>\n<p>Laikinoms prieglaudos vietoms esamuose pastatuose (pvz., daugiabu\u010diuose), jei i\u0161\u0117jimas yra per avarin\u0119 \u0161acht\u0105, \u012fstatymas reikalauja, kad ji b\u016bt\u0173 nuolat \u012frengta.<\/p>\n<div style=\"background-color: #f9f9f9; border-left: 4px solid #d32f2f; padding: 20px; margin-top: auto; flex-grow: 1; display: flex; align-items: center;\">\n<p style=\"margin: 0; font-size: 14px; color: #333;\">\n                <strong>Teisinis pagrindas:<\/strong> Vidaus reikal\u0173 ir administravimo ministerijos nutarimo (Oficialusis leidinys, poz. 932) 6 str. 5 d. 2 p. a papunktis nurodo, kad \u0161achta turi tur\u0117ti <em>\u201ekop\u0117\u010dias arba laiptelius, tvirtai pritvirtintus prie \u0161achtos konstrukcijos\u201c<\/em>.\n            <\/p>\n<\/p><\/div>\n<\/p><\/div>\n<div class=\"wp-block-column\" style=\"display: flex; flex-direction: column;\">\n<p><strong>2. Naujos sl\u0117ptuv\u0117s ir prieglaudos (iki 300 asmen\u0173)<\/strong><\/p>\n<p>Naujiems projektams taisykl\u0117s leid\u017eia atsisakyti laiptin\u0117s ir vietoj jos naudoti kop\u0117\u010dias atsarginio i\u0161\u0117jimo \u0161achtoje, skirtose zonoms, kuriose telpa iki 300 asmen\u0173.<\/p>\n<div style=\"background-color: #f9f9f9; border-left: 4px solid #d32f2f; padding: 20px; margin-top: auto; flex-grow: 1; display: flex; align-items: center;\">\n<p style=\"margin: 0; font-size: 14px; color: #333;\">\n                <strong>Teisinis pagrindas:<\/strong> Vidaus reikal\u0173 ir administravimo ministerijos nutarimo (Oficialusis leidinys, poz. 1548) 22 str. 5 d. leid\u017eia atsarginio i\u0161\u0117jimo \u0161acht\u0105, \u012frengt\u0105 su <em>\u201ekop\u0117\u010diomis arba laipteliais\u201c<\/em>.\n            <\/p>\n<\/p><\/div>\n<\/p><\/div>\n<\/div>\n<div class=\"wp-block-spacer\" style=\"height: 40px;\" aria-hidden=\"true\"><\/div>\n<h2 class=\"wp-block-heading has-text-align-left\"><strong>Sertifikuotos kop\u0117\u010dios prieglaudoms ir sl\u0117ptuv\u0117ms<\/strong><\/h2>\n<p>U\u017etikriname saug\u0173 ir teis\u0117s aktus atitinkant\u012f pri\u0117jim\u0105 prie evakuacini\u0173 i\u0161\u0117jim\u0173. M\u016bs\u0173 kop\u0117\u010dios gaminamos pagal Apsaugini\u0173 statini\u0173 technini\u0173 s\u0105lyg\u0173 reglamento reikalavimus. Si\u016blome plat\u0173 standartini\u0173 gamini\u0173 asortiment\u0105 ir individualius sprendimus.  <\/p>\n<p>Naujos civilin\u0117s gynybos taisykl\u0117s \u012fpareigoja valdytojus ir investuotojus u\u017etikrinti saugius evakuacinius i\u0161\u0117jimus i\u0161 apsaugini\u0173 objekt\u0173. Si\u016blome sertifikuotas, sistemines <strong>kop\u0117\u010dias prieglaudoms<\/strong>, kurios atitinka grie\u017etus Laikin\u0173 prieglaudos viet\u0173 (MDS) reglamento ir Apsaugini\u0173 statini\u0173 technini\u0173 s\u0105lyg\u0173 reikalavimus. <\/p>\n<div class=\"wp-block-spacer\" style=\"height: 40px;\" aria-hidden=\"true\"><\/div>\n<hr class=\"wp-block-separator aligncenter has-alpha-channel-opacity\">\n<div class=\"wp-block-columns are-vertically-aligned-center\">\n<div class=\"wp-block-column\">\n<h4 class=\"wp-block-heading\"><strong>Kod\u0117l \u201eCrynoline\u00ae\u201c sistemin\u0117s kop\u0117\u010dios?<\/strong><\/h4>\n<p>Pasirink\u0119 \u201eCrynoline\u00ae\u201c sistem\u0105, \u012fgyjate prana\u0161um\u0105 prie\u0161 atskir\u0173 laipteli\u0173 montavim\u0105:<\/p>\n<ul style=\"list-style: none; padding-left: 0; margin-left: 0;\">\n<li style=\"display: flex; align-items: flex-start; margin-bottom: 12px;\">\n                <svg xmlns=\"http:\/\/www.w3.org\/2000\/svg\" width=\"24\" height=\"24\" viewbox=\"0 0 24 24\" fill=\"#bbbbbb\" style=\"min-width: 24px; margin-right: 10px; margin-top: -2px;\"><path d=\"M10 6L8.59 7.41 13.17 12l-4.58 4.59L10 18l6-6z\"\/><\/svg><br \/>\n                <span><strong>\u017daibi\u0161kas montavimas:<\/strong> Paruo\u0161tas, sujungtas elementas vietoj de\u0161im\u010di\u0173 skyli\u0173 gr\u0119\u017eimo laipteliams.<\/span>\n            <\/li>\n<li style=\"display: flex; align-items: flex-start; margin-bottom: 12px;\">\n                <svg xmlns=\"http:\/\/www.w3.org\/2000\/svg\" width=\"24\" height=\"24\" viewbox=\"0 0 24 24\" fill=\"#bbbbbb\" style=\"min-width: 24px; margin-right: 10px; margin-top: -2px;\"><path d=\"M10 6L8.59 7.41 13.17 12l-4.58 4.59L10 18l6-6z\"\/><\/svg><br \/>\n                <span><strong>Techninio pri\u0117mimo patikimumas:<\/strong> Atitinkame \u201etvirto pritvirtinimo\u201c apibr\u0117\u017eim\u0105 ir pateikiame dokumentacij\u0105.<\/span>\n            <\/li>\n<li style=\"display: flex; align-items: flex-start; margin-bottom: 12px;\">\n                <svg xmlns=\"http:\/\/www.w3.org\/2000\/svg\" width=\"24\" height=\"24\" viewbox=\"0 0 24 24\" fill=\"#bbbbbb\" style=\"min-width: 24px; margin-right: 10px; margin-top: -2px;\"><path d=\"M10 6L8.59 7.41 13.17 12l-4.58 4.59L10 18l6-6z\"\/><\/svg><br \/>\n                <span><strong>Evakuacijos saugumas:<\/strong> Tvirtai suimamos \u0161onin\u0117s sijos (\u0161onai) u\u017etikrina patikim\u0105 rankos sukibim\u0105.<\/span>\n            <\/li>\n<li style=\"display: flex; align-items: flex-start; margin-bottom: 12px;\">\n                <svg xmlns=\"http:\/\/www.w3.org\/2000\/svg\" width=\"24\" height=\"24\" viewbox=\"0 0 24 24\" fill=\"#bbbbbb\" style=\"min-width: 24px; margin-right: 10px; margin-top: -2px;\"><path d=\"M10 6L8.59 7.41 13.17 12l-4.58 4.59L10 18l6-6z\"\/><\/svg><br \/>\n                <span><strong>Atsparumas dr\u0117gmei:<\/strong> Aliuminis ir cinkuotas plienas ner\u016bdija dr\u0117gnose \u0161achtose.<\/span>\n            <\/li>\n<\/ul><\/div>\n<div class=\"wp-block-column is-vertically-aligned-center\">\n<figure class=\"wp-block-image size-large\">\n            <img decoding=\"async\" src=\"https:\/\/crynoline.pl\/wp-content\/uploads\/2025\/12\/szybowa-3.jpg\" alt=\"\u201eCrynoline\u201c sistemin\u0117s kop\u0117\u010dios prieglaudoms\" style=\"width: 72%; height: auto; display: block; margin: 0 auto; border-radius: 8px;\"><br \/>\n        <\/figure>\n<\/p><\/div>\n<\/div>\n<div class=\"wp-block-spacer\" style=\"height: 40px;\" aria-hidden=\"true\"><\/div>\n<h4 class=\"wp-block-heading\"><strong>\u201eCrynoline\u00ae\u201c pasi\u016blymas \u2013 Technin\u0117 specifikacija<\/strong><\/h4>\n<p>Pagal nauj\u0105j\u012f reglament\u0105 (22 str. 5 d. 1 p.), minimalus \u0161achtos plotis \u0161viesoje yra <strong>0,9 m<\/strong>. M\u016bs\u0173 kop\u0117\u010dios puikiai tinka \u0161iai erdvei. <\/p>\n<div class=\"wp-block-columns\">\n<div class=\"wp-block-column\">\n<ul style=\"list-style: none; padding-left: 0; margin-left: 0;\">\n<li style=\"display: flex; align-items: flex-start; margin-bottom: 12px;\">\n                <svg xmlns=\"http:\/\/www.w3.org\/2000\/svg\" width=\"24\" height=\"24\" viewbox=\"0 0 24 24\" fill=\"#bbbbbb\" style=\"min-width: 24px; margin-right: 10px; margin-top: -2px;\"><path d=\"M10 6L8.59 7.41 13.17 12l-4.58 4.59L10 18l6-6z\"\/><\/svg><br \/>\n                <span><strong>Panaudojimas:<\/strong> Avarin\u0117s \u0161achtos MDS ir prieglaudose (S\/U).<\/span>\n            <\/li>\n<li style=\"display: flex; align-items: flex-start; margin-bottom: 12px;\">\n                <svg xmlns=\"http:\/\/www.w3.org\/2000\/svg\" width=\"24\" height=\"24\" viewbox=\"0 0 24 24\" fill=\"#bbbbbb\" style=\"min-width: 24px; margin-right: 10px; margin-top: -2px;\"><path d=\"M10 6L8.59 7.41 13.17 12l-4.58 4.59L10 18l6-6z\"\/><\/svg><br \/>\n                <span><strong>Matmenys:<\/strong> Kompakti\u0161ka konstrukcija, neapribojanti \u0161achtos \u0161viesos.<\/span>\n            <\/li>\n<li style=\"display: flex; align-items: flex-start; margin-bottom: 12px;\">\n                <svg xmlns=\"http:\/\/www.w3.org\/2000\/svg\" width=\"24\" height=\"24\" viewbox=\"0 0 24 24\" fill=\"#bbbbbb\" style=\"min-width: 24px; margin-right: 10px; margin-top: -2px;\"><path d=\"M10 6L8.59 7.41 13.17 12l-4.58 4.59L10 18l6-6z\"\/><\/svg><br \/>\n                <span><strong>Med\u017eiaga:<\/strong> Aliuminis, cinkuotas plienas, ner\u016bdijantis plienas (304\/316).<\/span>\n            <\/li>\n<li style=\"display: flex; align-items: flex-start; margin-bottom: 12px;\">\n                <svg xmlns=\"http:\/\/www.w3.org\/2000\/svg\" width=\"24\" height=\"24\" viewbox=\"0 0 24 24\" fill=\"#bbbbbb\" style=\"min-width: 24px; margin-right: 10px; margin-top: -2px;\"><path d=\"M10 6L8.59 7.41 13.17 12l-4.58 4.59L10 18l6-6z\"\/><\/svg><br \/>\n                <span><strong>Pakopos:<\/strong> Riev\u0117tos, neslid\u017eios.<\/span>\n            <\/li>\n<\/ul><\/div>\n<div class=\"wp-block-column\">\n<p><strong>Dokumentacija pri\u0117mimui:<\/strong><br \/>Prie kiekvieno gaminio pridedame Atitikties deklaracij\u0105, Katalogo ir projektavimo kortel\u0119 bei montavimo ir naudojimo instrukcij\u0105.<\/p>\n<\/p><\/div>\n<\/div>\n<div class=\"wp-block-spacer\" style=\"height: 40px;\" aria-hidden=\"true\"><\/div>\n<h4 class=\"wp-block-heading\"><strong>Da\u017enai u\u017eduodami klausimai (DUK)<\/strong><\/h4>\n<p><strong>Ar kop\u0117\u010dios atitinka reikalavimus pagrindiniam \u012f\u0117jimui \u012f ma\u017e\u0105 prieglaud\u0105?<\/strong><br \/>Taip. Ma\u017eoms, priva\u010dioms prieglaudoms (iki 35 m\u00b2 ir 10 asmen\u0173) taisykl\u0117s (15 str. 8 d. 1 p.) leid\u017eia \u012f\u0117jim\u0105 per \u0161acht\u0105 su kop\u0117\u010diomis. <\/p>\n<p><strong>O kaip su laipteliais (\u012f\u0117jimo pakopomis)?<\/strong><br \/>Jie leid\u017eiami, ta\u010diau j\u0173 montavimas yra daug laiko ir l\u0117\u0161\u0173 reikalaujantis (kiekviena pakopa atskirai). Sistemin\u0117s kop\u0117\u010dios yra vienas elementas, greitesnis montavimas ir didesnis saugumas. <\/p>\n<div class=\"wp-block-spacer\" style=\"height: 40px;\" aria-hidden=\"true\"><\/div>\n<hr class=\"wp-block-separator aligncenter has-alpha-channel-opacity\">\n<h2 class=\"wp-block-heading has-text-align-center\">Pasir\u016bpinkite saugumu ir atitikimu teis\u0117s aktams.<br \/>Susisiekite su mumis d\u0117l kop\u0117\u010di\u0173 pasirinkimo.<\/h2>\n<div class=\"wp-block-buttons\" style=\"display: flex; gap: 20px; justify-content: center; flex-wrap: wrap;\">\n<div class=\"wp-block-button\" style=\"text-align: center;\"><a class=\"wp-block-button__link has-text-align-center wp-element-button\" style=\"background-color: #d32f2f; color: #ffffff; border-radius: 5px;\" href=\"https:\/\/crynoline.pl\/kontakt\/\">GREITAS \u012eVERTINIMAS<\/a><\/div>\n<div class=\"wp-block-button\" style=\"text-align: center;\"><a class=\"wp-block-button__link has-text-align-center wp-element-button\" style=\"background-color: #d32f2f; color: #ffffff; border-radius: 5px;\" href=\"https:\/\/crynoline.pl\/katalog\/\">ATSISI\u0172STI KATALOG\u0104<\/a><\/div>\n<\/div>\n","protected":false},"excerpt":{"rendered":"<p>KOP\u0116\u010cIOS PRIEGLAUDOMS, SL\u0116PTUV\u0116MS IR MDS Kada privalote \u012frengti kop\u0117\u010dias? (J\u016bs\u0173 teisin\u0117s pareigos) Pagal teis\u0117s aktus, \u012fsigaliojusius 2025 m. liep\u0105 ir lapkrit\u012f, praeinamos evakuacin\u0117s \u0161achtos yra pagrindinis saugumo elementas. 1. R\u016bsi\u0173 ir gara\u017e\u0173 pritaikymas (MDS) Laikinoms prieglaudos vietoms esamuose pastatuose (pvz., daugiabu\u010diuose), jei i\u0161\u0117jimas yra per avarin\u0119 \u0161acht\u0105, \u012fstatymas reikalauja, kad ji b\u016bt\u0173 nuolat \u012frengta. Teisinis [&hellip;]<\/p>\n","protected":false},"author":558,"featured_media":0,"parent":0,"menu_order":0,"comment_status":"closed","ping_status":"closed","template":"","meta":{"footnotes":""},"class_list":["post-7242","page","type-page","status-publish","hentry"],"yoast_head":"<!-- This site is optimized with the Yoast SEO plugin v27.3 - https:\/\/yoast.com\/product\/yoast-seo-wordpress\/ -->\n<title>Kop\u0117\u010dios prieglaudoms ir MDS \u2013 Teisiniai reikalavimai<\/title>\n<meta name=\"description\" content=\"Sertifikuotos kop\u0117\u010dios prieglaudoms ir MDS. Atitinkame Vidaus reikal\u0173 ir administravimo ministerijos 2025 m. nutarimo reikalavimus avariniams \u0161achtoms. Per\u017ei\u016br\u0117kite \u201eCrynoline\u00ae\u201c pasi\u016blym\u0105.\" \/>\n<meta name=\"robots\" content=\"index, follow, max-snippet:-1, max-image-preview:large, max-video-preview:-1\" \/>\n<link rel=\"canonical\" href=\"https:\/\/crynoline.pl\/lt\/prieglaudos-kopecios\/\" \/>\n<meta property=\"og:locale\" content=\"lt_LT\" \/>\n<meta property=\"og:type\" content=\"article\" \/>\n<meta property=\"og:title\" content=\"Kop\u0117\u010dios prieglaudoms ir MDS \u2013 Teisiniai reikalavimai\" \/>\n<meta property=\"og:description\" content=\"Sertifikuotos kop\u0117\u010dios prieglaudoms ir MDS. Atitinkame Vidaus reikal\u0173 ir administravimo ministerijos 2025 m. nutarimo reikalavimus avariniams \u0161achtoms. Per\u017ei\u016br\u0117kite \u201eCrynoline\u00ae\u201c pasi\u016blym\u0105.\" \/>\n<meta property=\"og:url\" content=\"https:\/\/crynoline.pl\/lt\/prieglaudos-kopecios\/\" \/>\n<meta property=\"og:site_name\" content=\"Crynoline\" \/>\n<meta property=\"article:modified_time\" content=\"2026-02-16T16:55:38+00:00\" \/>\n<meta property=\"og:image\" content=\"https:\/\/crynoline.pl\/wp-content\/uploads\/2025\/12\/Gemini_Generated_Image_odfn43odfn43odfn-scaled.jpg\" \/>\n<meta name=\"twitter:card\" content=\"summary_large_image\" \/>\n<meta name=\"twitter:label1\" content=\"Est. reading time\" \/>\n\t<meta name=\"twitter:data1\" content=\"2 minut\u0117s\" \/>\n<script type=\"application\/ld+json\" class=\"yoast-schema-graph\">{\"@context\":\"https:\\\/\\\/schema.org\",\"@graph\":[{\"@type\":\"WebPage\",\"@id\":\"https:\\\/\\\/crynoline.pl\\\/lt\\\/prieglaudos-kopecios\\\/\",\"url\":\"https:\\\/\\\/crynoline.pl\\\/lt\\\/prieglaudos-kopecios\\\/\",\"name\":\"Kop\u0117\u010dios prieglaudoms ir MDS \u2013 Teisiniai reikalavimai\",\"isPartOf\":{\"@id\":\"https:\\\/\\\/crynoline.pl\\\/lt\\\/#website\"},\"primaryImageOfPage\":{\"@id\":\"https:\\\/\\\/crynoline.pl\\\/lt\\\/prieglaudos-kopecios\\\/#primaryimage\"},\"image\":{\"@id\":\"https:\\\/\\\/crynoline.pl\\\/lt\\\/prieglaudos-kopecios\\\/#primaryimage\"},\"thumbnailUrl\":\"https:\\\/\\\/crynoline.pl\\\/wp-content\\\/uploads\\\/2025\\\/12\\\/Gemini_Generated_Image_odfn43odfn43odfn-scaled.jpg\",\"datePublished\":\"2026-02-16T16:55:35+00:00\",\"dateModified\":\"2026-02-16T16:55:38+00:00\",\"description\":\"Sertifikuotos kop\u0117\u010dios prieglaudoms ir MDS. Atitinkame Vidaus reikal\u0173 ir administravimo ministerijos 2025 m. nutarimo reikalavimus avariniams \u0161achtoms. Per\u017ei\u016br\u0117kite \u201eCrynoline\u00ae\u201c pasi\u016blym\u0105.\",\"breadcrumb\":{\"@id\":\"https:\\\/\\\/crynoline.pl\\\/lt\\\/prieglaudos-kopecios\\\/#breadcrumb\"},\"inLanguage\":\"lt-LT\",\"potentialAction\":[{\"@type\":\"ReadAction\",\"target\":[\"https:\\\/\\\/crynoline.pl\\\/lt\\\/prieglaudos-kopecios\\\/\"]}]},{\"@type\":\"ImageObject\",\"inLanguage\":\"lt-LT\",\"@id\":\"https:\\\/\\\/crynoline.pl\\\/lt\\\/prieglaudos-kopecios\\\/#primaryimage\",\"url\":\"https:\\\/\\\/crynoline.pl\\\/wp-content\\\/uploads\\\/2025\\\/12\\\/Gemini_Generated_Image_odfn43odfn43odfn-scaled.jpg\",\"contentUrl\":\"https:\\\/\\\/crynoline.pl\\\/wp-content\\\/uploads\\\/2025\\\/12\\\/Gemini_Generated_Image_odfn43odfn43odfn-scaled.jpg\"},{\"@type\":\"BreadcrumbList\",\"@id\":\"https:\\\/\\\/crynoline.pl\\\/lt\\\/prieglaudos-kopecios\\\/#breadcrumb\",\"itemListElement\":[{\"@type\":\"ListItem\",\"position\":1,\"name\":\"Strona g\u0142\u00f3wna\",\"item\":\"https:\\\/\\\/crynoline.pl\\\/lt\\\/\"},{\"@type\":\"ListItem\",\"position\":2,\"name\":\"Prieglaudos kop\u0117\u010dios\"}]},{\"@type\":\"WebSite\",\"@id\":\"https:\\\/\\\/crynoline.pl\\\/lt\\\/#website\",\"url\":\"https:\\\/\\\/crynoline.pl\\\/lt\\\/\",\"name\":\"Crynoline\",\"description\":\"najta\u0144sze drabiny dla Ciebie\",\"publisher\":{\"@id\":\"https:\\\/\\\/crynoline.pl\\\/lt\\\/#organization\"},\"potentialAction\":[{\"@type\":\"SearchAction\",\"target\":{\"@type\":\"EntryPoint\",\"urlTemplate\":\"https:\\\/\\\/crynoline.pl\\\/lt\\\/?s={search_term_string}\"},\"query-input\":{\"@type\":\"PropertyValueSpecification\",\"valueRequired\":true,\"valueName\":\"search_term_string\"}}],\"inLanguage\":\"lt-LT\"},{\"@type\":\"Organization\",\"@id\":\"https:\\\/\\\/crynoline.pl\\\/lt\\\/#organization\",\"name\":\"Crynoline\",\"url\":\"https:\\\/\\\/crynoline.pl\\\/lt\\\/\",\"logo\":{\"@type\":\"ImageObject\",\"inLanguage\":\"lt-LT\",\"@id\":\"https:\\\/\\\/crynoline.pl\\\/lt\\\/#\\\/schema\\\/logo\\\/image\\\/\",\"url\":\"https:\\\/\\\/crynoline.pl\\\/wp-content\\\/uploads\\\/2026\\\/02\\\/cropped-1202187703261800.piAhYxxW0Y8PsOYz9jlH_height640.png\",\"contentUrl\":\"https:\\\/\\\/crynoline.pl\\\/wp-content\\\/uploads\\\/2026\\\/02\\\/cropped-1202187703261800.piAhYxxW0Y8PsOYz9jlH_height640.png\",\"width\":480,\"height\":480,\"caption\":\"Crynoline\"},\"image\":{\"@id\":\"https:\\\/\\\/crynoline.pl\\\/lt\\\/#\\\/schema\\\/logo\\\/image\\\/\"}}]}<\/script>\n<!-- \/ Yoast SEO plugin. -->","yoast_head_json":{"title":"Kop\u0117\u010dios prieglaudoms ir MDS \u2013 Teisiniai reikalavimai","description":"Sertifikuotos kop\u0117\u010dios prieglaudoms ir MDS. Atitinkame Vidaus reikal\u0173 ir administravimo ministerijos 2025 m. nutarimo reikalavimus avariniams \u0161achtoms. Per\u017ei\u016br\u0117kite \u201eCrynoline\u00ae\u201c pasi\u016blym\u0105.","robots":{"index":"index","follow":"follow","max-snippet":"max-snippet:-1","max-image-preview":"max-image-preview:large","max-video-preview":"max-video-preview:-1"},"canonical":"https:\/\/crynoline.pl\/lt\/prieglaudos-kopecios\/","og_locale":"lt_LT","og_type":"article","og_title":"Kop\u0117\u010dios prieglaudoms ir MDS \u2013 Teisiniai reikalavimai","og_description":"Sertifikuotos kop\u0117\u010dios prieglaudoms ir MDS. Atitinkame Vidaus reikal\u0173 ir administravimo ministerijos 2025 m. nutarimo reikalavimus avariniams \u0161achtoms. Per\u017ei\u016br\u0117kite \u201eCrynoline\u00ae\u201c pasi\u016blym\u0105.","og_url":"https:\/\/crynoline.pl\/lt\/prieglaudos-kopecios\/","og_site_name":"Crynoline","article_modified_time":"2026-02-16T16:55:38+00:00","og_image":[{"url":"https:\/\/crynoline.pl\/wp-content\/uploads\/2025\/12\/Gemini_Generated_Image_odfn43odfn43odfn-scaled.jpg","type":"","width":"","height":""}],"twitter_card":"summary_large_image","twitter_misc":{"Est. reading time":"2 minut\u0117s"},"schema":{"@context":"https:\/\/schema.org","@graph":[{"@type":"WebPage","@id":"https:\/\/crynoline.pl\/lt\/prieglaudos-kopecios\/","url":"https:\/\/crynoline.pl\/lt\/prieglaudos-kopecios\/","name":"Kop\u0117\u010dios prieglaudoms ir MDS \u2013 Teisiniai reikalavimai","isPartOf":{"@id":"https:\/\/crynoline.pl\/lt\/#website"},"primaryImageOfPage":{"@id":"https:\/\/crynoline.pl\/lt\/prieglaudos-kopecios\/#primaryimage"},"image":{"@id":"https:\/\/crynoline.pl\/lt\/prieglaudos-kopecios\/#primaryimage"},"thumbnailUrl":"https:\/\/crynoline.pl\/wp-content\/uploads\/2025\/12\/Gemini_Generated_Image_odfn43odfn43odfn-scaled.jpg","datePublished":"2026-02-16T16:55:35+00:00","dateModified":"2026-02-16T16:55:38+00:00","description":"Sertifikuotos kop\u0117\u010dios prieglaudoms ir MDS. Atitinkame Vidaus reikal\u0173 ir administravimo ministerijos 2025 m. nutarimo reikalavimus avariniams \u0161achtoms. Per\u017ei\u016br\u0117kite \u201eCrynoline\u00ae\u201c pasi\u016blym\u0105.","breadcrumb":{"@id":"https:\/\/crynoline.pl\/lt\/prieglaudos-kopecios\/#breadcrumb"},"inLanguage":"lt-LT","potentialAction":[{"@type":"ReadAction","target":["https:\/\/crynoline.pl\/lt\/prieglaudos-kopecios\/"]}]},{"@type":"ImageObject","inLanguage":"lt-LT","@id":"https:\/\/crynoline.pl\/lt\/prieglaudos-kopecios\/#primaryimage","url":"https:\/\/crynoline.pl\/wp-content\/uploads\/2025\/12\/Gemini_Generated_Image_odfn43odfn43odfn-scaled.jpg","contentUrl":"https:\/\/crynoline.pl\/wp-content\/uploads\/2025\/12\/Gemini_Generated_Image_odfn43odfn43odfn-scaled.jpg"},{"@type":"BreadcrumbList","@id":"https:\/\/crynoline.pl\/lt\/prieglaudos-kopecios\/#breadcrumb","itemListElement":[{"@type":"ListItem","position":1,"name":"Strona g\u0142\u00f3wna","item":"https:\/\/crynoline.pl\/lt\/"},{"@type":"ListItem","position":2,"name":"Prieglaudos kop\u0117\u010dios"}]},{"@type":"WebSite","@id":"https:\/\/crynoline.pl\/lt\/#website","url":"https:\/\/crynoline.pl\/lt\/","name":"Crynoline","description":"najta\u0144sze drabiny dla Ciebie","publisher":{"@id":"https:\/\/crynoline.pl\/lt\/#organization"},"potentialAction":[{"@type":"SearchAction","target":{"@type":"EntryPoint","urlTemplate":"https:\/\/crynoline.pl\/lt\/?s={search_term_string}"},"query-input":{"@type":"PropertyValueSpecification","valueRequired":true,"valueName":"search_term_string"}}],"inLanguage":"lt-LT"},{"@type":"Organization","@id":"https:\/\/crynoline.pl\/lt\/#organization","name":"Crynoline","url":"https:\/\/crynoline.pl\/lt\/","logo":{"@type":"ImageObject","inLanguage":"lt-LT","@id":"https:\/\/crynoline.pl\/lt\/#\/schema\/logo\/image\/","url":"https:\/\/crynoline.pl\/wp-content\/uploads\/2026\/02\/cropped-1202187703261800.piAhYxxW0Y8PsOYz9jlH_height640.png","contentUrl":"https:\/\/crynoline.pl\/wp-content\/uploads\/2026\/02\/cropped-1202187703261800.piAhYxxW0Y8PsOYz9jlH_height640.png","width":480,"height":480,"caption":"Crynoline"},"image":{"@id":"https:\/\/crynoline.pl\/lt\/#\/schema\/logo\/image\/"}}]}},"_links":{"self":[{"href":"https:\/\/crynoline.pl\/lt\/wp-json\/wp\/v2\/pages\/7242","targetHints":{"allow":["GET"]}}],"collection":[{"href":"https:\/\/crynoline.pl\/lt\/wp-json\/wp\/v2\/pages"}],"about":[{"href":"https:\/\/crynoline.pl\/lt\/wp-json\/wp\/v2\/types\/page"}],"author":[{"embeddable":true,"href":"https:\/\/crynoline.pl\/lt\/wp-json\/wp\/v2\/users\/558"}],"replies":[{"embeddable":true,"href":"https:\/\/crynoline.pl\/lt\/wp-json\/wp\/v2\/comments?post=7242"}],"version-history":[{"count":1,"href":"https:\/\/crynoline.pl\/lt\/wp-json\/wp\/v2\/pages\/7242\/revisions"}],"predecessor-version":[{"id":7245,"href":"https:\/\/crynoline.pl\/lt\/wp-json\/wp\/v2\/pages\/7242\/revisions\/7245"}],"wp:attachment":[{"href":"https:\/\/crynoline.pl\/lt\/wp-json\/wp\/v2\/media?parent=7242"}],"curies":[{"name":"wp","href":"https:\/\/api.w.org\/{rel}","templated":true}]}}